{"id":7210,"date":"2011-07-14T19:47:05","date_gmt":"2011-07-14T19:47:05","guid":{"rendered":"https:\/\/clinicadentariajardimdosarcos.pt\/contactar-clinica-dentaria-jardim-dos-arcos\/"},"modified":"2019-07-02T12:52:55","modified_gmt":"2019-07-02T11:52:55","slug":"contact-us-clinica-dentaria-jardim-dos-arcos","status":"publish","type":"page","link":"https:\/\/clinicadentariajardimdosarcos.pt\/en\/contact-us-clinica-dentaria-jardim-dos-arcos\/","title":{"rendered":"Contact Us"},"content":{"rendered":"<div id=\"pl-7210\"  class=\"panel-layout\" ><div id=\"pg-7210-0\"  class=\"panel-grid panel-no-style\" ><div id=\"pgc-7210-0-0\"  class=\"panel-grid-cell\" ><div id=\"panel-7210-0-0-0\" class=\"so-panel widget widget_sow-editor panel-first-child panel-last-child\" data-index=\"0\" ><div\n\t\t\t\n\t\t\tclass=\"so-widget-sow-editor so-widget-sow-editor-base\"\n\t\t\t\n\t\t>\n<div class=\"siteorigin-widget-tinymce textwidget\">\n\t<p><iframe style=\"border: 0;\" data-src=\"https:\/\/www.google.com\/maps\/embed?pb=!1m0!3m2!1ses!2ses!4v1438989560791!6m8!1m7!1shnuPAjiTZUCTtiWlyabGNQ!2m2!1d38.695931!2d-9.301932!3f267!4f0!5f0.7820865974627469\" width=\"100%\" height=\"300\" frameborder=\"0\" allowfullscreen=\"allowfullscreen\" src=\"data:image\/svg+xml;base64,PHN2ZyB3aWR0aD0iMSIgaGVpZ2h0PSIxIiB4bWxucz0iaHR0cDovL3d3dy53My5vcmcvMjAwMC9zdmciPjwvc3ZnPg==\" data-load-mode=\"1\"><span data-mce-type=\"bookmark\" style=\"display: inline-block; width: 0px; overflow: hidden; line-height: 0;\" class=\"mce_SELRES_start lazyload\">\ufeff<\/span><\/iframe><\/p>\n<\/div>\n<\/div><\/div><\/div><\/div><div id=\"pg-7210-1\"  class=\"panel-grid panel-no-style\" ><div id=\"pgc-7210-1-0\"  class=\"panel-grid-cell\" ><div id=\"panel-7210-1-0-0\" class=\"so-panel widget widget_sow-editor panel-first-child panel-last-child\" data-index=\"1\" ><div\n\t\t\t\n\t\t\tclass=\"so-widget-sow-editor so-widget-sow-editor-base\"\n\t\t\t\n\t\t>\n<div class=\"siteorigin-widget-tinymce textwidget\">\n\t<p>Urbaniza\u00e7\u00e3o Jardim dos Arcos<br \/>\nR. Recife, 9B<br \/>\n2780-034 Oeiras<br \/>\nPortugal<br \/>\nTelephone: (+351) 214 413 039<\/p>\n<\/div>\n<\/div><\/div><\/div><div id=\"pgc-7210-1-1\"  class=\"panel-grid-cell\" ><div id=\"panel-7210-1-1-0\" class=\"so-panel widget widget_sow-editor panel-first-child panel-last-child\" data-index=\"2\" ><div\n\t\t\t\n\t\t\tclass=\"so-widget-sow-editor so-widget-sow-editor-base\"\n\t\t\t\n\t\t>\n<div class=\"siteorigin-widget-tinymce textwidget\">\n\t<h4>Located in Pa\u00e7o de Arcos, next to Poetas Garden, Oeiras, Lisbon, we have a team of highly qualified professionals to take care of your family's oral health.<\/h4>\n<\/div>\n<\/div><\/div><\/div><\/div><div id=\"pg-7210-2\"  class=\"panel-grid panel-has-style\" ><div class=\"panel-row-style panel-row-style-for-7210-2\" ><div id=\"pgc-7210-2-0\"  class=\"panel-grid-cell\" ><div id=\"panel-7210-2-0-0\" class=\"so-panel widget widget_sow-editor panel-first-child panel-last-child\" data-index=\"3\" ><div\n\t\t\t\n\t\t\tclass=\"so-widget-sow-editor so-widget-sow-editor-base\"\n\t\t\t\n\t\t>\n<div class=\"siteorigin-widget-tinymce textwidget\">\n\t<h3>CAR<\/h3>\n<h4><strong>From Lisbon<\/strong><\/h4>\n<ul>\n<li>Take the A5<\/li>\n<li>Go past the National Stadium<\/li>\n<li>Go past the Galp Pumps and get off at the second exit (exit 7) in the direction of Pa\u00e7o De Arcos \/ Oeiras<\/li>\n<li>Go past the tolls and go towards to Oeiras<\/li>\n<li>At the Oeiras Parque roundabout, take the third exit for Pa\u00e7o d'Arcos<\/li>\n<li>Turn left towards Oeiras,<\/li>\n<li>Keep going straight on until you come to a small roundabout at Oliveira<\/li>\n<li>Go straight on at the roundabout (take the second exit)<\/li>\n<li>Turn left for Urbaniza\u00e7\u00e3o Jardim dos Arcos<\/li>\n<li>Turn right at the end, go around the car park and at the end, turn left <\/li>\n<li>Park on the right-hand side of the road (parking is forbidden on the left-hand side).<\/li>\n<li>Jardim Dos Arcos Dental Clinic is located at the end of the street, before BPI<\/li>\n<\/ul>\n<h4>\u00a0<strong>From Cascais<\/strong><\/h4>\n<ul>\n<li>Take the A5<\/li>\n<li>Go past the S\u00e3o Domingos de Rana tolls<\/li>\n<li>Take the first exit (exit 7) for Pa\u00e7o d'Arcos \/ Oeiras<\/li>\n<li>Keep right for Oeiras<\/li>\n<li>At the Oeiras Parque roundabout, take the third exit for Pa\u00e7o d'Arcos<\/li>\n<li>Turn left towards Oeiras,<\/li>\n<li>Keep going straight on until you come to a small roundabout at Oliveira<\/li>\n<li>Go straight on at the roundabout (take the second exit)<\/li>\n<li>Turn left for Urbaniza\u00e7\u00e3o Jardim dos Arcos<\/li>\n<li>Turn right at the end, go around the car park and at the end, turn left .<\/li>\n<li>Park on the right-hand side of the road (parking is forbidden on the left-hand side).<\/li>\n<li>Jardim Dos Arcos Dental Clinic is located at the end of the street, before BPI<\/li>\n<\/ul>\n<h4>\u00a0<strong>From Pa\u00e7o de Arcos<\/strong><\/h4>\n<ul>\n<li>At the J. Pimenta roundabout, next to the BP, follow the signs for Oeiras via the Viaduct<\/li>\n<li>At the first set of traffic lights, go straight on.<\/li>\n<li>At the second set of traffic lights, turn right.<\/li>\n<li>Go past the PSP from Oeiras and turn right for Urbaniza\u00e7\u00e3o Jardim dos Arcos<\/li>\n<li>Turn right at the end, go around the car park and at the end, turn right.<\/li>\n<li>Jardim Dos Arcos Dental Clinic is located at the end of the street, before BPI<\/li>\n<\/ul>\n<h4><strong>From Oeiras<\/strong><\/h4>\n<ul>\n<li>Take the C\u00e2ndido dos Reis road connecting Oeiras to Pa\u00e7o d\u2019Arcos<\/li>\n<li>Turn at the petrol pump on the left<\/li>\n<li>Pass the CMO workshops and keep right to avoid going over the viaduct<\/li>\n<li>Follow the signs for Oeiras (go under the viaduct, at the site of the old train gates).<\/li>\n<li>At the first set of traffic lights, turn left towards Oeiras and take the right<\/li>\n<li>At the second set of traffic lights, turn right.<\/li>\n<li>Pass the PSP of Oeiras and take the first right towards Urbaniza\u00e7\u00e3o Jardim dos Arcos<\/li>\n<li>Turn right at once, drive around the car park and at the end, turn left.<\/li>\n<li>Park on the right-hand side of the road (parking is forbidden on the left-hand side).<\/li>\n<li>Jardim Dos Arcos Dental Clinic is located at the end of the street, before BPI<\/li>\n<\/ul>\n<\/div>\n<\/div><\/div><\/div><div id=\"pgc-7210-2-1\"  class=\"panel-grid-cell\" ><div id=\"panel-7210-2-1-0\" class=\"so-panel widget widget_sow-editor panel-first-child panel-last-child\" data-index=\"4\" ><div\n\t\t\t\n\t\t\tclass=\"so-widget-sow-editor so-widget-sow-editor-base\"\n\t\t\t\n\t\t>\n<div class=\"siteorigin-widget-tinymce textwidget\">\n\t<h4>\u00a0<strong>From Tagus-Park<\/strong><\/h4>\n<ul>\n<li>Take the highway to Oeiras (N 249-3)<\/li>\n<li>At the Porto rotunda - Except pass under the viaduct of the A5<\/li>\n<li>At the roundabout of Quinta da Fonte (Holmes Place), take the second exit, in the direction of Oeiras<\/li>\n<li>At the Oeiras Parque roundabout take the thirdrd exit, in the direction of Pa\u00e7o d'Arcos<\/li>\n<li>Turn to the left, in the direction of Oeiras,<\/li>\n<li>Keep going straight until you find a small roundabout at Oliveira<\/li>\n<li>Go straight on at the roundabout (second exit)<\/li>\n<li>Turn to the left towards the Urbanization Jardim dos Arcos<\/li>\n<li>Turn right at the end, around the parking lot and at the end turn to left.<\/li>\n<li>Park on the right side (parking on the left side is forbidden).<\/li>\n<li>Jardim Dos Arcos Dental Clinic is located at the end of the street, before BPI<\/li>\n<\/ul>\n<h4><strong>From Lagoas Parque<\/strong><\/h4>\n<ul>\n<li>Follow S\u00e9rgio Vieira de Mello Rotunda next to the Holiday - Inn <\/li>\n<li>Go out at the second exit, in the direction of Pa\u00e7o d'Arcos<\/li>\n<li>In the roundabout next to the viaduct of the A5, go under the viaduct of the A5<\/li>\n<li>At the roundabout of Quinta da Fonte (Holmes Place), take the second exit in the direction of Oeiras<\/li>\n<li>At the Oeiras Parque roundabout take the third exit, in the direction of Pa\u00e7o d'Arcos<\/li>\n<li>Turn to the left in the direction of Oeiras<\/li>\n<li>Keep going straight until you find a small roundabout at Oliveira<\/li>\n<li>Go straight on at the roundabout (second exit)<\/li>\n<li>Turn to the left towards the Urbaniza\u00e7\u00e3o Jardim dos Arcos<\/li>\n<li>Turn right at the end, around the parking lot and at the end turn to left.<\/li>\n<li>Park on the right side (Parking on the left side is forbidden).<\/li>\n<li>Jardim Dos Arcos Dental Clinic is located at the end of the street, before BPI<\/li>\n<\/ul>\n<p><strong>From IC 19<\/strong><\/p>\n<ul>\n<li>Once on IC19, take the exit Pa\u00e7o d'Arcos, Oeiras, Tagus Park<\/li>\n<li>Take the highway to Oeiras (N 249-3)<\/li>\n<li>At the Porto rotunda - Except pass under the viaduct of the A5<\/li>\n<li>At the roundabout of Quinta da Fonte (Holmes Place), take the second exit in the direction of Oeiras<\/li>\n<li>At the Oeiras Parque roundabout take the 3rd exit, direction Pa\u00e7o d'Arcos<\/li>\n<li>Turn to the left in the direction of Oeiras,<\/li>\n<li>Keep going straight until you find a small roundabout with Oliveira<\/li>\n<li>Go straight on at the roundabout (2nd exit)<\/li>\n<li>Turn to the left towards the Urbaniza\u00e7\u00e3o Jardim dos Arcos<\/li>\n<li>Turn right at the end, around the parking lot and at the end turn to left.<\/li>\n<li>Park on the right side (parking on the left side is forbidden).<\/li>\n<li>Jardim Dos Arcos Dental Clinic is located at the end of the street, before BPI<\/li>\n<\/ul>\n<\/div>\n<\/div><\/div><\/div><div id=\"pgc-7210-2-2\"  class=\"panel-grid-cell\" ><div id=\"panel-7210-2-2-0\" class=\"so-panel widget widget_sow-editor panel-first-child panel-last-child\" data-index=\"5\" ><div class=\"panel-widget-style panel-widget-style-for-7210-2-2-0\" ><div\n\t\t\t\n\t\t\tclass=\"so-widget-sow-editor so-widget-sow-editor-base\"\n\t\t\t\n\t\t>\n<div class=\"siteorigin-widget-tinymce textwidget\">\n\t<h3>PUBLIC TRANSPORT<\/h3>\n<h4><strong>From Linha de Cascais<\/strong><\/h4>\n<ul>\n<li>Take the train from Cascais to Oeiras<\/li>\n<li>When going down the ramp of the platform turn to the left side<\/li>\n<li>Take bus 471 \u201cScott Urb\u201d<\/li>\n<li>Get off at the stop next to Oeiras PSP (6th stop)<\/li>\n<\/ul>\n<h4><strong>From Pa\u00e7o de Arcos<\/strong><\/h4>\n<ul>\n<li>Take bus 111 to the \"Queques da Linha\" pastry shop (top of the Pa\u00e7o d'Arcos station)<\/li>\n<li>Get off at the stop just after the new entrances of the park of the poets (7th stop)<\/li>\n<li>Go downstairs in front of the bus stop, go past the first and second praceta and the clinic is at the bottom of the street next to BPI and next to PSP Oeiras<\/li>\n<\/ul>\n<h4><strong>From Oeiras<\/strong><\/h4>\n<ul>\n<li>Take bus 471 \"Scott Urb\" (leaving from Oeiras station, passing by CMO, R. C\u00e2ndido dos Reis, District Dr. Augusto Castro)<\/li>\n<li>Get off at the stop next to Oeiras PSP (6th stop)<\/li>\n<\/ul>\n<h4><strong>From Cac\u00e9m, S\u00e3o Marcos ou Porto Salvo<\/strong><\/h4>\n<ul>\n<li>Take bus 112 (approx every 20 minutes)<\/li>\n<li>Get off at the stop after the Cemetery of Oeiras \/ Pa\u00e7o d'Arcos<\/li>\n<li>Follow the indications of PSP Oeiras<\/li>\n<\/ul>\n<h4><strong>From Carnaxide, Linda-a-Velha<\/strong><\/h4>\n<ul>\n<li>Take bus number 1 or 2 to Alg\u00e9s<\/li>\n<li>Take the train from Cascais to Oeiras<\/li>\n<li>When going down the ramp of the platform turn to the left side<\/li>\n<li>Take the bus 471<\/li>\n<li>Get off at the stop next to Oeiras PSP (6th stop)<\/li>\n<\/ul>\n<\/div>\n<\/div><\/div><\/div><\/div><\/div><\/div><div id=\"pg-7210-3\"  class=\"panel-grid panel-has-style\" ><div class=\"siteorigin-panels-stretch panel-row-style panel-row-style-for-7210-3\" data-stretch-type=\"full-stretched\" ><div id=\"pgc-7210-3-0\"  class=\"panel-grid-cell\" ><div id=\"panel-7210-3-0-0\" class=\"so-panel widget widget_sow-hero panel-first-child panel-last-child\" data-index=\"6\" ><div\n\t\t\t\n\t\t\tclass=\"so-widget-sow-hero so-widget-sow-hero-default-b729c64cd3b0-7210\"\n\t\t\t\n\t\t>\t\t\t\t<div class=\"sow-slider-base\" style=\"display: none\" tabindex=\"0\">\n\t\t\t\t\t<ul\n\t\t\t\t\tclass=\"sow-slider-images\"\n\t\t\t\t\tdata-settings=\"{&quot;pagination&quot;:true,&quot;speed&quot;:800,&quot;timeout&quot;:8000,&quot;paused&quot;:false,&quot;pause_on_hover&quot;:false,&quot;swipe&quot;:false,&quot;nav_always_show_desktop&quot;:&quot;&quot;,&quot;nav_always_show_mobile&quot;:&quot;&quot;,&quot;breakpoint&quot;:&quot;780px&quot;,&quot;unmute&quot;:false,&quot;anchor&quot;:null}\"\n\t\t\t\t\t\t\t\t\t\tdata-anchor-id=\"\"\n\t\t\t\t>\t\t<li class=\"sow-slider-image  sow-slider-image-cover\" style=\"visibility: visible;;background-color: #333333\" >\n\t\t\t\t\t<div class=\"sow-slider-image-container\">\n\t\t\t<div class=\"sow-slider-image-wrapper\">\n\t\t\t\t<h1 style=\"text-align: center\">CONTACT US<\/h1>\t\t\t<\/div>\n\t\t<\/div>\n\t\t<div class=\"sow-slider-image-overlay sow-slider-image-cover lazyload\" style=\"opacity: 0.5;background-image:inherit\"   data-bg-image=\"url(https:\/\/clinicadentariajardimdosarcos.pt\/wp-content\/uploads\/2013\/10\/service-3-300x2251.jpg)\"><\/div>\t\t<\/li>\n\t\t<\/ul>\t\t\t\t<ol class=\"sow-slider-pagination\">\n\t\t\t\t\t\t\t\t\t\t\t<li><a href=\"#\" data-goto=\"0\" aria-label=\"Display slide 1\"><\/a><\/li>\n\t\t\t\t\t\t\t\t\t<\/ol>\n\n\t\t\t\t<div class=\"sow-slide-nav sow-slide-nav-next\">\n\t\t\t\t\t<a href=\"#\" data-goto=\"next\" aria-label=\"Next slide\" data-action=\"next\">\n\t\t\t\t\t\t<em class=\"sow-sld-icon-thin-right\"><\/em>\n\t\t\t\t\t<\/a>\n\t\t\t\t<\/div>\n\n\t\t\t\t<div class=\"sow-slide-nav sow-slide-nav-prev\">\n\t\t\t\t\t<a href=\"#\" data-goto=\"previous\" aria-label=\"Previous slide\" data-action=\"prev\">\n\t\t\t\t\t\t<em class=\"sow-sld-icon-thin-left\"><\/em>\n\t\t\t\t\t<\/a>\n\t\t\t\t<\/div>\n\t\t\t\t<\/div><\/div><\/div><\/div><\/div><\/div><\/div>","protected":false},"excerpt":{"rendered":"<p>\ufeff Urbaniza\u00e7\u00e3o Jardim dos Arcos R. Recife, 9B 2780-034 Oeiras Portugal Telephone: (+351) 214 413 039 Located in Pa\u00e7o de Arcos, next to Poetas Garden, Oeiras, Lisbon, we have a team of highly qualified professionals to take care of your family&#8217;s oral health.<\/p>\n","protected":false},"author":2,"featured_media":0,"parent":0,"menu_order":6,"comment_status":"closed","ping_status":"closed","template":"","meta":{"site-sidebar-layout":"no-sidebar","site-content-layout":"boxed-container","ast-site-content-layout":"default","site-content-style":"default","site-sidebar-style":"default","ast-global-header-display":"","ast-banner-title-visibility":"","ast-main-header-display":"","ast-hfb-above-header-display":"","ast-hfb-below-header-display":"","ast-hfb-mobile-header-display":"","site-post-title":"","ast-breadcrumbs-content":"","ast-featured-img":"","footer-sml-layout":"","ast-disable-related-posts":"","theme-transparent-header-meta":"default","adv-header-id-meta":"","stick-header-meta":"","header-above-stick-meta":"","header-main-stick-meta":"","header-below-stick-meta":"","astra-migrate-meta-layouts":"default","ast-page-background-enabled":"default","ast-page-background-meta":{"desktop":{"background-color":"","background-image":"","background-repeat":"repeat","background-position":"center center","background-size":"auto","background-attachment":"scroll","background-type":"","background-media":"","overlay-type":"","overlay-color":"","overlay-opacity":"","overlay-gradient":""},"tablet":{"background-color":"","background-image":"","background-repeat":"repeat","background-position":"center center","background-size":"auto","background-attachment":"scroll","background-type":"","background-media":"","overlay-type":"","overlay-color":"","overlay-opacity":"","overlay-gradient":""},"mobile":{"background-color":"","background-image":"","background-repeat":"repeat","background-position":"center center","background-size":"auto","background-attachment":"scroll","background-type":"","background-media":"","overlay-type":"","overlay-color":"","overlay-opacity":"","overlay-gradient":""}},"ast-content-background-meta":{"desktop":{"background-color":"var(--ast-global-color-5)","background-image":"","background-repeat":"repeat","background-position":"center center","background-size":"auto","background-attachment":"scroll","background-type":"","background-media":"","overlay-type":"","overlay-color":"","overlay-opacity":"","overlay-gradient":""},"tablet":{"background-color":"var(--ast-global-color-5)","background-image":"","background-repeat":"repeat","background-position":"center center","background-size":"auto","background-attachment":"scroll","background-type":"","background-media":"","overlay-type":"","overlay-color":"","overlay-opacity":"","overlay-gradient":""},"mobile":{"background-color":"var(--ast-global-color-5)","background-image":"","background-repeat":"repeat","background-position":"center center","background-size":"auto","background-attachment":"scroll","background-type":"","background-media":"","overlay-type":"","overlay-color":"","overlay-opacity":"","overlay-gradient":""}},"footnotes":""},"class_list":["post-7210","page","type-page","status-publish","hentry"],"yoast_head":"<!-- This site is optimized with the Yoast SEO plugin v27.3 - https:\/\/yoast.com\/product\/yoast-seo-wordpress\/ -->\n<title>Contact Cl\u00ednica Dent\u00e1ria Jardim dos Arcos<\/title>\n<meta name=\"description\" content=\"To contact Dental Clinic Jardim dos Arcos, in Pa\u00e7o de Arcos, next to Jardim dos Poetas, Oeiras, Lisbon, call us: (+351) 214 413 039.\" \/>\n<meta name=\"robots\" content=\"index, follow, max-snippet:-1, max-image-preview:large, max-video-preview:-1\" \/>\n<link rel=\"canonical\" href=\"https:\/\/clinicadentariajardimdosarcos.pt\/en\/contact-us-clinica-dentaria-jardim-dos-arcos\/\" \/>\n<meta property=\"og:locale\" content=\"en_US\" \/>\n<meta property=\"og:type\" content=\"article\" \/>\n<meta property=\"og:title\" content=\"Contact Cl\u00ednica Dent\u00e1ria Jardim dos Arcos\" \/>\n<meta property=\"og:description\" content=\"To contact Dental Clinic Jardim dos Arcos, in Pa\u00e7o de Arcos, next to Jardim dos Poetas, Oeiras, Lisbon, call us: (+351) 214 413 039.\" \/>\n<meta property=\"og:url\" content=\"https:\/\/clinicadentariajardimdosarcos.pt\/en\/contact-us-clinica-dentaria-jardim-dos-arcos\/\" \/>\n<meta property=\"og:site_name\" content=\"Cl\u00ednica Dent\u00e1ria Jardim dos Arcos\" \/>\n<meta property=\"article:modified_time\" content=\"2019-07-02T11:52:55+00:00\" \/>\n<meta name=\"twitter:card\" content=\"summary_large_image\" \/>\n<meta name=\"twitter:label1\" content=\"Est. reading time\" \/>\n\t<meta name=\"twitter:data1\" content=\"6 minutes\" \/>\n<script type=\"application\/ld+json\" class=\"yoast-schema-graph\">{\"@context\":\"https:\\\/\\\/schema.org\",\"@graph\":[{\"@type\":\"WebPage\",\"@id\":\"https:\\\/\\\/clinicadentariajardimdosarcos.pt\\\/en\\\/contact-us-clinica-dentaria-jardim-dos-arcos\\\/\",\"url\":\"https:\\\/\\\/clinicadentariajardimdosarcos.pt\\\/en\\\/contact-us-clinica-dentaria-jardim-dos-arcos\\\/\",\"name\":\"Contact Cl\u00ednica Dent\u00e1ria Jardim dos Arcos\",\"isPartOf\":{\"@id\":\"https:\\\/\\\/clinicadentariajardimdosarcos.pt\\\/en\\\/#website\"},\"datePublished\":\"2011-07-14T19:47:05+00:00\",\"dateModified\":\"2019-07-02T11:52:55+00:00\",\"description\":\"To contact Dental Clinic Jardim dos Arcos, in Pa\u00e7o de Arcos, next to Jardim dos Poetas, Oeiras, Lisbon, call us: (+351) 214 413 039.\",\"breadcrumb\":{\"@id\":\"https:\\\/\\\/clinicadentariajardimdosarcos.pt\\\/en\\\/contact-us-clinica-dentaria-jardim-dos-arcos\\\/#breadcrumb\"},\"inLanguage\":\"en-US\",\"potentialAction\":[{\"@type\":\"ReadAction\",\"target\":[\"https:\\\/\\\/clinicadentariajardimdosarcos.pt\\\/en\\\/contact-us-clinica-dentaria-jardim-dos-arcos\\\/\"]}]},{\"@type\":\"BreadcrumbList\",\"@id\":\"https:\\\/\\\/clinicadentariajardimdosarcos.pt\\\/en\\\/contact-us-clinica-dentaria-jardim-dos-arcos\\\/#breadcrumb\",\"itemListElement\":[{\"@type\":\"ListItem\",\"position\":1,\"name\":\"In\u00edcio\",\"item\":\"https:\\\/\\\/clinicadentariajardimdosarcos.pt\\\/en\\\/\"},{\"@type\":\"ListItem\",\"position\":2,\"name\":\"Contact Us\"}]},{\"@type\":\"WebSite\",\"@id\":\"https:\\\/\\\/clinicadentariajardimdosarcos.pt\\\/en\\\/#website\",\"url\":\"https:\\\/\\\/clinicadentariajardimdosarcos.pt\\\/en\\\/\",\"name\":\"Cl\u00ednica Dent\u00e1ria Jardim dos Arcos\",\"description\":\"O Seu Dentista em Pa\u00e7o de Arcos, Oeiras, Lisboa\",\"publisher\":{\"@id\":\"https:\\\/\\\/clinicadentariajardimdosarcos.pt\\\/en\\\/#organization\"},\"potentialAction\":[{\"@type\":\"SearchAction\",\"target\":{\"@type\":\"EntryPoint\",\"urlTemplate\":\"https:\\\/\\\/clinicadentariajardimdosarcos.pt\\\/en\\\/?s={search_term_string}\"},\"query-input\":{\"@type\":\"PropertyValueSpecification\",\"valueRequired\":true,\"valueName\":\"search_term_string\"}}],\"inLanguage\":\"en-US\"},{\"@type\":\"Organization\",\"@id\":\"https:\\\/\\\/clinicadentariajardimdosarcos.pt\\\/en\\\/#organization\",\"name\":\"Cl\u00ednica Dent\u00e1ria Jardim dos Arcos\",\"url\":\"https:\\\/\\\/clinicadentariajardimdosarcos.pt\\\/en\\\/\",\"logo\":{\"@type\":\"ImageObject\",\"inLanguage\":\"en-US\",\"@id\":\"https:\\\/\\\/clinicadentariajardimdosarcos.pt\\\/en\\\/#\\\/schema\\\/logo\\\/image\\\/\",\"url\":\"https:\\\/\\\/clinicadentariajardimdosarcos.pt\\\/wp-content\\\/uploads\\\/2015\\\/02\\\/logo.png\",\"contentUrl\":\"https:\\\/\\\/clinicadentariajardimdosarcos.pt\\\/wp-content\\\/uploads\\\/2015\\\/02\\\/logo.png\",\"width\":182,\"height\":85,\"caption\":\"Cl\u00ednica Dent\u00e1ria Jardim dos Arcos\"},\"image\":{\"@id\":\"https:\\\/\\\/clinicadentariajardimdosarcos.pt\\\/en\\\/#\\\/schema\\\/logo\\\/image\\\/\"}}]}<\/script>\n<!-- \/ Yoast SEO plugin. -->","yoast_head_json":{"title":"Contact Cl\u00ednica Dent\u00e1ria Jardim dos Arcos","description":"To contact Dental Clinic Jardim dos Arcos, in Pa\u00e7o de Arcos, next to Jardim dos Poetas, Oeiras, Lisbon, call us: (+351) 214 413 039.","robots":{"index":"index","follow":"follow","max-snippet":"max-snippet:-1","max-image-preview":"max-image-preview:large","max-video-preview":"max-video-preview:-1"},"canonical":"https:\/\/clinicadentariajardimdosarcos.pt\/en\/contact-us-clinica-dentaria-jardim-dos-arcos\/","og_locale":"en_US","og_type":"article","og_title":"Contact Cl\u00ednica Dent\u00e1ria Jardim dos Arcos","og_description":"To contact Dental Clinic Jardim dos Arcos, in Pa\u00e7o de Arcos, next to Jardim dos Poetas, Oeiras, Lisbon, call us: (+351) 214 413 039.","og_url":"https:\/\/clinicadentariajardimdosarcos.pt\/en\/contact-us-clinica-dentaria-jardim-dos-arcos\/","og_site_name":"Cl\u00ednica Dent\u00e1ria Jardim dos Arcos","article_modified_time":"2019-07-02T11:52:55+00:00","twitter_card":"summary_large_image","twitter_misc":{"Est. reading time":"6 minutes"},"schema":{"@context":"https:\/\/schema.org","@graph":[{"@type":"WebPage","@id":"https:\/\/clinicadentariajardimdosarcos.pt\/en\/contact-us-clinica-dentaria-jardim-dos-arcos\/","url":"https:\/\/clinicadentariajardimdosarcos.pt\/en\/contact-us-clinica-dentaria-jardim-dos-arcos\/","name":"Contact Cl\u00ednica Dent\u00e1ria Jardim dos Arcos","isPartOf":{"@id":"https:\/\/clinicadentariajardimdosarcos.pt\/en\/#website"},"datePublished":"2011-07-14T19:47:05+00:00","dateModified":"2019-07-02T11:52:55+00:00","description":"To contact Dental Clinic Jardim dos Arcos, in Pa\u00e7o de Arcos, next to Jardim dos Poetas, Oeiras, Lisbon, call us: (+351) 214 413 039.","breadcrumb":{"@id":"https:\/\/clinicadentariajardimdosarcos.pt\/en\/contact-us-clinica-dentaria-jardim-dos-arcos\/#breadcrumb"},"inLanguage":"en-US","potentialAction":[{"@type":"ReadAction","target":["https:\/\/clinicadentariajardimdosarcos.pt\/en\/contact-us-clinica-dentaria-jardim-dos-arcos\/"]}]},{"@type":"BreadcrumbList","@id":"https:\/\/clinicadentariajardimdosarcos.pt\/en\/contact-us-clinica-dentaria-jardim-dos-arcos\/#breadcrumb","itemListElement":[{"@type":"ListItem","position":1,"name":"In\u00edcio","item":"https:\/\/clinicadentariajardimdosarcos.pt\/en\/"},{"@type":"ListItem","position":2,"name":"Contact Us"}]},{"@type":"WebSite","@id":"https:\/\/clinicadentariajardimdosarcos.pt\/en\/#website","url":"https:\/\/clinicadentariajardimdosarcos.pt\/en\/","name":"Cl\u00ednica Dent\u00e1ria Jardim dos Arcos","description":"O Seu Dentista em Pa\u00e7o de Arcos, Oeiras, Lisboa","publisher":{"@id":"https:\/\/clinicadentariajardimdosarcos.pt\/en\/#organization"},"potentialAction":[{"@type":"SearchAction","target":{"@type":"EntryPoint","urlTemplate":"https:\/\/clinicadentariajardimdosarcos.pt\/en\/?s={search_term_string}"},"query-input":{"@type":"PropertyValueSpecification","valueRequired":true,"valueName":"search_term_string"}}],"inLanguage":"en-US"},{"@type":"Organization","@id":"https:\/\/clinicadentariajardimdosarcos.pt\/en\/#organization","name":"Cl\u00ednica Dent\u00e1ria Jardim dos Arcos","url":"https:\/\/clinicadentariajardimdosarcos.pt\/en\/","logo":{"@type":"ImageObject","inLanguage":"en-US","@id":"https:\/\/clinicadentariajardimdosarcos.pt\/en\/#\/schema\/logo\/image\/","url":"https:\/\/clinicadentariajardimdosarcos.pt\/wp-content\/uploads\/2015\/02\/logo.png","contentUrl":"https:\/\/clinicadentariajardimdosarcos.pt\/wp-content\/uploads\/2015\/02\/logo.png","width":182,"height":85,"caption":"Cl\u00ednica Dent\u00e1ria Jardim dos Arcos"},"image":{"@id":"https:\/\/clinicadentariajardimdosarcos.pt\/en\/#\/schema\/logo\/image\/"}}]}},"_links":{"self":[{"href":"https:\/\/clinicadentariajardimdosarcos.pt\/en\/wp-json\/wp\/v2\/pages\/7210","targetHints":{"allow":["GET"]}}],"collection":[{"href":"https:\/\/clinicadentariajardimdosarcos.pt\/en\/wp-json\/wp\/v2\/pages"}],"about":[{"href":"https:\/\/clinicadentariajardimdosarcos.pt\/en\/wp-json\/wp\/v2\/types\/page"}],"author":[{"embeddable":true,"href":"https:\/\/clinicadentariajardimdosarcos.pt\/en\/wp-json\/wp\/v2\/users\/2"}],"replies":[{"embeddable":true,"href":"https:\/\/clinicadentariajardimdosarcos.pt\/en\/wp-json\/wp\/v2\/comments?post=7210"}],"version-history":[{"count":0,"href":"https:\/\/clinicadentariajardimdosarcos.pt\/en\/wp-json\/wp\/v2\/pages\/7210\/revisions"}],"wp:attachment":[{"href":"https:\/\/clinicadentariajardimdosarcos.pt\/en\/wp-json\/wp\/v2\/media?parent=7210"}],"curies":[{"name":"wp","href":"https:\/\/api.w.org\/{rel}","templated":true}]}}