{"id":7249,"date":"2011-07-14T19:45:29","date_gmt":"2011-07-14T19:45:29","guid":{"rendered":"https:\/\/clinicadentariajardimdosarcos.pt\/clinica-dentaria-jardim-dos-arcos\/"},"modified":"2019-07-02T12:03:23","modified_gmt":"2019-07-02T11:03:23","slug":"dental-clinic-jardim-dos-arcos","status":"publish","type":"page","link":"https:\/\/clinicadentariajardimdosarcos.pt\/en\/dental-clinic-jardim-dos-arcos\/","title":{"rendered":"Jardim Dos Arcos Dental Clinic \u2013 20 Years in Pa\u00e7o de Arcos"},"content":{"rendered":"<div id=\"pl-7249\"  class=\"panel-layout\" ><div id=\"pg-7249-0\"  class=\"panel-grid panel-no-style\" ><div id=\"pgc-7249-0-0\"  class=\"panel-grid-cell\" ><div id=\"panel-7249-0-0-0\" class=\"so-panel widget widget_sow-editor panel-first-child panel-last-child\" data-index=\"0\" ><div\n\t\t\t\n\t\t\tclass=\"so-widget-sow-editor so-widget-sow-editor-base\"\n\t\t\t\n\t\t>\n<div class=\"siteorigin-widget-tinymce textwidget\">\n\t<p style=\"text-align: justify;\">Jardim dos Arcos Dental Clinic <strong>opened in 1991<\/strong> with two dental offices and a general dental practice.<\/p>\n<p style=\"text-align: justify;\">The progressive increase in demand for our services by patients has led to the need to expand our facilities: since 2009, we have occupied<strong> five dental offices<\/strong>, which has allowed us to design integrated treatment plans with a team of highly qualified dentists trained in all specialty areas of Dental Medicine.<\/p>\n<p style=\"text-align: justify;\">Our best advertisement is the thousands of patients who have passed through our clinic over the past 20 years and continue to recommend us to friends and family.<\/p>\n<p style=\"text-align: justify;\">\nJardim Dos Arcos Dental Clinic is registered with the Health Regulatory Authority (ERS), offers easy access and parking and is located within the walls of the Poetas Park, in Pa\u00e7o de Arcos, Oeiras.<\/p>\n<p style=\"text-align: justify;\">\nWe have cooperation agreements with Multicare, Advance Care, Medis SAMS QUADROS, Future Health Care and Healthcare private health networks.<\/p>\n<\/div>\n<\/div><\/div><\/div><div id=\"pgc-7249-0-1\"  class=\"panel-grid-cell\" ><div id=\"panel-7249-0-1-0\" class=\"so-panel widget widget_text panel-first-child\" data-index=\"1\" ><div class=\"panel-widget-style panel-widget-style-for-7249-0-1-0\" >\t\t\t<div class=\"textwidget\"><h3 style=\"text-align: center;\"><strong>Patient First Approach<\/strong><\/h3>\n<p><img decoding=\"async\" class=\"alignleft wp-image-4767 size-thumbnail lazyload\" data-src=\"https:\/\/clinicadentariajardimdosarcos.pt\/wp-content\/uploads\/2015\/04\/Ant\u00f3nio_Coimbra_de_Carvalho-Foto1-150x150.jpg\" alt=\"Ant\u00f3nio Coimbra de Carvalho, dentista, Pa\u00e7o de Arcos, Oeiras\" width=\"150\" height=\"150\" src=\"data:image\/svg+xml;base64,PHN2ZyB3aWR0aD0iMSIgaGVpZ2h0PSIxIiB4bWxucz0iaHR0cDovL3d3dy53My5vcmcvMjAwMC9zdmciPjwvc3ZnPg==\" style=\"--smush-placeholder-width: 150px; --smush-placeholder-aspect-ratio: 150\/150;\" \/><em>\u201cWe are aware of the importance of patient satisfaction under a sustained model of development, which is why Jardim Dos Arcos Dental Clinic is committed to the continuous improvement of services, equipment and facilities in order to provide quality treatment at a controlled price. We also place a high level of importance on the training of our employees.\u201d<br \/>\n<\/em><\/p>\n<p><span class=\"user\">Coimbra de Carvalho<\/span>,\u00a0<span class=\"info\">Clinical Director and co-owner<\/span><\/p>\n<\/div>\n\t\t<\/div><\/div><div id=\"panel-7249-0-1-1\" class=\"so-panel widget widget_text\" data-index=\"2\" >\t\t\t<div class=\"textwidget\"><h3 style=\"text-align: center;\">GUARANTEES<\/h3>\n<\/div>\n\t\t<\/div><div id=\"panel-7249-0-1-2\" class=\"so-panel widget widget_sow-features panel-last-child\" data-index=\"3\" ><div\n\t\t\t\n\t\t\tclass=\"so-widget-sow-features so-widget-sow-features-default-9adf935013c8-7249\"\n\t\t\t\n\t\t><ul\n\tclass=\"sow-features-list\n\tsow-features-responsive\">\n\n\t\t\t<li\n\t\t\tclass=\"sow-features-feature sow-icon-container-position-top\"\n\t\t\tstyle=\"display: flex; flex-direction: column; width: calc(33.333% - 25px);\"\n\t\t>\n\t\t\t\n\t\t\t\t\t\t<div\t\t\t\tclass=\"sow-icon-container sow-container-round\"\n\t\t\t\tstyle=\"color: #72c1af; \"\n\t\t\t\ttitle=\"1.\"\n\t\t\t\t\t\t\t>\n\t\t\t\t<span class=\"sow-icon-fontawesome sow-fas\" data-sow-icon=\"&#xf19c;\"\n\t\tstyle=\"font-size: 24px; color: #FFFFFF\" \n\t\taria-hidden=\"true\"><\/span>\t\t\t<\/div>\n\n\t\t\t<div class=\"textwidget\">\n\t\t\t\t\n\t\t\t\t\t\t\t\t\t<h5 class=\"sow-features-feature-title\">\n\t\t\t\t\t\tQualified Team\t\t\t\t\t<\/h5>\n\t\t\t\t\n\t\t\t\t\t\t\t<\/div>\n\t\t\t\t\t\t\t\t<\/li>\n\n\t\t\t<li\n\t\t\tclass=\"sow-features-feature sow-icon-container-position-top\"\n\t\t\tstyle=\"display: flex; flex-direction: column; width: calc(33.333% - 25px);\"\n\t\t>\n\t\t\t\n\t\t\t\t\t\t<div\t\t\t\tclass=\"sow-icon-container sow-container-round\"\n\t\t\t\tstyle=\"color: #72c1af; \"\n\t\t\t\ttitle=\"2.\"\n\t\t\t\t\t\t\t>\n\t\t\t\t<span class=\"sow-icon-fontawesome sow-far\" data-sow-icon=\"&#xf2b5;\"\n\t\tstyle=\"font-size: 24px; color: #FFFFFF\" \n\t\taria-hidden=\"true\"><\/span>\t\t\t<\/div>\n\n\t\t\t<div class=\"textwidget\">\n\t\t\t\t\n\t\t\t\t\t\t\t\t\t<h5 class=\"sow-features-feature-title\">\n\t\t\t\t\t\tAvailability and Integrity\t\t\t\t\t<\/h5>\n\t\t\t\t\n\t\t\t\t\t\t\t<\/div>\n\t\t\t\t\t\t\t\t<\/li>\n\n\t\t\t<li\n\t\t\tclass=\"sow-features-feature sow-icon-container-position-top\"\n\t\t\tstyle=\"display: flex; flex-direction: column; width: calc(33.333% - 25px);\"\n\t\t>\n\t\t\t\n\t\t\t\t\t\t<div\t\t\t\tclass=\"sow-icon-container sow-container-round\"\n\t\t\t\tstyle=\"color: #72c1af; \"\n\t\t\t\ttitle=\"3.\"\n\t\t\t\t\t\t\t>\n\t\t\t\t<span class=\"sow-icon-fontawesome sow-fas\" data-sow-icon=\"&#xf153;\"\n\t\tstyle=\"font-size: 24px; color: #FFFFFF\" \n\t\taria-hidden=\"true\"><\/span>\t\t\t<\/div>\n\n\t\t\t<div class=\"textwidget\">\n\t\t\t\t\n\t\t\t\t\t\t\t\t\t<h5 class=\"sow-features-feature-title\">\n\t\t\t\t\t\tCompetitive Prices\t\t\t\t\t<\/h5>\n\t\t\t\t\n\t\t\t\t\t\t\t<\/div>\n\t\t\t\t\t\t\t\t<\/li>\n\n\t<\/ul>\n<\/div><\/div><\/div><\/div><div id=\"pg-7249-1\"  class=\"panel-grid panel-no-style\" ><div id=\"pgc-7249-1-0\"  class=\"panel-grid-cell\" ><div id=\"panel-7249-1-0-0\" class=\"widget_text so-panel widget widget_custom_html panel-first-child panel-last-child\" data-index=\"4\" ><div class=\"textwidget custom-html-widget\"><hr><\/div><\/div><\/div><\/div><div id=\"pg-7249-2\"  class=\"panel-grid panel-no-style\" ><div id=\"pgc-7249-2-0\"  class=\"panel-grid-cell\" ><div id=\"panel-7249-2-0-0\" class=\"widget_text so-panel widget widget_custom_html panel-first-child panel-last-child\" data-index=\"5\" ><div class=\"textwidget custom-html-widget\"><a data-flickr-embed=\"true\"  href=\"https:\/\/www.flickr.com\/photos\/jardimdosarcos\/albums\/72157636943151896\" title=\"Instala\u00e7\u00f5es\"><img decoding=\"async\" data-src=\"https:\/\/farm4.staticflickr.com\/3754\/9068491225_e272ce0bba_z.jpg\" width=\"640\" height=\"427\" alt=\"Instala\u00e7\u00f5es\" src=\"data:image\/svg+xml;base64,PHN2ZyB3aWR0aD0iMSIgaGVpZ2h0PSIxIiB4bWxucz0iaHR0cDovL3d3dy53My5vcmcvMjAwMC9zdmciPjwvc3ZnPg==\" class=\"lazyload\" style=\"--smush-placeholder-width: 640px; --smush-placeholder-aspect-ratio: 640\/427;\"><\/a><script async src=\"\/\/embedr.flickr.com\/assets\/client-code.js\" charset=\"utf-8\"><\/script><\/div><\/div><\/div><div id=\"pgc-7249-2-1\"  class=\"panel-grid-cell\" ><div id=\"panel-7249-2-1-0\" class=\"so-panel widget widget_sow-editor panel-first-child panel-last-child\" data-index=\"6\" ><div\n\t\t\t\n\t\t\tclass=\"so-widget-sow-editor so-widget-sow-editor-base\"\n\t\t\t\n\t\t>\n<div class=\"siteorigin-widget-tinymce textwidget\">\n\t<h2><strong>MODERN FACILITIES<\/strong><\/h2>\n<p>If you do not yet know Jardim Dos Arcos Dental Clinic, do not hesitate to visit us.<br \/>\nSee for yourself the level of quality of our facilities and equipment without any commitment.<\/p>\n<\/div>\n<\/div><\/div><\/div><\/div><div id=\"pg-7249-3\"  class=\"panel-grid panel-no-style\" ><div id=\"pgc-7249-3-0\"  class=\"panel-grid-cell\" ><div id=\"panel-7249-3-0-0\" class=\"so-panel widget widget_sow-editor panel-first-child panel-last-child\" data-index=\"7\" ><div\n\t\t\t\n\t\t\tclass=\"so-widget-sow-editor so-widget-sow-editor-base\"\n\t\t\t\n\t\t>\n<div class=\"siteorigin-widget-tinymce textwidget\">\n\t<h2><strong>ADVANCED TECHNOLOGY<\/strong><\/h2>\n<\/div>\n<\/div><\/div><\/div><div id=\"pgc-7249-3-1\"  class=\"panel-grid-cell\" ><div id=\"panel-7249-3-1-0\" class=\"widget_text so-panel widget widget_custom_html panel-first-child panel-last-child\" data-index=\"8\" ><div class=\"textwidget custom-html-widget\"><iframe width=\"640\" height=\"427\" data-src=\"https:\/\/www.youtube.com\/embed\/gf5Pn-a3ZFI\" frameborder=\"0\" allow=\"autoplay; encrypted-media\" allowfullscreen src=\"data:image\/svg+xml;base64,PHN2ZyB3aWR0aD0iMSIgaGVpZ2h0PSIxIiB4bWxucz0iaHR0cDovL3d3dy53My5vcmcvMjAwMC9zdmciPjwvc3ZnPg==\" class=\"lazyload\" data-load-mode=\"1\"><\/iframe><\/div><\/div><\/div><\/div><div id=\"pg-7249-4\"  class=\"panel-grid panel-no-style\" ><div id=\"pgc-7249-4-0\"  class=\"panel-grid-cell\" ><div id=\"panel-7249-4-0-0\" class=\"widget_text so-panel widget widget_custom_html panel-first-child panel-last-child\" data-index=\"9\" ><div class=\"textwidget custom-html-widget\"><hr><\/div><\/div><\/div><\/div><div id=\"pg-7249-5\"  class=\"panel-grid panel-no-style\" ><div id=\"pgc-7249-5-0\"  class=\"panel-grid-cell\" ><div id=\"panel-7249-5-0-0\" class=\"so-panel widget widget_text panel-first-child panel-last-child\" data-index=\"10\" >\t\t\t<div class=\"textwidget\"><h2><strong>PRESS<\/strong><\/h2>\n<\/div>\n\t\t<\/div><\/div><div id=\"pgc-7249-5-1\"  class=\"panel-grid-cell\" ><div id=\"panel-7249-5-1-0\" class=\"so-panel widget widget_text panel-first-child panel-last-child\" data-index=\"11\" >\t\t\t<div class=\"textwidget\"><p><a href=\"https:\/\/clinicadentariajardimdosarcos.pt\/wp-content\/uploads\/2015\/03\/Herpes-Labial.png\"><img decoding=\"async\" class=\"aligncenter wp-image-3374 size-full lazyload\" data-src=\"https:\/\/clinicadentariajardimdosarcos.pt\/wp-content\/uploads\/2015\/03\/Herpes-Labial.png\" alt=\"Herpes Labial, artigo de Imprensa da Cl\u00ednica Dent\u00e1ria Jardim dos Arcos\" width=\"767\" height=\"523\" src=\"data:image\/svg+xml;base64,PHN2ZyB3aWR0aD0iMSIgaGVpZ2h0PSIxIiB4bWxucz0iaHR0cDovL3d3dy53My5vcmcvMjAwMC9zdmciPjwvc3ZnPg==\" style=\"--smush-placeholder-width: 767px; --smush-placeholder-aspect-ratio: 767\/523;\" \/><\/a><\/p>\n<p>&nbsp;<\/p>\n<p><a href=\"https:\/\/clinicadentariajardimdosarcos.pt\/clinica\/wp-content\/uploads\/2014\/03\/Ardor-Bucal.png\"><img decoding=\"async\" class=\"aligncenter wp-image-3375 size-full lazyload\" data-src=\"https:\/\/clinicadentariajardimdosarcos.pt\/wp-content\/uploads\/2015\/03\/Ardor-Bucal.png\" alt=\"Ardor Bucal, artigo de Imprensa da Cl\u00ednica Dent\u00e1ria Jardim dos Arcos\" width=\"767\" height=\"525\" src=\"data:image\/svg+xml;base64,PHN2ZyB3aWR0aD0iMSIgaGVpZ2h0PSIxIiB4bWxucz0iaHR0cDovL3d3dy53My5vcmcvMjAwMC9zdmciPjwvc3ZnPg==\" style=\"--smush-placeholder-width: 767px; --smush-placeholder-aspect-ratio: 767\/525;\" \/><\/a><\/p>\n<p>&nbsp;<\/p>\n<p><a href=\"https:\/\/clinicadentariajardimdosarcos.pt\/clinica\/wp-content\/uploads\/2014\/03\/Halitose.png\"><img decoding=\"async\" class=\"aligncenter wp-image-3376 size-full lazyload\" data-src=\"https:\/\/clinicadentariajardimdosarcos.pt\/wp-content\/uploads\/2015\/03\/Halitose.png\" alt=\"Halitose, artigo de Imprensa da Cl\u00ednica Dent\u00e1ria Jardim dos Arcos\" width=\"767\" height=\"350\" src=\"data:image\/svg+xml;base64,PHN2ZyB3aWR0aD0iMSIgaGVpZ2h0PSIxIiB4bWxucz0iaHR0cDovL3d3dy53My5vcmcvMjAwMC9zdmciPjwvc3ZnPg==\" style=\"--smush-placeholder-width: 767px; --smush-placeholder-aspect-ratio: 767\/350;\" \/><\/a><\/p>\n<p>&nbsp;<\/p>\n<p><a href=\"https:\/\/clinicadentariajardimdosarcos.pt\/wp-content\/uploads\/2015\/03\/diagnosticos-cruzados1.png\"><img decoding=\"async\" class=\"aligncenter wp-image-3387 size-full lazyload\" data-src=\"https:\/\/clinicadentariajardimdosarcos.pt\/wp-content\/uploads\/2015\/03\/diagnosticos-cruzados1.png\" alt=\"Diagnosticos Cruzados, artigo de Imprensa da Cl\u00ednica Dent\u00e1ria Jardim dos Arcos\" width=\"767\" height=\"557\" src=\"data:image\/svg+xml;base64,PHN2ZyB3aWR0aD0iMSIgaGVpZ2h0PSIxIiB4bWxucz0iaHR0cDovL3d3dy53My5vcmcvMjAwMC9zdmciPjwvc3ZnPg==\" style=\"--smush-placeholder-width: 767px; --smush-placeholder-aspect-ratio: 767\/557;\" \/><\/a><\/p>\n<\/div>\n\t\t<\/div><\/div><\/div><\/div>","protected":false},"excerpt":{"rendered":"<p>Jardim dos Arcos Dental Clinic opened in 1991 with two dental offices and a general dental practice. The progressive increase in demand for our services by patients has led to the need to expand our facilities: since 2009, we have occupied five dental offices, which has allowed us to design integrated treatment plans with a [&hellip;]<\/p>\n","protected":false},"author":2,"featured_media":0,"parent":0,"menu_order":1,"comment_status":"closed","ping_status":"closed","template":"","meta":{"site-sidebar-layout":"no-sidebar","site-content-layout":"default","ast-site-content-layout":"default","site-content-style":"default","site-sidebar-style":"default","ast-global-header-display":"","ast-banner-title-visibility":"","ast-main-header-display":"","ast-hfb-above-header-display":"","ast-hfb-below-header-display":"","ast-hfb-mobile-header-display":"","site-post-title":"","ast-breadcrumbs-content":"","ast-featured-img":"","footer-sml-layout":"","ast-disable-related-posts":"","theme-transparent-header-meta":"default","adv-header-id-meta":"","stick-header-meta":"","header-above-stick-meta":"","header-main-stick-meta":"","header-below-stick-meta":"","astra-migrate-meta-layouts":"default","ast-page-background-enabled":"default","ast-page-background-meta":{"desktop":{"background-color":"","background-image":"","background-repeat":"repeat","background-position":"center center","background-size":"auto","background-attachment":"scroll","background-type":"","background-media":"","overlay-type":"","overlay-color":"","overlay-opacity":"","overlay-gradient":""},"tablet":{"background-color":"","background-image":"","background-repeat":"repeat","background-position":"center center","background-size":"auto","background-attachment":"scroll","background-type":"","background-media":"","overlay-type":"","overlay-color":"","overlay-opacity":"","overlay-gradient":""},"mobile":{"background-color":"","background-image":"","background-repeat":"repeat","background-position":"center center","background-size":"auto","background-attachment":"scroll","background-type":"","background-media":"","overlay-type":"","overlay-color":"","overlay-opacity":"","overlay-gradient":""}},"ast-content-background-meta":{"desktop":{"background-color":"var(--ast-global-color-5)","background-image":"","background-repeat":"repeat","background-position":"center center","background-size":"auto","background-attachment":"scroll","background-type":"","background-media":"","overlay-type":"","overlay-color":"","overlay-opacity":"","overlay-gradient":""},"tablet":{"background-color":"var(--ast-global-color-5)","background-image":"","background-repeat":"repeat","background-position":"center center","background-size":"auto","background-attachment":"scroll","background-type":"","background-media":"","overlay-type":"","overlay-color":"","overlay-opacity":"","overlay-gradient":""},"mobile":{"background-color":"var(--ast-global-color-5)","background-image":"","background-repeat":"repeat","background-position":"center center","background-size":"auto","background-attachment":"scroll","background-type":"","background-media":"","overlay-type":"","overlay-color":"","overlay-opacity":"","overlay-gradient":""}},"footnotes":""},"class_list":["post-7249","page","type-page","status-publish","hentry"],"yoast_head":"<!-- This site is optimized with the Yoast SEO plugin v27.3 - https:\/\/yoast.com\/product\/yoast-seo-wordpress\/ -->\n<title>Your Dentist in Oeiras - Cl\u00ednica Dent\u00e1ria Jardim dos Arcos<\/title>\n<meta name=\"description\" content=\"Our business card: the thousands of patients who, in 20 years, have passed through Dental Clinic Jardim Dos Arcos and recommend us to family and friends.\" \/>\n<meta name=\"robots\" content=\"index, follow, max-snippet:-1, max-image-preview:large, max-video-preview:-1\" \/>\n<link rel=\"canonical\" href=\"https:\/\/clinicadentariajardimdosarcos.pt\/en\/dental-clinic-jardim-dos-arcos\/\" \/>\n<meta property=\"og:locale\" content=\"en_US\" \/>\n<meta property=\"og:type\" content=\"article\" \/>\n<meta property=\"og:title\" content=\"Your Dentist in Oeiras - Cl\u00ednica Dent\u00e1ria Jardim dos Arcos\" \/>\n<meta property=\"og:description\" content=\"Our business card: the thousands of patients who, in 20 years, have passed through Dental Clinic Jardim Dos Arcos and recommend us to family and friends.\" \/>\n<meta property=\"og:url\" content=\"https:\/\/clinicadentariajardimdosarcos.pt\/en\/dental-clinic-jardim-dos-arcos\/\" \/>\n<meta property=\"og:site_name\" content=\"Cl\u00ednica Dent\u00e1ria Jardim dos Arcos\" \/>\n<meta property=\"article:modified_time\" content=\"2019-07-02T11:03:23+00:00\" \/>\n<meta property=\"og:image\" content=\"https:\/\/clinicadentariajardimdosarcos.pt\/wp-content\/uploads\/2015\/04\/Ant\u00f3nio_Coimbra_de_Carvalho-Foto1-150x150.jpg\" \/>\n<meta name=\"twitter:card\" content=\"summary_large_image\" \/>\n<meta name=\"twitter:label1\" content=\"Est. reading time\" \/>\n\t<meta name=\"twitter:data1\" content=\"2 minutes\" \/>\n<script type=\"application\/ld+json\" class=\"yoast-schema-graph\">{\"@context\":\"https:\\\/\\\/schema.org\",\"@graph\":[{\"@type\":\"WebPage\",\"@id\":\"https:\\\/\\\/clinicadentariajardimdosarcos.pt\\\/en\\\/dental-clinic-jardim-dos-arcos\\\/\",\"url\":\"https:\\\/\\\/clinicadentariajardimdosarcos.pt\\\/en\\\/dental-clinic-jardim-dos-arcos\\\/\",\"name\":\"Your Dentist in Oeiras - Cl\u00ednica Dent\u00e1ria Jardim dos Arcos\",\"isPartOf\":{\"@id\":\"https:\\\/\\\/clinicadentariajardimdosarcos.pt\\\/en\\\/#website\"},\"primaryImageOfPage\":{\"@id\":\"https:\\\/\\\/clinicadentariajardimdosarcos.pt\\\/en\\\/dental-clinic-jardim-dos-arcos\\\/#primaryimage\"},\"image\":{\"@id\":\"https:\\\/\\\/clinicadentariajardimdosarcos.pt\\\/en\\\/dental-clinic-jardim-dos-arcos\\\/#primaryimage\"},\"thumbnailUrl\":\"https:\\\/\\\/clinicadentariajardimdosarcos.pt\\\/wp-content\\\/uploads\\\/2015\\\/03\\\/Herpes-Labial.png\",\"datePublished\":\"2011-07-14T19:45:29+00:00\",\"dateModified\":\"2019-07-02T11:03:23+00:00\",\"description\":\"Our business card: the thousands of patients who, in 20 years, have passed through Dental Clinic Jardim Dos Arcos and recommend us to family and friends.\",\"breadcrumb\":{\"@id\":\"https:\\\/\\\/clinicadentariajardimdosarcos.pt\\\/en\\\/dental-clinic-jardim-dos-arcos\\\/#breadcrumb\"},\"inLanguage\":\"en-US\",\"potentialAction\":[{\"@type\":\"ReadAction\",\"target\":[\"https:\\\/\\\/clinicadentariajardimdosarcos.pt\\\/en\\\/dental-clinic-jardim-dos-arcos\\\/\"]}]},{\"@type\":\"ImageObject\",\"inLanguage\":\"en-US\",\"@id\":\"https:\\\/\\\/clinicadentariajardimdosarcos.pt\\\/en\\\/dental-clinic-jardim-dos-arcos\\\/#primaryimage\",\"url\":\"https:\\\/\\\/clinicadentariajardimdosarcos.pt\\\/wp-content\\\/uploads\\\/2015\\\/03\\\/Herpes-Labial.png\",\"contentUrl\":\"https:\\\/\\\/clinicadentariajardimdosarcos.pt\\\/wp-content\\\/uploads\\\/2015\\\/03\\\/Herpes-Labial.png\"},{\"@type\":\"BreadcrumbList\",\"@id\":\"https:\\\/\\\/clinicadentariajardimdosarcos.pt\\\/en\\\/dental-clinic-jardim-dos-arcos\\\/#breadcrumb\",\"itemListElement\":[{\"@type\":\"ListItem\",\"position\":1,\"name\":\"In\u00edcio\",\"item\":\"https:\\\/\\\/clinicadentariajardimdosarcos.pt\\\/en\\\/\"},{\"@type\":\"ListItem\",\"position\":2,\"name\":\"Jardim Dos Arcos Dental Clinic \u2013 20 Years in Pa\u00e7o de Arcos\"}]},{\"@type\":\"WebSite\",\"@id\":\"https:\\\/\\\/clinicadentariajardimdosarcos.pt\\\/en\\\/#website\",\"url\":\"https:\\\/\\\/clinicadentariajardimdosarcos.pt\\\/en\\\/\",\"name\":\"Cl\u00ednica Dent\u00e1ria Jardim dos Arcos\",\"description\":\"O Seu Dentista em Pa\u00e7o de Arcos, Oeiras, Lisboa\",\"publisher\":{\"@id\":\"https:\\\/\\\/clinicadentariajardimdosarcos.pt\\\/en\\\/#organization\"},\"potentialAction\":[{\"@type\":\"SearchAction\",\"target\":{\"@type\":\"EntryPoint\",\"urlTemplate\":\"https:\\\/\\\/clinicadentariajardimdosarcos.pt\\\/en\\\/?s={search_term_string}\"},\"query-input\":{\"@type\":\"PropertyValueSpecification\",\"valueRequired\":true,\"valueName\":\"search_term_string\"}}],\"inLanguage\":\"en-US\"},{\"@type\":\"Organization\",\"@id\":\"https:\\\/\\\/clinicadentariajardimdosarcos.pt\\\/en\\\/#organization\",\"name\":\"Cl\u00ednica Dent\u00e1ria Jardim dos Arcos\",\"url\":\"https:\\\/\\\/clinicadentariajardimdosarcos.pt\\\/en\\\/\",\"logo\":{\"@type\":\"ImageObject\",\"inLanguage\":\"en-US\",\"@id\":\"https:\\\/\\\/clinicadentariajardimdosarcos.pt\\\/en\\\/#\\\/schema\\\/logo\\\/image\\\/\",\"url\":\"https:\\\/\\\/clinicadentariajardimdosarcos.pt\\\/wp-content\\\/uploads\\\/2015\\\/02\\\/logo.png\",\"contentUrl\":\"https:\\\/\\\/clinicadentariajardimdosarcos.pt\\\/wp-content\\\/uploads\\\/2015\\\/02\\\/logo.png\",\"width\":182,\"height\":85,\"caption\":\"Cl\u00ednica Dent\u00e1ria Jardim dos Arcos\"},\"image\":{\"@id\":\"https:\\\/\\\/clinicadentariajardimdosarcos.pt\\\/en\\\/#\\\/schema\\\/logo\\\/image\\\/\"}}]}<\/script>\n<!-- \/ Yoast SEO plugin. -->","yoast_head_json":{"title":"Your Dentist in Oeiras - Cl\u00ednica Dent\u00e1ria Jardim dos Arcos","description":"Our business card: the thousands of patients who, in 20 years, have passed through Dental Clinic Jardim Dos Arcos and recommend us to family and friends.","robots":{"index":"index","follow":"follow","max-snippet":"max-snippet:-1","max-image-preview":"max-image-preview:large","max-video-preview":"max-video-preview:-1"},"canonical":"https:\/\/clinicadentariajardimdosarcos.pt\/en\/dental-clinic-jardim-dos-arcos\/","og_locale":"en_US","og_type":"article","og_title":"Your Dentist in Oeiras - Cl\u00ednica Dent\u00e1ria Jardim dos Arcos","og_description":"Our business card: the thousands of patients who, in 20 years, have passed through Dental Clinic Jardim Dos Arcos and recommend us to family and friends.","og_url":"https:\/\/clinicadentariajardimdosarcos.pt\/en\/dental-clinic-jardim-dos-arcos\/","og_site_name":"Cl\u00ednica Dent\u00e1ria Jardim dos Arcos","article_modified_time":"2019-07-02T11:03:23+00:00","og_image":[{"url":"https:\/\/clinicadentariajardimdosarcos.pt\/wp-content\/uploads\/2015\/04\/Ant\u00f3nio_Coimbra_de_Carvalho-Foto1-150x150.jpg","type":"","width":"","height":""}],"twitter_card":"summary_large_image","twitter_misc":{"Est. reading time":"2 minutes"},"schema":{"@context":"https:\/\/schema.org","@graph":[{"@type":"WebPage","@id":"https:\/\/clinicadentariajardimdosarcos.pt\/en\/dental-clinic-jardim-dos-arcos\/","url":"https:\/\/clinicadentariajardimdosarcos.pt\/en\/dental-clinic-jardim-dos-arcos\/","name":"Your Dentist in Oeiras - Cl\u00ednica Dent\u00e1ria Jardim dos Arcos","isPartOf":{"@id":"https:\/\/clinicadentariajardimdosarcos.pt\/en\/#website"},"primaryImageOfPage":{"@id":"https:\/\/clinicadentariajardimdosarcos.pt\/en\/dental-clinic-jardim-dos-arcos\/#primaryimage"},"image":{"@id":"https:\/\/clinicadentariajardimdosarcos.pt\/en\/dental-clinic-jardim-dos-arcos\/#primaryimage"},"thumbnailUrl":"https:\/\/clinicadentariajardimdosarcos.pt\/wp-content\/uploads\/2015\/03\/Herpes-Labial.png","datePublished":"2011-07-14T19:45:29+00:00","dateModified":"2019-07-02T11:03:23+00:00","description":"Our business card: the thousands of patients who, in 20 years, have passed through Dental Clinic Jardim Dos Arcos and recommend us to family and friends.","breadcrumb":{"@id":"https:\/\/clinicadentariajardimdosarcos.pt\/en\/dental-clinic-jardim-dos-arcos\/#breadcrumb"},"inLanguage":"en-US","potentialAction":[{"@type":"ReadAction","target":["https:\/\/clinicadentariajardimdosarcos.pt\/en\/dental-clinic-jardim-dos-arcos\/"]}]},{"@type":"ImageObject","inLanguage":"en-US","@id":"https:\/\/clinicadentariajardimdosarcos.pt\/en\/dental-clinic-jardim-dos-arcos\/#primaryimage","url":"https:\/\/clinicadentariajardimdosarcos.pt\/wp-content\/uploads\/2015\/03\/Herpes-Labial.png","contentUrl":"https:\/\/clinicadentariajardimdosarcos.pt\/wp-content\/uploads\/2015\/03\/Herpes-Labial.png"},{"@type":"BreadcrumbList","@id":"https:\/\/clinicadentariajardimdosarcos.pt\/en\/dental-clinic-jardim-dos-arcos\/#breadcrumb","itemListElement":[{"@type":"ListItem","position":1,"name":"In\u00edcio","item":"https:\/\/clinicadentariajardimdosarcos.pt\/en\/"},{"@type":"ListItem","position":2,"name":"Jardim Dos Arcos Dental Clinic \u2013 20 Years in Pa\u00e7o de Arcos"}]},{"@type":"WebSite","@id":"https:\/\/clinicadentariajardimdosarcos.pt\/en\/#website","url":"https:\/\/clinicadentariajardimdosarcos.pt\/en\/","name":"Cl\u00ednica Dent\u00e1ria Jardim dos Arcos","description":"O Seu Dentista em Pa\u00e7o de Arcos, Oeiras, Lisboa","publisher":{"@id":"https:\/\/clinicadentariajardimdosarcos.pt\/en\/#organization"},"potentialAction":[{"@type":"SearchAction","target":{"@type":"EntryPoint","urlTemplate":"https:\/\/clinicadentariajardimdosarcos.pt\/en\/?s={search_term_string}"},"query-input":{"@type":"PropertyValueSpecification","valueRequired":true,"valueName":"search_term_string"}}],"inLanguage":"en-US"},{"@type":"Organization","@id":"https:\/\/clinicadentariajardimdosarcos.pt\/en\/#organization","name":"Cl\u00ednica Dent\u00e1ria Jardim dos Arcos","url":"https:\/\/clinicadentariajardimdosarcos.pt\/en\/","logo":{"@type":"ImageObject","inLanguage":"en-US","@id":"https:\/\/clinicadentariajardimdosarcos.pt\/en\/#\/schema\/logo\/image\/","url":"https:\/\/clinicadentariajardimdosarcos.pt\/wp-content\/uploads\/2015\/02\/logo.png","contentUrl":"https:\/\/clinicadentariajardimdosarcos.pt\/wp-content\/uploads\/2015\/02\/logo.png","width":182,"height":85,"caption":"Cl\u00ednica Dent\u00e1ria Jardim dos Arcos"},"image":{"@id":"https:\/\/clinicadentariajardimdosarcos.pt\/en\/#\/schema\/logo\/image\/"}}]}},"_links":{"self":[{"href":"https:\/\/clinicadentariajardimdosarcos.pt\/en\/wp-json\/wp\/v2\/pages\/7249","targetHints":{"allow":["GET"]}}],"collection":[{"href":"https:\/\/clinicadentariajardimdosarcos.pt\/en\/wp-json\/wp\/v2\/pages"}],"about":[{"href":"https:\/\/clinicadentariajardimdosarcos.pt\/en\/wp-json\/wp\/v2\/types\/page"}],"author":[{"embeddable":true,"href":"https:\/\/clinicadentariajardimdosarcos.pt\/en\/wp-json\/wp\/v2\/users\/2"}],"replies":[{"embeddable":true,"href":"https:\/\/clinicadentariajardimdosarcos.pt\/en\/wp-json\/wp\/v2\/comments?post=7249"}],"version-history":[{"count":0,"href":"https:\/\/clinicadentariajardimdosarcos.pt\/en\/wp-json\/wp\/v2\/pages\/7249\/revisions"}],"wp:attachment":[{"href":"https:\/\/clinicadentariajardimdosarcos.pt\/en\/wp-json\/wp\/v2\/media?parent=7249"}],"curies":[{"name":"wp","href":"https:\/\/api.w.org\/{rel}","templated":true}]}}