{"id":7265,"date":"2014-03-01T20:29:18","date_gmt":"2014-03-01T20:29:18","guid":{"rendered":"https:\/\/clinicadentariajardimdosarcos.pt\/acordos-protocolos\/"},"modified":"2019-07-02T11:58:26","modified_gmt":"2019-07-02T10:58:26","slug":"agreements-protocols","status":"publish","type":"page","link":"https:\/\/clinicadentariajardimdosarcos.pt\/en\/agreements-protocols\/","title":{"rendered":"Agreements, Protocols and Special Conditions"},"content":{"rendered":"\n<p><strong>We have agreements, protocols and special conditions established with several entities: M\u00e9dis, Multicare &amp; AdvanceCare, AMI, Red Cross, SAMS Quadros, SMP, Future Healthcare, among others.<\/strong><\/p>\n\n\n\n<p><strong>Learn the Differences Between Dental Health Insurance and Dental Health Plan <a rel=\"noopener noreferrer\" href=\"http:\/\/www.omd.pt\/noticias\/2013\/01\/cartoes-seguros-saude\" target=\"_blank\">here<\/a>.<\/strong> <\/p>\n\n\n\n<p>If you want to offer special conditions in our services and treatments for your employees or co-workers, contact us by email (<a href=\"mailto:info@clinicadentariajardimdosarcos.pt\" target=\"_blank\" rel=\"noopener noreferrer\">Protocols<\/a>) or telephone (+351 214 413 039).<\/p>\n\n\n\n<hr class=\"wp-block-separator\"\/>\n\n\n\n<h3 class=\"wp-block-heading\"><figure><a title=\"AdvanceCare\" href=\"http:\/\/advancecare.pt\/\" target=\"_blank\" rel=\"noopener noreferrer\"><img decoding=\"async\" class=\"size-full wp-image-3703 alignnone lazyload\" data-src=\"https:\/\/clinicadentariajardimdosarcos.pt\/wp-content\/uploads\/2015\/03\/advancecare1.png\" alt=\"advancecare\" width=\"200\" height=\"\" src=\"data:image\/svg+xml;base64,PHN2ZyB3aWR0aD0iMSIgaGVpZ2h0PSIxIiB4bWxucz0iaHR0cDovL3d3dy53My5vcmcvMjAwMC9zdmciPjwvc3ZnPg==\" style=\"--smush-placeholder-width: 191px; --smush-placeholder-aspect-ratio: 191\/83;\"><\/a><\/figure><\/h3>\n\n\n\n<ul class=\"wp-block-list\"><li>A\u00e7oreana<\/li><li>Axa<\/li><li>Bes<\/li><li>Cimpor<\/li><li>Generali<\/li><li>Groupama<\/li><li>Lusitania<\/li><li>LOGO<\/li><li>MGEN<\/li><li>N Seguros<\/li><li>Popular Seguros<\/li><li>SBSI<\/li><li>Tranquilidade<\/li><\/ul>\n\n\n\n<hr class=\"wp-block-separator\"\/>\n\n\n\n<h3 class=\"wp-block-heading\"><figure><a title=\"Cruz Vermelha Portuguesa\" href=\"http:\/\/www.cruzvermelha.pt\/\" target=\"_blank\" rel=\"noopener noreferrer\"><img decoding=\"async\" class=\"wp-image-3704 size-full alignnone lazyload\" title=\"Cruz Vermelha Portuguesa\" data-src=\"https:\/\/clinicadentariajardimdosarcos.pt\/wp-content\/uploads\/2015\/03\/logo_cruz1.jpg\" alt=\"Cruz Vermelha Portuguesa\" width=\"200\" height=\"\" src=\"data:image\/svg+xml;base64,PHN2ZyB3aWR0aD0iMSIgaGVpZ2h0PSIxIiB4bWxucz0iaHR0cDovL3d3dy53My5vcmcvMjAwMC9zdmciPjwvc3ZnPg==\" style=\"--smush-placeholder-width: 240px; --smush-placeholder-aspect-ratio: 240\/85;\"><\/a><\/figure><\/h3>\n\n\n\n<hr class=\"wp-block-separator\"\/>\n\n\n\n<h3><figure><a title=\"Cruz Vermelha Portuguesa\" href=\"http:\/\/www.cruzvermelha.pt\/\" target=\"_blank\" rel=\"noopener noreferrer\"><img decoding=\"async\" class=\"wp-image-3704 size-full alignnone lazyload\" title=\"Cruz Vermelha Portuguesa\" data-src=\"https:\/\/clinicadentariajardimdosarcos.pt\/wp-content\/uploads\/2015\/03\/HealthCare-96x411.jpg\" alt=\"Cruz Vermelha Portuguesa\" width=\"200\" height=\"\" src=\"data:image\/svg+xml;base64,PHN2ZyB3aWR0aD0iMSIgaGVpZ2h0PSIxIiB4bWxucz0iaHR0cDovL3d3dy53My5vcmcvMjAwMC9zdmciPjwvc3ZnPg==\" style=\"--smush-placeholder-width: 96px; --smush-placeholder-aspect-ratio: 96\/411;\"><\/a><\/figure><\/h3>\n\n\n\n<ul class=\"wp-block-list\"><li><\/li><li>Bela Saude<\/li><li>Healthcare Assistance<\/li><\/ul>\n\n\n\n<hr class=\"wp-block-separator\"\/>\n\n\n\n<h3 class=\"wp-block-heading\"><figure><a href=\"http:\/\/www.medis.pt\/\" target=\"_blank\" rel=\"noopener noreferrer\"><img decoding=\"async\" class=\"alignnone lazyload\" title=\"M\u00c9DIS\" data-src=\"http:\/\/www.medis.pt\/sitecollectionimages\/medisV2\/logo-medis.png\" alt=\"M\u00c9DIS\" width=\"111\" height=\"104\" src=\"data:image\/svg+xml;base64,PHN2ZyB3aWR0aD0iMSIgaGVpZ2h0PSIxIiB4bWxucz0iaHR0cDovL3d3dy53My5vcmcvMjAwMC9zdmciPjwvc3ZnPg==\" style=\"--smush-placeholder-width: 111px; --smush-placeholder-aspect-ratio: 111\/104;\"><\/a><\/figure><\/h3>\n\n\n\n<hr class=\"wp-block-separator\"\/>\n\n\n\n<h3 class=\"wp-block-heading\"><figure><a href=\"http:\/\/www.multicare.pt\" target=\"_blank\" rel=\"noopener noreferrer\"><img decoding=\"async\" class=\"alignnone lazyload\" title=\"MultiCare\" data-src=\"https:\/\/www.multicare.pt\/Style%20Library\/FidelidadeBranding\/img\/header\/logo_multicare_private.png\" alt=\"MultiCare\" width=\"200\" height=\"\" src=\"data:image\/svg+xml;base64,PHN2ZyB3aWR0aD0iMSIgaGVpZ2h0PSIxIiB4bWxucz0iaHR0cDovL3d3dy53My5vcmcvMjAwMC9zdmciPjwvc3ZnPg==\"><\/a><\/figure><\/h3>\n\n\n\n<hr class=\"wp-block-separator\"\/>\n\n\n\n<h3 class=\"wp-block-heading\"><figure><a href=\"http:\/\/www.snqtb.pt\/SNQTB\/site\/\" target=\"_blank\" rel=\"noopener noreferrer\"><img decoding=\"async\" class=\"alignnone lazyload\" title=\"SAMS QUADROS\" data-src=\"http:\/\/www.snqtb.pt\/SNQTB\/site\/imagens\/img_SAMSQuadros.gif\" alt=\"SAMS QUADROS\" width=\"200\" height=\"\" src=\"data:image\/svg+xml;base64,PHN2ZyB3aWR0aD0iMSIgaGVpZ2h0PSIxIiB4bWxucz0iaHR0cDovL3d3dy53My5vcmcvMjAwMC9zdmciPjwvc3ZnPg==\"><\/a><\/figure><\/h3>\n\n\n\n<hr class=\"wp-block-separator\"\/>\n\n\n\n<h3 class=\"wp-block-heading\"><figure><a href=\"http:\/\/www.sibanca.pt\/?conteudo=saude&amp;subConteudo=sams_pesquisaAcordos#menu\" target=\"_blank\" rel=\"noopener noreferrer\"><img decoding=\"async\" class=\"alignnone lazyload\" title=\"SAMS\/SIB\" data-src=\"http:\/\/www.sibanca.pt\/imagens\/LogoSIB-2.gif\" alt=\"SAMS\/SIB\" width=\"60\" height=\"57\" src=\"data:image\/svg+xml;base64,PHN2ZyB3aWR0aD0iMSIgaGVpZ2h0PSIxIiB4bWxucz0iaHR0cDovL3d3dy53My5vcmcvMjAwMC9zdmciPjwvc3ZnPg==\" style=\"--smush-placeholder-width: 60px; --smush-placeholder-aspect-ratio: 60\/57;\"><\/a><\/figure><\/h3>\n\n\n\n<hr class=\"wp-block-separator\"\/>\n\n\n\n<h3 class=\"wp-block-heading\"><figure><a href=\"http:\/\/www.smpsaude.pt\/index.php\" target=\"_blank\" rel=\"noopener noreferrer\"><img decoding=\"async\" class=\"alignnone lazyload\" title=\"SMP - Servi\u00e7o M\u00e9dico Permanente\" data-src=\"http:\/\/www.smpsaude.pt\/wp-content\/themes\/smp\/images\/banner_logoSMP.png\" alt=\"SMP - Servi\u00e7o M\u00e9dico Permanente\" width=\"200\" height=\"\" src=\"data:image\/svg+xml;base64,PHN2ZyB3aWR0aD0iMSIgaGVpZ2h0PSIxIiB4bWxucz0iaHR0cDovL3d3dy53My5vcmcvMjAwMC9zdmciPjwvc3ZnPg==\"><\/a><\/figure><\/h3>\n\n\n\n<ul class=\"wp-block-list\"><li style=\"text-align: justify;\">Cart\u00e3o Domus<\/li><li style=\"text-align: justify;\">Cart\u00e3o de Saude \u2013 Servi\u00e7os Sociais<\/li><li style=\"text-align: justify;\">Cart\u00e3o LifeCare<\/li><li style=\"text-align: justify;\">Cart\u00e3o Saude, SA<\/li><li style=\"text-align: justify;\">Deco ProTeste \u2013 Cart\u00e3o de Saude<\/li><li style=\"text-align: justify;\">Montepio \u2013 Cart\u00e3o de Saude<\/li><li style=\"text-align: justify;\">Rede Descontos SMP<\/li><li style=\"text-align: justify;\">SevenCareVision \u2013 Institutoptico<\/li><li style=\"text-align: justify;\">SGL Saude<\/li><\/ul>\n\n\n\n<hr class=\"wp-block-separator\"\/>\n\n\n\n<h3 class=\"wp-block-heading\"><figure><a href=\"https:\/\/advantagesaude.pt\" target=\"_blank\" rel=\"noopener noreferrer\"><img decoding=\"async\" class=\"alignnone lazyload\" title=\"Advantagesa\u00fade\" data-src=\"https:\/\/clinicadentariajardimdosarcos.pt\/wp-content\/uploads\/2018\/04\/Logo_1_Advantagesaude.png\" alt=\"SMP - Servi\u00e7o M\u00e9dico Permanente\" width=\"200\" height=\"\" src=\"data:image\/svg+xml;base64,PHN2ZyB3aWR0aD0iMSIgaGVpZ2h0PSIxIiB4bWxucz0iaHR0cDovL3d3dy53My5vcmcvMjAwMC9zdmciPjwvc3ZnPg==\" style=\"--smush-placeholder-width: 857px; --smush-placeholder-aspect-ratio: 857\/232;\"><\/a><\/figure><\/h3>\n","protected":false},"excerpt":{"rendered":"<p>We have agreements, protocols and special conditions established with several entities: M\u00e9dis, Multicare &amp; AdvanceCare, AMI, Red Cross, SAMS Quadros, SMP, Future Healthcare, among others. Learn the Differences Between Dental Health Insurance and Dental Health Plan here. If you want to offer special conditions in our services and treatments for your employees or co-workers, contact [&hellip;]<\/p>\n","protected":false},"author":2,"featured_media":0,"parent":0,"menu_order":0,"comment_status":"closed","ping_status":"closed","template":"","meta":{"site-sidebar-layout":"default","site-content-layout":"default","ast-site-content-layout":"default","site-content-style":"default","site-sidebar-style":"default","ast-global-header-display":"","ast-banner-title-visibility":"","ast-main-header-display":"","ast-hfb-above-header-display":"","ast-hfb-below-header-display":"","ast-hfb-mobile-header-display":"","site-post-title":"","ast-breadcrumbs-content":"","ast-featured-img":"","footer-sml-layout":"","ast-disable-related-posts":"","theme-transparent-header-meta":"default","adv-header-id-meta":"","stick-header-meta":"","header-above-stick-meta":"","header-main-stick-meta":"","header-below-stick-meta":"","astra-migrate-meta-layouts":"default","ast-page-background-enabled":"default","ast-page-background-meta":{"desktop":{"background-color":"","background-image":"","background-repeat":"repeat","background-position":"center center","background-size":"auto","background-attachment":"scroll","background-type":"","background-media":"","overlay-type":"","overlay-color":"","overlay-opacity":"","overlay-gradient":""},"tablet":{"background-color":"","background-image":"","background-repeat":"repeat","background-position":"center center","background-size":"auto","background-attachment":"scroll","background-type":"","background-media":"","overlay-type":"","overlay-color":"","overlay-opacity":"","overlay-gradient":""},"mobile":{"background-color":"","background-image":"","background-repeat":"repeat","background-position":"center center","background-size":"auto","background-attachment":"scroll","background-type":"","background-media":"","overlay-type":"","overlay-color":"","overlay-opacity":"","overlay-gradient":""}},"ast-content-background-meta":{"desktop":{"background-color":"var(--ast-global-color-5)","background-image":"","background-repeat":"repeat","background-position":"center center","background-size":"auto","background-attachment":"scroll","background-type":"","background-media":"","overlay-type":"","overlay-color":"","overlay-opacity":"","overlay-gradient":""},"tablet":{"background-color":"var(--ast-global-color-5)","background-image":"","background-repeat":"repeat","background-position":"center center","background-size":"auto","background-attachment":"scroll","background-type":"","background-media":"","overlay-type":"","overlay-color":"","overlay-opacity":"","overlay-gradient":""},"mobile":{"background-color":"var(--ast-global-color-5)","background-image":"","background-repeat":"repeat","background-position":"center center","background-size":"auto","background-attachment":"scroll","background-type":"","background-media":"","overlay-type":"","overlay-color":"","overlay-opacity":"","overlay-gradient":""}},"footnotes":""},"class_list":["post-7265","page","type-page","status-publish","hentry"],"yoast_head":"<!-- This site is optimized with the Yoast SEO plugin v27.3 - https:\/\/yoast.com\/product\/yoast-seo-wordpress\/ -->\n<title>Agreements &amp; Protocols | Cl\u00ednica Dent\u00e1ria Jardim dos Arcos<\/title>\n<meta name=\"description\" content=\"We have special agreements, protocols and conditions with M\u00e9dis, Muticare, AdvanceCare, AMI, Red Cross, SAMS Quadros, WDA, Future Healthcare, SMP...\" \/>\n<meta name=\"robots\" content=\"index, follow, max-snippet:-1, max-image-preview:large, max-video-preview:-1\" \/>\n<link rel=\"canonical\" href=\"https:\/\/clinicadentariajardimdosarcos.pt\/en\/agreements-protocols\/\" \/>\n<meta property=\"og:locale\" content=\"en_US\" \/>\n<meta property=\"og:type\" content=\"article\" \/>\n<meta property=\"og:title\" content=\"Agreements &amp; Protocols | Cl\u00ednica Dent\u00e1ria Jardim dos Arcos\" \/>\n<meta property=\"og:description\" content=\"We have special agreements, protocols and conditions with M\u00e9dis, Muticare, AdvanceCare, AMI, Red Cross, SAMS Quadros, WDA, Future Healthcare, SMP...\" \/>\n<meta property=\"og:url\" content=\"https:\/\/clinicadentariajardimdosarcos.pt\/en\/agreements-protocols\/\" \/>\n<meta property=\"og:site_name\" content=\"Cl\u00ednica Dent\u00e1ria Jardim dos Arcos\" \/>\n<meta property=\"article:modified_time\" content=\"2019-07-02T10:58:26+00:00\" \/>\n<meta property=\"og:image\" content=\"https:\/\/clinicadentariajardimdosarcos.pt\/wp-content\/uploads\/2015\/03\/advancecare1.png\" \/>\n<meta name=\"twitter:card\" content=\"summary_large_image\" \/>\n<script type=\"application\/ld+json\" class=\"yoast-schema-graph\">{\"@context\":\"https:\\\/\\\/schema.org\",\"@graph\":[{\"@type\":\"WebPage\",\"@id\":\"https:\\\/\\\/clinicadentariajardimdosarcos.pt\\\/en\\\/agreements-protocols\\\/\",\"url\":\"https:\\\/\\\/clinicadentariajardimdosarcos.pt\\\/en\\\/agreements-protocols\\\/\",\"name\":\"Agreements & Protocols | Cl\u00ednica Dent\u00e1ria Jardim dos Arcos\",\"isPartOf\":{\"@id\":\"https:\\\/\\\/clinicadentariajardimdosarcos.pt\\\/en\\\/#website\"},\"primaryImageOfPage\":{\"@id\":\"https:\\\/\\\/clinicadentariajardimdosarcos.pt\\\/en\\\/agreements-protocols\\\/#primaryimage\"},\"image\":{\"@id\":\"https:\\\/\\\/clinicadentariajardimdosarcos.pt\\\/en\\\/agreements-protocols\\\/#primaryimage\"},\"thumbnailUrl\":\"https:\\\/\\\/clinicadentariajardimdosarcos.pt\\\/wp-content\\\/uploads\\\/2015\\\/03\\\/advancecare1.png\",\"datePublished\":\"2014-03-01T20:29:18+00:00\",\"dateModified\":\"2019-07-02T10:58:26+00:00\",\"description\":\"We have special agreements, protocols and conditions with M\u00e9dis, Muticare, AdvanceCare, AMI, Red Cross, SAMS Quadros, WDA, Future Healthcare, SMP...\",\"breadcrumb\":{\"@id\":\"https:\\\/\\\/clinicadentariajardimdosarcos.pt\\\/en\\\/agreements-protocols\\\/#breadcrumb\"},\"inLanguage\":\"en-US\",\"potentialAction\":[{\"@type\":\"ReadAction\",\"target\":[\"https:\\\/\\\/clinicadentariajardimdosarcos.pt\\\/en\\\/agreements-protocols\\\/\"]}]},{\"@type\":\"ImageObject\",\"inLanguage\":\"en-US\",\"@id\":\"https:\\\/\\\/clinicadentariajardimdosarcos.pt\\\/en\\\/agreements-protocols\\\/#primaryimage\",\"url\":\"https:\\\/\\\/clinicadentariajardimdosarcos.pt\\\/wp-content\\\/uploads\\\/2015\\\/03\\\/advancecare1.png\",\"contentUrl\":\"https:\\\/\\\/clinicadentariajardimdosarcos.pt\\\/wp-content\\\/uploads\\\/2015\\\/03\\\/advancecare1.png\"},{\"@type\":\"BreadcrumbList\",\"@id\":\"https:\\\/\\\/clinicadentariajardimdosarcos.pt\\\/en\\\/agreements-protocols\\\/#breadcrumb\",\"itemListElement\":[{\"@type\":\"ListItem\",\"position\":1,\"name\":\"In\u00edcio\",\"item\":\"https:\\\/\\\/clinicadentariajardimdosarcos.pt\\\/en\\\/\"},{\"@type\":\"ListItem\",\"position\":2,\"name\":\"Agreements, Protocols and Special Conditions\"}]},{\"@type\":\"WebSite\",\"@id\":\"https:\\\/\\\/clinicadentariajardimdosarcos.pt\\\/en\\\/#website\",\"url\":\"https:\\\/\\\/clinicadentariajardimdosarcos.pt\\\/en\\\/\",\"name\":\"Cl\u00ednica Dent\u00e1ria Jardim dos Arcos\",\"description\":\"O Seu Dentista em Pa\u00e7o de Arcos, Oeiras, Lisboa\",\"publisher\":{\"@id\":\"https:\\\/\\\/clinicadentariajardimdosarcos.pt\\\/en\\\/#organization\"},\"potentialAction\":[{\"@type\":\"SearchAction\",\"target\":{\"@type\":\"EntryPoint\",\"urlTemplate\":\"https:\\\/\\\/clinicadentariajardimdosarcos.pt\\\/en\\\/?s={search_term_string}\"},\"query-input\":{\"@type\":\"PropertyValueSpecification\",\"valueRequired\":true,\"valueName\":\"search_term_string\"}}],\"inLanguage\":\"en-US\"},{\"@type\":\"Organization\",\"@id\":\"https:\\\/\\\/clinicadentariajardimdosarcos.pt\\\/en\\\/#organization\",\"name\":\"Cl\u00ednica Dent\u00e1ria Jardim dos Arcos\",\"url\":\"https:\\\/\\\/clinicadentariajardimdosarcos.pt\\\/en\\\/\",\"logo\":{\"@type\":\"ImageObject\",\"inLanguage\":\"en-US\",\"@id\":\"https:\\\/\\\/clinicadentariajardimdosarcos.pt\\\/en\\\/#\\\/schema\\\/logo\\\/image\\\/\",\"url\":\"https:\\\/\\\/clinicadentariajardimdosarcos.pt\\\/wp-content\\\/uploads\\\/2015\\\/02\\\/logo.png\",\"contentUrl\":\"https:\\\/\\\/clinicadentariajardimdosarcos.pt\\\/wp-content\\\/uploads\\\/2015\\\/02\\\/logo.png\",\"width\":182,\"height\":85,\"caption\":\"Cl\u00ednica Dent\u00e1ria Jardim dos Arcos\"},\"image\":{\"@id\":\"https:\\\/\\\/clinicadentariajardimdosarcos.pt\\\/en\\\/#\\\/schema\\\/logo\\\/image\\\/\"}}]}<\/script>\n<!-- \/ Yoast SEO plugin. -->","yoast_head_json":{"title":"Agreements & Protocols | Cl\u00ednica Dent\u00e1ria Jardim dos Arcos","description":"We have special agreements, protocols and conditions with M\u00e9dis, Muticare, AdvanceCare, AMI, Red Cross, SAMS Quadros, WDA, Future Healthcare, SMP...","robots":{"index":"index","follow":"follow","max-snippet":"max-snippet:-1","max-image-preview":"max-image-preview:large","max-video-preview":"max-video-preview:-1"},"canonical":"https:\/\/clinicadentariajardimdosarcos.pt\/en\/agreements-protocols\/","og_locale":"en_US","og_type":"article","og_title":"Agreements & Protocols | Cl\u00ednica Dent\u00e1ria Jardim dos Arcos","og_description":"We have special agreements, protocols and conditions with M\u00e9dis, Muticare, AdvanceCare, AMI, Red Cross, SAMS Quadros, WDA, Future Healthcare, SMP...","og_url":"https:\/\/clinicadentariajardimdosarcos.pt\/en\/agreements-protocols\/","og_site_name":"Cl\u00ednica Dent\u00e1ria Jardim dos Arcos","article_modified_time":"2019-07-02T10:58:26+00:00","og_image":[{"url":"https:\/\/clinicadentariajardimdosarcos.pt\/wp-content\/uploads\/2015\/03\/advancecare1.png","type":"","width":"","height":""}],"twitter_card":"summary_large_image","schema":{"@context":"https:\/\/schema.org","@graph":[{"@type":"WebPage","@id":"https:\/\/clinicadentariajardimdosarcos.pt\/en\/agreements-protocols\/","url":"https:\/\/clinicadentariajardimdosarcos.pt\/en\/agreements-protocols\/","name":"Agreements & Protocols | Cl\u00ednica Dent\u00e1ria Jardim dos Arcos","isPartOf":{"@id":"https:\/\/clinicadentariajardimdosarcos.pt\/en\/#website"},"primaryImageOfPage":{"@id":"https:\/\/clinicadentariajardimdosarcos.pt\/en\/agreements-protocols\/#primaryimage"},"image":{"@id":"https:\/\/clinicadentariajardimdosarcos.pt\/en\/agreements-protocols\/#primaryimage"},"thumbnailUrl":"https:\/\/clinicadentariajardimdosarcos.pt\/wp-content\/uploads\/2015\/03\/advancecare1.png","datePublished":"2014-03-01T20:29:18+00:00","dateModified":"2019-07-02T10:58:26+00:00","description":"We have special agreements, protocols and conditions with M\u00e9dis, Muticare, AdvanceCare, AMI, Red Cross, SAMS Quadros, WDA, Future Healthcare, SMP...","breadcrumb":{"@id":"https:\/\/clinicadentariajardimdosarcos.pt\/en\/agreements-protocols\/#breadcrumb"},"inLanguage":"en-US","potentialAction":[{"@type":"ReadAction","target":["https:\/\/clinicadentariajardimdosarcos.pt\/en\/agreements-protocols\/"]}]},{"@type":"ImageObject","inLanguage":"en-US","@id":"https:\/\/clinicadentariajardimdosarcos.pt\/en\/agreements-protocols\/#primaryimage","url":"https:\/\/clinicadentariajardimdosarcos.pt\/wp-content\/uploads\/2015\/03\/advancecare1.png","contentUrl":"https:\/\/clinicadentariajardimdosarcos.pt\/wp-content\/uploads\/2015\/03\/advancecare1.png"},{"@type":"BreadcrumbList","@id":"https:\/\/clinicadentariajardimdosarcos.pt\/en\/agreements-protocols\/#breadcrumb","itemListElement":[{"@type":"ListItem","position":1,"name":"In\u00edcio","item":"https:\/\/clinicadentariajardimdosarcos.pt\/en\/"},{"@type":"ListItem","position":2,"name":"Agreements, Protocols and Special Conditions"}]},{"@type":"WebSite","@id":"https:\/\/clinicadentariajardimdosarcos.pt\/en\/#website","url":"https:\/\/clinicadentariajardimdosarcos.pt\/en\/","name":"Cl\u00ednica Dent\u00e1ria Jardim dos Arcos","description":"O Seu Dentista em Pa\u00e7o de Arcos, Oeiras, Lisboa","publisher":{"@id":"https:\/\/clinicadentariajardimdosarcos.pt\/en\/#organization"},"potentialAction":[{"@type":"SearchAction","target":{"@type":"EntryPoint","urlTemplate":"https:\/\/clinicadentariajardimdosarcos.pt\/en\/?s={search_term_string}"},"query-input":{"@type":"PropertyValueSpecification","valueRequired":true,"valueName":"search_term_string"}}],"inLanguage":"en-US"},{"@type":"Organization","@id":"https:\/\/clinicadentariajardimdosarcos.pt\/en\/#organization","name":"Cl\u00ednica Dent\u00e1ria Jardim dos Arcos","url":"https:\/\/clinicadentariajardimdosarcos.pt\/en\/","logo":{"@type":"ImageObject","inLanguage":"en-US","@id":"https:\/\/clinicadentariajardimdosarcos.pt\/en\/#\/schema\/logo\/image\/","url":"https:\/\/clinicadentariajardimdosarcos.pt\/wp-content\/uploads\/2015\/02\/logo.png","contentUrl":"https:\/\/clinicadentariajardimdosarcos.pt\/wp-content\/uploads\/2015\/02\/logo.png","width":182,"height":85,"caption":"Cl\u00ednica Dent\u00e1ria Jardim dos Arcos"},"image":{"@id":"https:\/\/clinicadentariajardimdosarcos.pt\/en\/#\/schema\/logo\/image\/"}}]}},"_links":{"self":[{"href":"https:\/\/clinicadentariajardimdosarcos.pt\/en\/wp-json\/wp\/v2\/pages\/7265","targetHints":{"allow":["GET"]}}],"collection":[{"href":"https:\/\/clinicadentariajardimdosarcos.pt\/en\/wp-json\/wp\/v2\/pages"}],"about":[{"href":"https:\/\/clinicadentariajardimdosarcos.pt\/en\/wp-json\/wp\/v2\/types\/page"}],"author":[{"embeddable":true,"href":"https:\/\/clinicadentariajardimdosarcos.pt\/en\/wp-json\/wp\/v2\/users\/2"}],"replies":[{"embeddable":true,"href":"https:\/\/clinicadentariajardimdosarcos.pt\/en\/wp-json\/wp\/v2\/comments?post=7265"}],"version-history":[{"count":0,"href":"https:\/\/clinicadentariajardimdosarcos.pt\/en\/wp-json\/wp\/v2\/pages\/7265\/revisions"}],"wp:attachment":[{"href":"https:\/\/clinicadentariajardimdosarcos.pt\/en\/wp-json\/wp\/v2\/media?parent=7265"}],"curies":[{"name":"wp","href":"https:\/\/api.w.org\/{rel}","templated":true}]}}