{"id":7323,"date":"2011-07-14T19:46:13","date_gmt":"2011-07-14T19:46:13","guid":{"rendered":"https:\/\/clinicadentariajardimdosarcos.pt\/especialidades\/"},"modified":"2019-04-22T09:22:13","modified_gmt":"2019-04-22T08:22:13","slug":"treatments","status":"publish","type":"page","link":"https:\/\/clinicadentariajardimdosarcos.pt\/en\/treatments\/","title":{"rendered":"Treatments"},"content":{"rendered":"<div id=\"pl-7323\"  class=\"panel-layout\" ><div id=\"pg-7323-0\"  class=\"panel-grid panel-no-style\" ><div id=\"pgc-7323-0-0\"  class=\"panel-grid-cell\" ><div id=\"panel-7323-0-0-0\" class=\"so-panel widget widget_sow-headline panel-first-child\" data-index=\"0\" ><div\n\t\t\t\n\t\t\tclass=\"so-widget-sow-headline so-widget-sow-headline-default-ea0af4cf39ae-7323\"\n\t\t\t\n\t\t><div class=\"sow-headline-container \">\n\t\t\t\t\t\t\t<h1 class=\"sow-headline\">\n\t\t\t\t\t\tTreatments\t\t\t\t\t\t<\/h1>\n\t\t\t\t\t\t\t\t\t\t\t<div class=\"decoration\">\n\t\t\t\t\t\t<div class=\"decoration-inside\"><\/div>\n\t\t\t\t\t<\/div>\n\t\t\t\t\t<\/div>\n<\/div><\/div><div id=\"panel-7323-0-0-1\" class=\"so-panel widget widget_sow-features panel-last-child\" data-index=\"1\" ><div\n\t\t\t\n\t\t\tclass=\"so-widget-sow-features so-widget-sow-features-default-a56e3f890a1f-7323\"\n\t\t\t\n\t\t><ul\n\tclass=\"sow-features-list\n\tsow-features-responsive\">\n\n\t\t\t<li\n\t\t\tclass=\"sow-features-feature sow-icon-container-position-top\"\n\t\t\tstyle=\"display: flex; flex-direction: column; width: calc(33.333% - 25px);\"\n\t\t>\n\t\t\t\n\t\t\t\t\t\t<a\t\t\t\tclass=\"sow-icon-container sow-container-none\"\n\t\t\t\tstyle=\"color: #72c1af; \"\n\t\t\t\ttitle=\"DENTAL PROSTHESES AND IMPLANTS\"\n\t\t\t\t\t\t\t\t\thref=\"https:\/\/clinicadentariajardimdosarcos.pt\/en\/contact-us-clinica-dentaria-jardim-dos-arcos\/\"\n\t\t\t\t\t\t\t\t>\n\t\t\t\t\t\t\t\t\t\t<div class=\"sow-icon-image lazyload\" style=\"background-image:inherit; font-size: 24px\" data-bg-image=\"url(https:\/\/clinicadentariajardimdosarcos.pt\/wp-content\/uploads\/2019\/02\/TOPDM_CDJA-150x68.jpg)\"><\/div>\n\t\t\t\t\t\t\t\t\t<\/a>\n\n\t\t\t<div class=\"textwidget\">\n\t\t\t\t\n\t\t\t\t\t\t\t\t\t<h5 class=\"sow-features-feature-title\">\n\t\t\t\t\t\t\t\t\t\t\t\t\t<a\n\t\t\t\t\t\t\t\thref=\"https:\/\/clinicadentariajardimdosarcos.pt\/en\/contact-us-clinica-dentaria-jardim-dos-arcos\/\"\n\t\t\t\t\t\t\t\t\t\t\t\t\t\t\t>\n\t\t\t\t\t\t\tDENTAL PROSTHESES AND IMPLANTS\t\t\t\t\t\t\t<\/a>\n\t\t\t\t\t\t\t\t\t\t\t\t<\/h5>\n\t\t\t\t\n\t\t\t\t\t\t\t<\/div>\n\t\t\t\t\t\t\t\t<\/li>\n\n\t\t\t<li\n\t\t\tclass=\"sow-features-feature sow-icon-container-position-top\"\n\t\t\tstyle=\"display: flex; flex-direction: column; width: calc(33.333% - 25px);\"\n\t\t>\n\t\t\t\n\t\t\t\t\t\t<a\t\t\t\tclass=\"sow-icon-container sow-container-none\"\n\t\t\t\tstyle=\"color: #72c1af; \"\n\t\t\t\ttitle=\"PERIODONTOLOGY\"\n\t\t\t\t\t\t\t\t\thref=\"https:\/\/clinicadentariajardimdosarcos.pt\/en\/contact-us-clinica-dentaria-jardim-dos-arcos\/\"\n\t\t\t\t\t\t\t\t>\n\t\t\t\t\t\t\t\t\t\t<div class=\"sow-icon-image lazyload\" style=\"background-image:inherit; font-size: 24px\" data-bg-image=\"url(https:\/\/clinicadentariajardimdosarcos.pt\/wp-content\/uploads\/2019\/03\/periodontologia-clinica-denataria-jardim-dos-arcos-1-min-150x100.jpg)\"><\/div>\n\t\t\t\t\t\t\t\t\t<\/a>\n\n\t\t\t<div class=\"textwidget\">\n\t\t\t\t\n\t\t\t\t\t\t\t\t\t<h5 class=\"sow-features-feature-title\">\n\t\t\t\t\t\t\t\t\t\t\t\t\t<a\n\t\t\t\t\t\t\t\thref=\"https:\/\/clinicadentariajardimdosarcos.pt\/en\/contact-us-clinica-dentaria-jardim-dos-arcos\/\"\n\t\t\t\t\t\t\t\t\t\t\t\t\t\t\t>\n\t\t\t\t\t\t\tPERIODONTOLOGY\t\t\t\t\t\t\t<\/a>\n\t\t\t\t\t\t\t\t\t\t\t\t<\/h5>\n\t\t\t\t\n\t\t\t\t\t\t\t\t\t<div class=\"sow-features-feature-text\">\n\t\t\t\t\t<p>&nbsp;<\/p>\n<p>&nbsp;<\/p>\n\t\t\t\t\t<\/div>\n\t\t\t\t\t\t\t\t<\/div>\n\t\t\t\t\t\t\t\t<\/li>\n\n\t\t\t<li\n\t\t\tclass=\"sow-features-feature sow-icon-container-position-top\"\n\t\t\tstyle=\"display: flex; flex-direction: column; width: calc(33.333% - 25px);\"\n\t\t>\n\t\t\t\n\t\t\t\t\t\t<a\t\t\t\tclass=\"sow-icon-container sow-container-none\"\n\t\t\t\tstyle=\"color: #72c1af; \"\n\t\t\t\ttitle=\"ENDODONTICS\"\n\t\t\t\t\t\t\t\t\thref=\"https:\/\/clinicadentariajardimdosarcos.pt\/en\/contact-us-clinica-dentaria-jardim-dos-arcos\/\"\n\t\t\t\t\t\t\t\t>\n\t\t\t\t\t\t\t\t\t\t<div class=\"sow-icon-image lazyload\" style=\"background-image:inherit; font-size: 24px\" data-bg-image=\"url(https:\/\/clinicadentariajardimdosarcos.pt\/wp-content\/uploads\/2019\/03\/endodoncia-clinica-dentaria-jardim-dos-arcos-1-min-150x100.jpg)\"><\/div>\n\t\t\t\t\t\t\t\t\t<\/a>\n\n\t\t\t<div class=\"textwidget\">\n\t\t\t\t\n\t\t\t\t\t\t\t\t\t<h5 class=\"sow-features-feature-title\">\n\t\t\t\t\t\t\t\t\t\t\t\t\t<a\n\t\t\t\t\t\t\t\thref=\"https:\/\/clinicadentariajardimdosarcos.pt\/en\/contact-us-clinica-dentaria-jardim-dos-arcos\/\"\n\t\t\t\t\t\t\t\t\t\t\t\t\t\t\t>\n\t\t\t\t\t\t\tENDODONTICS\t\t\t\t\t\t\t<\/a>\n\t\t\t\t\t\t\t\t\t\t\t\t<\/h5>\n\t\t\t\t\n\t\t\t\t\t\t\t<\/div>\n\t\t\t\t\t\t\t\t<\/li>\n\n\t\t\t<li\n\t\t\tclass=\"sow-features-feature sow-icon-container-position-top\"\n\t\t\tstyle=\"display: flex; flex-direction: column; width: calc(33.333% - 25px);\"\n\t\t>\n\t\t\t\n\t\t\t\t\t\t<a\t\t\t\tclass=\"sow-icon-container sow-container-none\"\n\t\t\t\tstyle=\"color: #72c1af; \"\n\t\t\t\ttitle=\" FIXED PROSTHESES: DENTAL BRIDGES AND CROWNS\"\n\t\t\t\t\t\t\t\t\thref=\"https:\/\/clinicadentariajardimdosarcos.pt\/en\/contact-us-clinica-dentaria-jardim-dos-arcos\/\"\n\t\t\t\t\t\t\t\t>\n\t\t\t\t\t\t\t\t\t\t<div class=\"sow-icon-image lazyload\" style=\"background-image:inherit; font-size: 24px\" data-bg-image=\"url(https:\/\/clinicadentariajardimdosarcos.pt\/wp-content\/uploads\/2019\/03\/protesis-clinicadentaria-jardim-dos-arcos-min-150x100.jpg)\"><\/div>\n\t\t\t\t\t\t\t\t\t<\/a>\n\n\t\t\t<div class=\"textwidget\">\n\t\t\t\t\n\t\t\t\t\t\t\t\t\t<h5 class=\"sow-features-feature-title\">\n\t\t\t\t\t\t\t\t\t\t\t\t\t<a\n\t\t\t\t\t\t\t\thref=\"https:\/\/clinicadentariajardimdosarcos.pt\/en\/contact-us-clinica-dentaria-jardim-dos-arcos\/\"\n\t\t\t\t\t\t\t\t\t\t\t\t\t\t\t>\n\t\t\t\t\t\t\t FIXED PROSTHESES: DENTAL BRIDGES AND CROWNS\t\t\t\t\t\t\t<\/a>\n\t\t\t\t\t\t\t\t\t\t\t\t<\/h5>\n\t\t\t\t\n\t\t\t\t\t\t\t<\/div>\n\t\t\t\t\t\t\t\t<\/li>\n\n\t\t\t<li\n\t\t\tclass=\"sow-features-feature sow-icon-container-position-top\"\n\t\t\tstyle=\"display: flex; flex-direction: column; width: calc(33.333% - 25px);\"\n\t\t>\n\t\t\t\n\t\t\t\t\t\t<a\t\t\t\tclass=\"sow-icon-container sow-container-none\"\n\t\t\t\tstyle=\"color: #72c1af; \"\n\t\t\t\ttitle=\"DENTAL AESTHETICS\"\n\t\t\t\t\t\t\t\t\thref=\"https:\/\/clinicadentariajardimdosarcos.pt\/en\/contact-us-clinica-dentaria-jardim-dos-arcos\/\"\n\t\t\t\t\t\t\t\t>\n\t\t\t\t\t\t\t\t\t\t<div class=\"sow-icon-image lazyload\" style=\"background-image:inherit; font-size: 24px\" data-bg-image=\"url(https:\/\/clinicadentariajardimdosarcos.pt\/wp-content\/uploads\/2019\/03\/estetica-dentaria-clinica-dentaria-jardim-dos-arcos-min-1-150x83.jpg)\"><\/div>\n\t\t\t\t\t\t\t\t\t<\/a>\n\n\t\t\t<div class=\"textwidget\">\n\t\t\t\t\n\t\t\t\t\t\t\t\t\t<h5 class=\"sow-features-feature-title\">\n\t\t\t\t\t\t\t\t\t\t\t\t\t<a\n\t\t\t\t\t\t\t\thref=\"https:\/\/clinicadentariajardimdosarcos.pt\/en\/contact-us-clinica-dentaria-jardim-dos-arcos\/\"\n\t\t\t\t\t\t\t\t\t\t\t\t\t\t\t>\n\t\t\t\t\t\t\tDENTAL AESTHETICS\t\t\t\t\t\t\t<\/a>\n\t\t\t\t\t\t\t\t\t\t\t\t<\/h5>\n\t\t\t\t\n\t\t\t\t\t\t\t<\/div>\n\t\t\t\t\t\t\t\t<\/li>\n\n\t\t\t<li\n\t\t\tclass=\"sow-features-feature sow-icon-container-position-top\"\n\t\t\tstyle=\"display: flex; flex-direction: column; width: calc(33.333% - 25px);\"\n\t\t>\n\t\t\t\n\t\t\t\t\t\t<a\t\t\t\tclass=\"sow-icon-container sow-container-none\"\n\t\t\t\tstyle=\"color: #72c1af; \"\n\t\t\t\ttitle=\"TEETH WHITENING\"\n\t\t\t\t\t\t\t\t\thref=\"https:\/\/clinicadentariajardimdosarcos.pt\/en\/contact-us-clinica-dentaria-jardim-dos-arcos\/\"\n\t\t\t\t\t\t\t\t>\n\t\t\t\t\t\t\t\t\t\t<div class=\"sow-icon-image lazyload\" style=\"background-image:inherit; font-size: 24px\" data-bg-image=\"url(https:\/\/clinicadentariajardimdosarcos.pt\/wp-content\/uploads\/2014\/01\/Branqueamento-e14165003779002-150x150.jpg)\"><\/div>\n\t\t\t\t\t\t\t\t\t<\/a>\n\n\t\t\t<div class=\"textwidget\">\n\t\t\t\t\n\t\t\t\t\t\t\t\t\t<h5 class=\"sow-features-feature-title\">\n\t\t\t\t\t\t\t\t\t\t\t\t\t<a\n\t\t\t\t\t\t\t\thref=\"https:\/\/clinicadentariajardimdosarcos.pt\/en\/contact-us-clinica-dentaria-jardim-dos-arcos\/\"\n\t\t\t\t\t\t\t\t\t\t\t\t\t\t\t>\n\t\t\t\t\t\t\tTEETH WHITENING\t\t\t\t\t\t\t<\/a>\n\t\t\t\t\t\t\t\t\t\t\t\t<\/h5>\n\t\t\t\t\n\t\t\t\t\t\t\t<\/div>\n\t\t\t\t\t\t\t\t<\/li>\n\n\t\t\t<li\n\t\t\tclass=\"sow-features-feature sow-icon-container-position-top\"\n\t\t\tstyle=\"display: flex; flex-direction: column; width: calc(33.333% - 25px);\"\n\t\t>\n\t\t\t\n\t\t\t\t\t\t<a\t\t\t\tclass=\"sow-icon-container sow-container-none\"\n\t\t\t\tstyle=\"color: #72c1af; \"\n\t\t\t\ttitle=\"ORTHODONTICS\"\n\t\t\t\t\t\t\t\t\thref=\"https:\/\/clinicadentariajardimdosarcos.pt\/en\/contact-us-clinica-dentaria-jardim-dos-arcos\/\"\n\t\t\t\t\t\t\t\t>\n\t\t\t\t\t\t\t\t\t\t<div class=\"sow-icon-image lazyload\" style=\"background-image:inherit; font-size: 24px\" data-bg-image=\"url(https:\/\/clinicadentariajardimdosarcos.pt\/wp-content\/uploads\/2019\/03\/endodoncia-clinica-dentaria-jardim-dos-arcos-2-min-150x100.jpg)\"><\/div>\n\t\t\t\t\t\t\t\t\t<\/a>\n\n\t\t\t<div class=\"textwidget\">\n\t\t\t\t\n\t\t\t\t\t\t\t\t\t<h5 class=\"sow-features-feature-title\">\n\t\t\t\t\t\t\t\t\t\t\t\t\t<a\n\t\t\t\t\t\t\t\thref=\"https:\/\/clinicadentariajardimdosarcos.pt\/en\/contact-us-clinica-dentaria-jardim-dos-arcos\/\"\n\t\t\t\t\t\t\t\t\t\t\t\t\t\t\t>\n\t\t\t\t\t\t\tORTHODONTICS\t\t\t\t\t\t\t<\/a>\n\t\t\t\t\t\t\t\t\t\t\t\t<\/h5>\n\t\t\t\t\n\t\t\t\t\t\t\t<\/div>\n\t\t\t\t\t\t\t\t<\/li>\n\n\t\t\t<li\n\t\t\tclass=\"sow-features-feature sow-icon-container-position-top\"\n\t\t\tstyle=\"display: flex; flex-direction: column; width: calc(33.333% - 25px);\"\n\t\t>\n\t\t\t\n\t\t\t\t\t\t<a\t\t\t\tclass=\"sow-icon-container sow-container-none\"\n\t\t\t\tstyle=\"color: #72c1af; \"\n\t\t\t\ttitle=\"CHILDREN\u00b4S DENTISTRY \"\n\t\t\t\t\t\t\t\t\thref=\"https:\/\/clinicadentariajardimdosarcos.pt\/en\/contact-us-clinica-dentaria-jardim-dos-arcos\/\"\n\t\t\t\t\t\t\t\t>\n\t\t\t\t\t\t\t\t\t\t<div class=\"sow-icon-image lazyload\" style=\"background-image:inherit; font-size: 24px\" data-bg-image=\"url(https:\/\/clinicadentariajardimdosarcos.pt\/wp-content\/uploads\/2019\/03\/odontopediatria-clinica-dentaria-jardim-dos-arcos-min-150x100.jpg)\"><\/div>\n\t\t\t\t\t\t\t\t\t<\/a>\n\n\t\t\t<div class=\"textwidget\">\n\t\t\t\t\n\t\t\t\t\t\t\t\t\t<h5 class=\"sow-features-feature-title\">\n\t\t\t\t\t\t\t\t\t\t\t\t\t<a\n\t\t\t\t\t\t\t\thref=\"https:\/\/clinicadentariajardimdosarcos.pt\/en\/contact-us-clinica-dentaria-jardim-dos-arcos\/\"\n\t\t\t\t\t\t\t\t\t\t\t\t\t\t\t>\n\t\t\t\t\t\t\tCHILDREN\u00b4S DENTISTRY \t\t\t\t\t\t\t<\/a>\n\t\t\t\t\t\t\t\t\t\t\t\t<\/h5>\n\t\t\t\t\n\t\t\t\t\t\t\t<\/div>\n\t\t\t\t\t\t\t\t<\/li>\n\n\t\t\t<li\n\t\t\tclass=\"sow-features-feature sow-icon-container-position-top\"\n\t\t\tstyle=\"display: flex; flex-direction: column; width: calc(33.333% - 25px);\"\n\t\t>\n\t\t\t\n\t\t\t\t\t\t<a\t\t\t\tclass=\"sow-icon-container sow-container-none\"\n\t\t\t\tstyle=\"color: #72c1af; \"\n\t\t\t\ttitle=\"TEETH IN A DAY\"\n\t\t\t\t\t\t\t\t\thref=\"https:\/\/clinicadentariajardimdosarcos.pt\/en\/contact-us-clinica-dentaria-jardim-dos-arcos\/\"\n\t\t\t\t\t\t\t\t>\n\t\t\t\t\t\t\t\t\t\t<div class=\"sow-icon-image lazyload\" style=\"background-image:inherit; font-size: 24px\" data-bg-image=\"url(https:\/\/clinicadentariajardimdosarcos.pt\/wp-content\/uploads\/2019\/03\/periodontologia-clinica-denataria-jardim-dos-arcos-2-min-150x100.jpg)\"><\/div>\n\t\t\t\t\t\t\t\t\t<\/a>\n\n\t\t\t<div class=\"textwidget\">\n\t\t\t\t\n\t\t\t\t\t\t\t\t\t<h5 class=\"sow-features-feature-title\">\n\t\t\t\t\t\t\t\t\t\t\t\t\t<a\n\t\t\t\t\t\t\t\thref=\"https:\/\/clinicadentariajardimdosarcos.pt\/en\/contact-us-clinica-dentaria-jardim-dos-arcos\/\"\n\t\t\t\t\t\t\t\t\t\t\t\t\t\t\t>\n\t\t\t\t\t\t\tTEETH IN A DAY\t\t\t\t\t\t\t<\/a>\n\t\t\t\t\t\t\t\t\t\t\t\t<\/h5>\n\t\t\t\t\n\t\t\t\t\t\t\t<\/div>\n\t\t\t\t\t\t\t\t<\/li>\n\n\t\t\t<li\n\t\t\tclass=\"sow-features-feature sow-icon-container-position-top\"\n\t\t\tstyle=\"display: flex; flex-direction: column; width: calc(33.333% - 25px);\"\n\t\t>\n\t\t\t\n\t\t\t\t\t\t<a\t\t\t\tclass=\"sow-icon-container sow-container-none\"\n\t\t\t\tstyle=\"color: #72c1af; \"\n\t\t\t\ttitle=\"HALITOSIS\"\n\t\t\t\t\t\t\t\t\thref=\"https:\/\/clinicadentariajardimdosarcos.pt\/en\/contact-us-clinica-dentaria-jardim-dos-arcos\/\"\n\t\t\t\t\t\t\t\t>\n\t\t\t\t\t\t\t\t\t\t<div class=\"sow-icon-image lazyload\" style=\"background-image:inherit; font-size: 24px\" data-bg-image=\"url(https:\/\/clinicadentariajardimdosarcos.pt\/wp-content\/uploads\/2018\/06\/halitosis.jpg)\"><\/div>\n\t\t\t\t\t\t\t\t\t<\/a>\n\n\t\t\t<div class=\"textwidget\">\n\t\t\t\t\n\t\t\t\t\t\t\t\t\t<h5 class=\"sow-features-feature-title\">\n\t\t\t\t\t\t\t\t\t\t\t\t\t<a\n\t\t\t\t\t\t\t\thref=\"https:\/\/clinicadentariajardimdosarcos.pt\/en\/contact-us-clinica-dentaria-jardim-dos-arcos\/\"\n\t\t\t\t\t\t\t\t\t\t\t\t\t\t\t>\n\t\t\t\t\t\t\tHALITOSIS\t\t\t\t\t\t\t<\/a>\n\t\t\t\t\t\t\t\t\t\t\t\t<\/h5>\n\t\t\t\t\n\t\t\t\t\t\t\t<\/div>\n\t\t\t\t\t\t\t\t<\/li>\n\n\t<\/ul>\n<\/div><\/div><\/div><\/div><div id=\"pg-7323-1\"  class=\"panel-grid panel-no-style\" ><div id=\"pgc-7323-1-0\"  class=\"panel-grid-cell panel-grid-cell-empty\" ><\/div><\/div><\/div>","protected":false},"excerpt":{"rendered":"<p>Treatments DENTAL PROSTHESES AND IMPLANTS PERIODONTOLOGY &nbsp; &nbsp; ENDODONTICS FIXED PROSTHESES: DENTAL BRIDGES AND CROWNS DENTAL AESTHETICS TEETH WHITENING ORTHODONTICS CHILDREN\u00b4S DENTISTRY TEETH IN A DAY HALITOSIS<\/p>\n","protected":false},"author":2,"featured_media":0,"parent":0,"menu_order":2,"comment_status":"closed","ping_status":"closed","template":"","meta":{"site-sidebar-layout":"right-sidebar","site-content-layout":"boxed-container","ast-site-content-layout":"normal-width-container","site-content-style":"boxed","site-sidebar-style":"boxed","ast-global-header-display":"","ast-banner-title-visibility":"","ast-main-header-display":"","ast-hfb-above-header-display":"","ast-hfb-below-header-display":"","ast-hfb-mobile-header-display":"","site-post-title":"disabled","ast-breadcrumbs-content":"","ast-featured-img":"","footer-sml-layout":"","ast-disable-related-posts":"","theme-transparent-header-meta":"default","adv-header-id-meta":"","stick-header-meta":"","header-above-stick-meta":"","header-main-stick-meta":"","header-below-stick-meta":"","astra-migrate-meta-layouts":"default","ast-page-background-enabled":"default","ast-page-background-meta":{"desktop":{"background-color":"","background-image":"","background-repeat":"repeat","background-position":"center center","background-size":"auto","background-attachment":"scroll","background-type":"","background-media":"","overlay-type":"","overlay-color":"","overlay-opacity":"","overlay-gradient":""},"tablet":{"background-color":"","background-image":"","background-repeat":"repeat","background-position":"center center","background-size":"auto","background-attachment":"scroll","background-type":"","background-media":"","overlay-type":"","overlay-color":"","overlay-opacity":"","overlay-gradient":""},"mobile":{"background-color":"","background-image":"","background-repeat":"repeat","background-position":"center center","background-size":"auto","background-attachment":"scroll","background-type":"","background-media":"","overlay-type":"","overlay-color":"","overlay-opacity":"","overlay-gradient":""}},"ast-content-background-meta":{"desktop":{"background-color":"var(--ast-global-color-5)","background-image":"","background-repeat":"repeat","background-position":"center center","background-size":"auto","background-attachment":"scroll","background-type":"","background-media":"","overlay-type":"","overlay-color":"","overlay-opacity":"","overlay-gradient":""},"tablet":{"background-color":"var(--ast-global-color-5)","background-image":"","background-repeat":"repeat","background-position":"center center","background-size":"auto","background-attachment":"scroll","background-type":"","background-media":"","overlay-type":"","overlay-color":"","overlay-opacity":"","overlay-gradient":""},"mobile":{"background-color":"var(--ast-global-color-5)","background-image":"","background-repeat":"repeat","background-position":"center center","background-size":"auto","background-attachment":"scroll","background-type":"","background-media":"","overlay-type":"","overlay-color":"","overlay-opacity":"","overlay-gradient":""}},"footnotes":""},"class_list":["post-7323","page","type-page","status-publish","hentry"],"yoast_head":"<!-- This site is optimized with the Yoast SEO plugin v27.3 - https:\/\/yoast.com\/product\/yoast-seo-wordpress\/ -->\n<title>Dental Treatments | Cl\u00ednica Dent\u00e1ria Jardim dos Arcos<\/title>\n<meta name=\"description\" content=\"Dental Treatments by Cl\u00ednica Dent\u00e1ria Jardim dos Arcos: ask us for an appointment without any commitment. We have agreements with major insurers.\" \/>\n<meta name=\"robots\" content=\"index, follow, max-snippet:-1, max-image-preview:large, max-video-preview:-1\" \/>\n<link rel=\"canonical\" href=\"https:\/\/clinicadentariajardimdosarcos.pt\/en\/treatments\/\" \/>\n<meta property=\"og:locale\" content=\"en_US\" \/>\n<meta property=\"og:type\" content=\"article\" \/>\n<meta property=\"og:title\" content=\"Dental Treatments | Cl\u00ednica Dent\u00e1ria Jardim dos Arcos\" \/>\n<meta property=\"og:description\" content=\"Dental Treatments by Cl\u00ednica Dent\u00e1ria Jardim dos Arcos: ask us for an appointment without any commitment. We have agreements with major insurers.\" \/>\n<meta property=\"og:url\" content=\"https:\/\/clinicadentariajardimdosarcos.pt\/en\/treatments\/\" \/>\n<meta property=\"og:site_name\" content=\"Cl\u00ednica Dent\u00e1ria Jardim dos Arcos\" \/>\n<meta property=\"article:modified_time\" content=\"2019-04-22T08:22:13+00:00\" \/>\n<meta name=\"twitter:card\" content=\"summary_large_image\" \/>\n<script type=\"application\/ld+json\" class=\"yoast-schema-graph\">{\"@context\":\"https:\\\/\\\/schema.org\",\"@graph\":[{\"@type\":\"WebPage\",\"@id\":\"https:\\\/\\\/clinicadentariajardimdosarcos.pt\\\/en\\\/treatments\\\/\",\"url\":\"https:\\\/\\\/clinicadentariajardimdosarcos.pt\\\/en\\\/treatments\\\/\",\"name\":\"Dental Treatments | Cl\u00ednica Dent\u00e1ria Jardim dos Arcos\",\"isPartOf\":{\"@id\":\"https:\\\/\\\/clinicadentariajardimdosarcos.pt\\\/en\\\/#website\"},\"datePublished\":\"2011-07-14T19:46:13+00:00\",\"dateModified\":\"2019-04-22T08:22:13+00:00\",\"description\":\"Dental Treatments by Cl\u00ednica Dent\u00e1ria Jardim dos Arcos: ask us for an appointment without any commitment. We have agreements with major insurers.\",\"breadcrumb\":{\"@id\":\"https:\\\/\\\/clinicadentariajardimdosarcos.pt\\\/en\\\/treatments\\\/#breadcrumb\"},\"inLanguage\":\"en-US\",\"potentialAction\":[{\"@type\":\"ReadAction\",\"target\":[\"https:\\\/\\\/clinicadentariajardimdosarcos.pt\\\/en\\\/treatments\\\/\"]}]},{\"@type\":\"BreadcrumbList\",\"@id\":\"https:\\\/\\\/clinicadentariajardimdosarcos.pt\\\/en\\\/treatments\\\/#breadcrumb\",\"itemListElement\":[{\"@type\":\"ListItem\",\"position\":1,\"name\":\"In\u00edcio\",\"item\":\"https:\\\/\\\/clinicadentariajardimdosarcos.pt\\\/en\\\/\"},{\"@type\":\"ListItem\",\"position\":2,\"name\":\"Treatments\"}]},{\"@type\":\"WebSite\",\"@id\":\"https:\\\/\\\/clinicadentariajardimdosarcos.pt\\\/en\\\/#website\",\"url\":\"https:\\\/\\\/clinicadentariajardimdosarcos.pt\\\/en\\\/\",\"name\":\"Cl\u00ednica Dent\u00e1ria Jardim dos Arcos\",\"description\":\"O Seu Dentista em Pa\u00e7o de Arcos, Oeiras, Lisboa\",\"publisher\":{\"@id\":\"https:\\\/\\\/clinicadentariajardimdosarcos.pt\\\/en\\\/#organization\"},\"potentialAction\":[{\"@type\":\"SearchAction\",\"target\":{\"@type\":\"EntryPoint\",\"urlTemplate\":\"https:\\\/\\\/clinicadentariajardimdosarcos.pt\\\/en\\\/?s={search_term_string}\"},\"query-input\":{\"@type\":\"PropertyValueSpecification\",\"valueRequired\":true,\"valueName\":\"search_term_string\"}}],\"inLanguage\":\"en-US\"},{\"@type\":\"Organization\",\"@id\":\"https:\\\/\\\/clinicadentariajardimdosarcos.pt\\\/en\\\/#organization\",\"name\":\"Cl\u00ednica Dent\u00e1ria Jardim dos Arcos\",\"url\":\"https:\\\/\\\/clinicadentariajardimdosarcos.pt\\\/en\\\/\",\"logo\":{\"@type\":\"ImageObject\",\"inLanguage\":\"en-US\",\"@id\":\"https:\\\/\\\/clinicadentariajardimdosarcos.pt\\\/en\\\/#\\\/schema\\\/logo\\\/image\\\/\",\"url\":\"https:\\\/\\\/clinicadentariajardimdosarcos.pt\\\/wp-content\\\/uploads\\\/2015\\\/02\\\/logo.png\",\"contentUrl\":\"https:\\\/\\\/clinicadentariajardimdosarcos.pt\\\/wp-content\\\/uploads\\\/2015\\\/02\\\/logo.png\",\"width\":182,\"height\":85,\"caption\":\"Cl\u00ednica Dent\u00e1ria Jardim dos Arcos\"},\"image\":{\"@id\":\"https:\\\/\\\/clinicadentariajardimdosarcos.pt\\\/en\\\/#\\\/schema\\\/logo\\\/image\\\/\"}}]}<\/script>\n<!-- \/ Yoast SEO plugin. -->","yoast_head_json":{"title":"Dental Treatments | Cl\u00ednica Dent\u00e1ria Jardim dos Arcos","description":"Dental Treatments by Cl\u00ednica Dent\u00e1ria Jardim dos Arcos: ask us for an appointment without any commitment. We have agreements with major insurers.","robots":{"index":"index","follow":"follow","max-snippet":"max-snippet:-1","max-image-preview":"max-image-preview:large","max-video-preview":"max-video-preview:-1"},"canonical":"https:\/\/clinicadentariajardimdosarcos.pt\/en\/treatments\/","og_locale":"en_US","og_type":"article","og_title":"Dental Treatments | Cl\u00ednica Dent\u00e1ria Jardim dos Arcos","og_description":"Dental Treatments by Cl\u00ednica Dent\u00e1ria Jardim dos Arcos: ask us for an appointment without any commitment. We have agreements with major insurers.","og_url":"https:\/\/clinicadentariajardimdosarcos.pt\/en\/treatments\/","og_site_name":"Cl\u00ednica Dent\u00e1ria Jardim dos Arcos","article_modified_time":"2019-04-22T08:22:13+00:00","twitter_card":"summary_large_image","schema":{"@context":"https:\/\/schema.org","@graph":[{"@type":"WebPage","@id":"https:\/\/clinicadentariajardimdosarcos.pt\/en\/treatments\/","url":"https:\/\/clinicadentariajardimdosarcos.pt\/en\/treatments\/","name":"Dental Treatments | Cl\u00ednica Dent\u00e1ria Jardim dos Arcos","isPartOf":{"@id":"https:\/\/clinicadentariajardimdosarcos.pt\/en\/#website"},"datePublished":"2011-07-14T19:46:13+00:00","dateModified":"2019-04-22T08:22:13+00:00","description":"Dental Treatments by Cl\u00ednica Dent\u00e1ria Jardim dos Arcos: ask us for an appointment without any commitment. We have agreements with major insurers.","breadcrumb":{"@id":"https:\/\/clinicadentariajardimdosarcos.pt\/en\/treatments\/#breadcrumb"},"inLanguage":"en-US","potentialAction":[{"@type":"ReadAction","target":["https:\/\/clinicadentariajardimdosarcos.pt\/en\/treatments\/"]}]},{"@type":"BreadcrumbList","@id":"https:\/\/clinicadentariajardimdosarcos.pt\/en\/treatments\/#breadcrumb","itemListElement":[{"@type":"ListItem","position":1,"name":"In\u00edcio","item":"https:\/\/clinicadentariajardimdosarcos.pt\/en\/"},{"@type":"ListItem","position":2,"name":"Treatments"}]},{"@type":"WebSite","@id":"https:\/\/clinicadentariajardimdosarcos.pt\/en\/#website","url":"https:\/\/clinicadentariajardimdosarcos.pt\/en\/","name":"Cl\u00ednica Dent\u00e1ria Jardim dos Arcos","description":"O Seu Dentista em Pa\u00e7o de Arcos, Oeiras, Lisboa","publisher":{"@id":"https:\/\/clinicadentariajardimdosarcos.pt\/en\/#organization"},"potentialAction":[{"@type":"SearchAction","target":{"@type":"EntryPoint","urlTemplate":"https:\/\/clinicadentariajardimdosarcos.pt\/en\/?s={search_term_string}"},"query-input":{"@type":"PropertyValueSpecification","valueRequired":true,"valueName":"search_term_string"}}],"inLanguage":"en-US"},{"@type":"Organization","@id":"https:\/\/clinicadentariajardimdosarcos.pt\/en\/#organization","name":"Cl\u00ednica Dent\u00e1ria Jardim dos Arcos","url":"https:\/\/clinicadentariajardimdosarcos.pt\/en\/","logo":{"@type":"ImageObject","inLanguage":"en-US","@id":"https:\/\/clinicadentariajardimdosarcos.pt\/en\/#\/schema\/logo\/image\/","url":"https:\/\/clinicadentariajardimdosarcos.pt\/wp-content\/uploads\/2015\/02\/logo.png","contentUrl":"https:\/\/clinicadentariajardimdosarcos.pt\/wp-content\/uploads\/2015\/02\/logo.png","width":182,"height":85,"caption":"Cl\u00ednica Dent\u00e1ria Jardim dos Arcos"},"image":{"@id":"https:\/\/clinicadentariajardimdosarcos.pt\/en\/#\/schema\/logo\/image\/"}}]}},"_links":{"self":[{"href":"https:\/\/clinicadentariajardimdosarcos.pt\/en\/wp-json\/wp\/v2\/pages\/7323","targetHints":{"allow":["GET"]}}],"collection":[{"href":"https:\/\/clinicadentariajardimdosarcos.pt\/en\/wp-json\/wp\/v2\/pages"}],"about":[{"href":"https:\/\/clinicadentariajardimdosarcos.pt\/en\/wp-json\/wp\/v2\/types\/page"}],"author":[{"embeddable":true,"href":"https:\/\/clinicadentariajardimdosarcos.pt\/en\/wp-json\/wp\/v2\/users\/2"}],"replies":[{"embeddable":true,"href":"https:\/\/clinicadentariajardimdosarcos.pt\/en\/wp-json\/wp\/v2\/comments?post=7323"}],"version-history":[{"count":0,"href":"https:\/\/clinicadentariajardimdosarcos.pt\/en\/wp-json\/wp\/v2\/pages\/7323\/revisions"}],"wp:attachment":[{"href":"https:\/\/clinicadentariajardimdosarcos.pt\/en\/wp-json\/wp\/v2\/media?parent=7323"}],"curies":[{"name":"wp","href":"https:\/\/api.w.org\/{rel}","templated":true}]}}