{"id":7230,"date":"2013-10-24T14:17:35","date_gmt":"2013-10-24T13:17:35","guid":{"rendered":"https:\/\/clinicadentariajardimdosarcos.pt\/marcacao-de-consulta\/"},"modified":"2019-03-29T13:14:53","modified_gmt":"2019-03-29T12:14:53","slug":"rendez-vous","status":"publish","type":"page","link":"https:\/\/clinicadentariajardimdosarcos.pt\/fr\/rendez-vous\/","title":{"rendered":"Rendez-vous au Centre Dentaire Jardim dos Arcos"},"content":{"rendered":"<p><img decoding=\"async\" class=\"alignleft wp-image-2094 lazyload\" data-src=\"https:\/\/clinicadentariajardimdosarcos.pt\/wp-content\/uploads\/2015\/03\/service-3.jpg\" alt=\"Marca\u00e7\u00e3o de consulta online\" width=\"214\" height=\"160\" src=\"data:image\/svg+xml;base64,PHN2ZyB3aWR0aD0iMSIgaGVpZ2h0PSIxIiB4bWxucz0iaHR0cDovL3d3dy53My5vcmcvMjAwMC9zdmciPjwvc3ZnPg==\" style=\"--smush-placeholder-width: 214px; --smush-placeholder-aspect-ratio: 214\/160;\">Veuillez compl\u00e9ter ce qui suit <strong>forme<\/strong> pour nous aider \u00e0 vous proposer la date et l&#8217;heure qui correspondent le mieux \u00e0 vos besoins et \/ ou pr\u00e9f\u00e9rences.<br \/>\nNous vous contacterons d\u00e8s que possible pour confirmer votre rendez-vous.<\/p>\n<p>Si vous pr\u00e9f\u00e9rez, vous pouvez <strong>appelez nous<\/strong><br \/>\npendant les heures d&#8217;ouverture de le centre (entre 8 et 19 heures du lundi au vendredi): (+351) 214 413 039.<\/p>\n<p class=\"wpcf7-invalid-action-url\"><strong>Error:<\/strong> Invalid action URL is detected.<\/p>\n","protected":false},"excerpt":{"rendered":"<p>Veuillez compl\u00e9ter ce qui suit forme pour nous aider \u00e0 vous proposer la date et l&#8217;heure qui correspondent le mieux \u00e0 vos besoins et \/ ou pr\u00e9f\u00e9rences. Nous vous contacterons d\u00e8s que possible pour confirmer votre rendez-vous. Si vous pr\u00e9f\u00e9rez, vous pouvez appelez nous pendant les heures d&#8217;ouverture de le centre (entre 8 et 19 [&hellip;]<\/p>\n","protected":false},"author":2,"featured_media":0,"parent":0,"menu_order":0,"comment_status":"closed","ping_status":"closed","template":"","meta":{"site-sidebar-layout":"default","site-content-layout":"default","ast-site-content-layout":"default","site-content-style":"default","site-sidebar-style":"default","ast-global-header-display":"","ast-banner-title-visibility":"","ast-main-header-display":"","ast-hfb-above-header-display":"","ast-hfb-below-header-display":"","ast-hfb-mobile-header-display":"","site-post-title":"","ast-breadcrumbs-content":"","ast-featured-img":"","footer-sml-layout":"","ast-disable-related-posts":"","theme-transparent-header-meta":"default","adv-header-id-meta":"","stick-header-meta":"","header-above-stick-meta":"","header-main-stick-meta":"","header-below-stick-meta":"","astra-migrate-meta-layouts":"default","ast-page-background-enabled":"default","ast-page-background-meta":{"desktop":{"background-color":"","background-image":"","background-repeat":"repeat","background-position":"center center","background-size":"auto","background-attachment":"scroll","background-type":"","background-media":"","overlay-type":"","overlay-color":"","overlay-opacity":"","overlay-gradient":""},"tablet":{"background-color":"","background-image":"","background-repeat":"repeat","background-position":"center center","background-size":"auto","background-attachment":"scroll","background-type":"","background-media":"","overlay-type":"","overlay-color":"","overlay-opacity":"","overlay-gradient":""},"mobile":{"background-color":"","background-image":"","background-repeat":"repeat","background-position":"center center","background-size":"auto","background-attachment":"scroll","background-type":"","background-media":"","overlay-type":"","overlay-color":"","overlay-opacity":"","overlay-gradient":""}},"ast-content-background-meta":{"desktop":{"background-color":"var(--ast-global-color-5)","background-image":"","background-repeat":"repeat","background-position":"center center","background-size":"auto","background-attachment":"scroll","background-type":"","background-media":"","overlay-type":"","overlay-color":"","overlay-opacity":"","overlay-gradient":""},"tablet":{"background-color":"var(--ast-global-color-5)","background-image":"","background-repeat":"repeat","background-position":"center center","background-size":"auto","background-attachment":"scroll","background-type":"","background-media":"","overlay-type":"","overlay-color":"","overlay-opacity":"","overlay-gradient":""},"mobile":{"background-color":"var(--ast-global-color-5)","background-image":"","background-repeat":"repeat","background-position":"center center","background-size":"auto","background-attachment":"scroll","background-type":"","background-media":"","overlay-type":"","overlay-color":"","overlay-opacity":"","overlay-gradient":""}},"footnotes":""},"class_list":["post-7230","page","type-page","status-publish","hentry"],"yoast_head":"<!-- This site is optimized with the Yoast SEO plugin v27.3 - https:\/\/yoast.com\/product\/yoast-seo-wordpress\/ -->\n<title>Rendez vous au Centre Dentaire Jardim dos Arcos<\/title>\n<meta name=\"description\" content=\"Prenez rendez-vous en ligne \u00e0 le centre dentaire Jardim dos Arcos. Par t\u00e9l\u00e9phone de 8h \u00e0 19h du lundi au vendredi: (+351) 214 413 039.\" \/>\n<meta name=\"robots\" content=\"index, follow, max-snippet:-1, max-image-preview:large, max-video-preview:-1\" \/>\n<link rel=\"canonical\" href=\"https:\/\/clinicadentariajardimdosarcos.pt\/fr\/rendez-vous\/\" \/>\n<meta property=\"og:locale\" content=\"fr_FR\" \/>\n<meta property=\"og:type\" content=\"article\" \/>\n<meta property=\"og:title\" content=\"Rendez vous au Centre Dentaire Jardim dos Arcos\" \/>\n<meta property=\"og:description\" content=\"Prenez rendez-vous en ligne \u00e0 le centre dentaire Jardim dos Arcos. Par t\u00e9l\u00e9phone de 8h \u00e0 19h du lundi au vendredi: (+351) 214 413 039.\" \/>\n<meta property=\"og:url\" content=\"https:\/\/clinicadentariajardimdosarcos.pt\/fr\/rendez-vous\/\" \/>\n<meta property=\"og:site_name\" content=\"Cl\u00ednica Dent\u00e1ria Jardim dos Arcos\" \/>\n<meta property=\"article:modified_time\" content=\"2019-03-29T12:14:53+00:00\" \/>\n<meta property=\"og:image\" content=\"https:\/\/clinicadentariajardimdosarcos.pt\/wp-content\/uploads\/2015\/03\/service-3.jpg\" \/>\n<meta name=\"twitter:card\" content=\"summary_large_image\" \/>\n<script type=\"application\/ld+json\" class=\"yoast-schema-graph\">{\"@context\":\"https:\\\/\\\/schema.org\",\"@graph\":[{\"@type\":\"WebPage\",\"@id\":\"https:\\\/\\\/clinicadentariajardimdosarcos.pt\\\/fr\\\/rendez-vous\\\/\",\"url\":\"https:\\\/\\\/clinicadentariajardimdosarcos.pt\\\/fr\\\/rendez-vous\\\/\",\"name\":\"Rendez vous au Centre Dentaire Jardim dos Arcos\",\"isPartOf\":{\"@id\":\"https:\\\/\\\/clinicadentariajardimdosarcos.pt\\\/fr\\\/#website\"},\"primaryImageOfPage\":{\"@id\":\"https:\\\/\\\/clinicadentariajardimdosarcos.pt\\\/fr\\\/rendez-vous\\\/#primaryimage\"},\"image\":{\"@id\":\"https:\\\/\\\/clinicadentariajardimdosarcos.pt\\\/fr\\\/rendez-vous\\\/#primaryimage\"},\"thumbnailUrl\":\"https:\\\/\\\/clinicadentariajardimdosarcos.pt\\\/wp-content\\\/uploads\\\/2015\\\/03\\\/service-3.jpg\",\"datePublished\":\"2013-10-24T13:17:35+00:00\",\"dateModified\":\"2019-03-29T12:14:53+00:00\",\"description\":\"Prenez rendez-vous en ligne \u00e0 le centre dentaire Jardim dos Arcos. Par t\u00e9l\u00e9phone de 8h \u00e0 19h du lundi au vendredi: (+351) 214 413 039.\",\"breadcrumb\":{\"@id\":\"https:\\\/\\\/clinicadentariajardimdosarcos.pt\\\/fr\\\/rendez-vous\\\/#breadcrumb\"},\"inLanguage\":\"fr-FR\",\"potentialAction\":[{\"@type\":\"ReadAction\",\"target\":[\"https:\\\/\\\/clinicadentariajardimdosarcos.pt\\\/fr\\\/rendez-vous\\\/\"]}]},{\"@type\":\"ImageObject\",\"inLanguage\":\"fr-FR\",\"@id\":\"https:\\\/\\\/clinicadentariajardimdosarcos.pt\\\/fr\\\/rendez-vous\\\/#primaryimage\",\"url\":\"https:\\\/\\\/clinicadentariajardimdosarcos.pt\\\/wp-content\\\/uploads\\\/2015\\\/03\\\/service-3.jpg\",\"contentUrl\":\"https:\\\/\\\/clinicadentariajardimdosarcos.pt\\\/wp-content\\\/uploads\\\/2015\\\/03\\\/service-3.jpg\"},{\"@type\":\"BreadcrumbList\",\"@id\":\"https:\\\/\\\/clinicadentariajardimdosarcos.pt\\\/fr\\\/rendez-vous\\\/#breadcrumb\",\"itemListElement\":[{\"@type\":\"ListItem\",\"position\":1,\"name\":\"In\u00edcio\",\"item\":\"https:\\\/\\\/clinicadentariajardimdosarcos.pt\\\/fr\\\/\"},{\"@type\":\"ListItem\",\"position\":2,\"name\":\"Rendez-vous au Centre Dentaire Jardim dos Arcos\"}]},{\"@type\":\"WebSite\",\"@id\":\"https:\\\/\\\/clinicadentariajardimdosarcos.pt\\\/fr\\\/#website\",\"url\":\"https:\\\/\\\/clinicadentariajardimdosarcos.pt\\\/fr\\\/\",\"name\":\"Cl\u00ednica Dent\u00e1ria Jardim dos Arcos\",\"description\":\"O Seu Dentista em Pa\u00e7o de Arcos, Oeiras, Lisboa\",\"publisher\":{\"@id\":\"https:\\\/\\\/clinicadentariajardimdosarcos.pt\\\/fr\\\/#organization\"},\"potentialAction\":[{\"@type\":\"SearchAction\",\"target\":{\"@type\":\"EntryPoint\",\"urlTemplate\":\"https:\\\/\\\/clinicadentariajardimdosarcos.pt\\\/fr\\\/?s={search_term_string}\"},\"query-input\":{\"@type\":\"PropertyValueSpecification\",\"valueRequired\":true,\"valueName\":\"search_term_string\"}}],\"inLanguage\":\"fr-FR\"},{\"@type\":\"Organization\",\"@id\":\"https:\\\/\\\/clinicadentariajardimdosarcos.pt\\\/fr\\\/#organization\",\"name\":\"Cl\u00ednica Dent\u00e1ria Jardim dos Arcos\",\"url\":\"https:\\\/\\\/clinicadentariajardimdosarcos.pt\\\/fr\\\/\",\"logo\":{\"@type\":\"ImageObject\",\"inLanguage\":\"fr-FR\",\"@id\":\"https:\\\/\\\/clinicadentariajardimdosarcos.pt\\\/fr\\\/#\\\/schema\\\/logo\\\/image\\\/\",\"url\":\"https:\\\/\\\/clinicadentariajardimdosarcos.pt\\\/wp-content\\\/uploads\\\/2015\\\/02\\\/logo.png\",\"contentUrl\":\"https:\\\/\\\/clinicadentariajardimdosarcos.pt\\\/wp-content\\\/uploads\\\/2015\\\/02\\\/logo.png\",\"width\":182,\"height\":85,\"caption\":\"Cl\u00ednica Dent\u00e1ria Jardim dos Arcos\"},\"image\":{\"@id\":\"https:\\\/\\\/clinicadentariajardimdosarcos.pt\\\/fr\\\/#\\\/schema\\\/logo\\\/image\\\/\"}}]}<\/script>\n<!-- \/ Yoast SEO plugin. -->","yoast_head_json":{"title":"Rendez vous au Centre Dentaire Jardim dos Arcos","description":"Prenez rendez-vous en ligne \u00e0 le centre dentaire Jardim dos Arcos. Par t\u00e9l\u00e9phone de 8h \u00e0 19h du lundi au vendredi: (+351) 214 413 039.","robots":{"index":"index","follow":"follow","max-snippet":"max-snippet:-1","max-image-preview":"max-image-preview:large","max-video-preview":"max-video-preview:-1"},"canonical":"https:\/\/clinicadentariajardimdosarcos.pt\/fr\/rendez-vous\/","og_locale":"fr_FR","og_type":"article","og_title":"Rendez vous au Centre Dentaire Jardim dos Arcos","og_description":"Prenez rendez-vous en ligne \u00e0 le centre dentaire Jardim dos Arcos. Par t\u00e9l\u00e9phone de 8h \u00e0 19h du lundi au vendredi: (+351) 214 413 039.","og_url":"https:\/\/clinicadentariajardimdosarcos.pt\/fr\/rendez-vous\/","og_site_name":"Cl\u00ednica Dent\u00e1ria Jardim dos Arcos","article_modified_time":"2019-03-29T12:14:53+00:00","og_image":[{"url":"https:\/\/clinicadentariajardimdosarcos.pt\/wp-content\/uploads\/2015\/03\/service-3.jpg","type":"","width":"","height":""}],"twitter_card":"summary_large_image","schema":{"@context":"https:\/\/schema.org","@graph":[{"@type":"WebPage","@id":"https:\/\/clinicadentariajardimdosarcos.pt\/fr\/rendez-vous\/","url":"https:\/\/clinicadentariajardimdosarcos.pt\/fr\/rendez-vous\/","name":"Rendez vous au Centre Dentaire Jardim dos Arcos","isPartOf":{"@id":"https:\/\/clinicadentariajardimdosarcos.pt\/fr\/#website"},"primaryImageOfPage":{"@id":"https:\/\/clinicadentariajardimdosarcos.pt\/fr\/rendez-vous\/#primaryimage"},"image":{"@id":"https:\/\/clinicadentariajardimdosarcos.pt\/fr\/rendez-vous\/#primaryimage"},"thumbnailUrl":"https:\/\/clinicadentariajardimdosarcos.pt\/wp-content\/uploads\/2015\/03\/service-3.jpg","datePublished":"2013-10-24T13:17:35+00:00","dateModified":"2019-03-29T12:14:53+00:00","description":"Prenez rendez-vous en ligne \u00e0 le centre dentaire Jardim dos Arcos. Par t\u00e9l\u00e9phone de 8h \u00e0 19h du lundi au vendredi: (+351) 214 413 039.","breadcrumb":{"@id":"https:\/\/clinicadentariajardimdosarcos.pt\/fr\/rendez-vous\/#breadcrumb"},"inLanguage":"fr-FR","potentialAction":[{"@type":"ReadAction","target":["https:\/\/clinicadentariajardimdosarcos.pt\/fr\/rendez-vous\/"]}]},{"@type":"ImageObject","inLanguage":"fr-FR","@id":"https:\/\/clinicadentariajardimdosarcos.pt\/fr\/rendez-vous\/#primaryimage","url":"https:\/\/clinicadentariajardimdosarcos.pt\/wp-content\/uploads\/2015\/03\/service-3.jpg","contentUrl":"https:\/\/clinicadentariajardimdosarcos.pt\/wp-content\/uploads\/2015\/03\/service-3.jpg"},{"@type":"BreadcrumbList","@id":"https:\/\/clinicadentariajardimdosarcos.pt\/fr\/rendez-vous\/#breadcrumb","itemListElement":[{"@type":"ListItem","position":1,"name":"In\u00edcio","item":"https:\/\/clinicadentariajardimdosarcos.pt\/fr\/"},{"@type":"ListItem","position":2,"name":"Rendez-vous au Centre Dentaire Jardim dos Arcos"}]},{"@type":"WebSite","@id":"https:\/\/clinicadentariajardimdosarcos.pt\/fr\/#website","url":"https:\/\/clinicadentariajardimdosarcos.pt\/fr\/","name":"Cl\u00ednica Dent\u00e1ria Jardim dos Arcos","description":"O Seu Dentista em Pa\u00e7o de Arcos, Oeiras, Lisboa","publisher":{"@id":"https:\/\/clinicadentariajardimdosarcos.pt\/fr\/#organization"},"potentialAction":[{"@type":"SearchAction","target":{"@type":"EntryPoint","urlTemplate":"https:\/\/clinicadentariajardimdosarcos.pt\/fr\/?s={search_term_string}"},"query-input":{"@type":"PropertyValueSpecification","valueRequired":true,"valueName":"search_term_string"}}],"inLanguage":"fr-FR"},{"@type":"Organization","@id":"https:\/\/clinicadentariajardimdosarcos.pt\/fr\/#organization","name":"Cl\u00ednica Dent\u00e1ria Jardim dos Arcos","url":"https:\/\/clinicadentariajardimdosarcos.pt\/fr\/","logo":{"@type":"ImageObject","inLanguage":"fr-FR","@id":"https:\/\/clinicadentariajardimdosarcos.pt\/fr\/#\/schema\/logo\/image\/","url":"https:\/\/clinicadentariajardimdosarcos.pt\/wp-content\/uploads\/2015\/02\/logo.png","contentUrl":"https:\/\/clinicadentariajardimdosarcos.pt\/wp-content\/uploads\/2015\/02\/logo.png","width":182,"height":85,"caption":"Cl\u00ednica Dent\u00e1ria Jardim dos Arcos"},"image":{"@id":"https:\/\/clinicadentariajardimdosarcos.pt\/fr\/#\/schema\/logo\/image\/"}}]}},"_links":{"self":[{"href":"https:\/\/clinicadentariajardimdosarcos.pt\/fr\/wp-json\/wp\/v2\/pages\/7230","targetHints":{"allow":["GET"]}}],"collection":[{"href":"https:\/\/clinicadentariajardimdosarcos.pt\/fr\/wp-json\/wp\/v2\/pages"}],"about":[{"href":"https:\/\/clinicadentariajardimdosarcos.pt\/fr\/wp-json\/wp\/v2\/types\/page"}],"author":[{"embeddable":true,"href":"https:\/\/clinicadentariajardimdosarcos.pt\/fr\/wp-json\/wp\/v2\/users\/2"}],"replies":[{"embeddable":true,"href":"https:\/\/clinicadentariajardimdosarcos.pt\/fr\/wp-json\/wp\/v2\/comments?post=7230"}],"version-history":[{"count":0,"href":"https:\/\/clinicadentariajardimdosarcos.pt\/fr\/wp-json\/wp\/v2\/pages\/7230\/revisions"}],"wp:attachment":[{"href":"https:\/\/clinicadentariajardimdosarcos.pt\/fr\/wp-json\/wp\/v2\/media?parent=7230"}],"curies":[{"name":"wp","href":"https:\/\/api.w.org\/{rel}","templated":true}]}}