{"id":7266,"date":"2014-03-01T20:29:18","date_gmt":"2014-03-01T20:29:18","guid":{"rendered":"https:\/\/clinicadentariajardimdosarcos.pt\/acordos-protocolos\/"},"modified":"2019-03-14T14:06:35","modified_gmt":"2019-03-14T13:06:35","slug":"accords-protocoles","status":"publish","type":"page","link":"https:\/\/clinicadentariajardimdosarcos.pt\/fr\/accords-protocoles\/","title":{"rendered":"Accords, Protocoles et Conditions Sp\u00e9ciales"},"content":{"rendered":"<p style=\"text-align: justify;\"><strong>Nous avons des accords, protocoles et conditions sp\u00e9ciales \u00e9tablis avec plusieurs entit\u00e9s: M\u00e9dis, Muticare, AdvanceCare, AMI, Croix-Rouge, SAMS Quadros, SMP, Future Healthcare, entre autres.<\/strong><\/p>\n<p><strong>Apprenez les diff\u00e9rences entre l\u2019assurance maladie et le r\u00e9gime de soins dentaires <a href=\"http:\/\/www.omd.pt\/noticias\/2013\/01\/cartoes-seguros-saude\" target=\"_blank\" rel=\"noopener noreferrer\">ici<\/a>.<\/strong><\/p>\n<p style=\"text-align: justify;\">Si vous ne trouvez pas votre assureur dans la liste ci-dessous, contactez-nous par email (<a href=\"mailto:info@clinicadentariajardimdosarcos.pt\" target=\"_blank\" rel=\"noopener noreferrer\">Protocole<\/a>) ou t\u00e9l\u00e9phone (214 413 039).<\/p>\n<p style=\"text-align: justify;\">Si vous souhaitez offrir des conditions sp\u00e9ciales dans nos services et traitements \u00e0 vos employ\u00e9s ou coll\u00e8gues, contactez-nous par courrier \u00e9lectronique. (<a href=\"mailto:info@clinicadentariajardimdosarcos.pt\" target=\"_blank\" rel=\"noopener noreferrer\">Protocoles<\/a>) ou t\u00e9l\u00e9phone (+351 214 413 039).<\/p>\n<hr>\n<h3 style=\"text-align: justify;\"><a title=\"AdvanceCare\" href=\"http:\/\/advancecare.pt\/\" target=\"_blank\" rel=\"noopener noreferrer\"><img decoding=\"async\" class=\"size-full wp-image-3703 alignnone lazyload\" data-src=\"https:\/\/clinicadentariajardimdosarcos.pt\/wp-content\/uploads\/2015\/03\/advancecare1.png\" alt=\"advancecare\" width=\"200\" height=\"\" src=\"data:image\/svg+xml;base64,PHN2ZyB3aWR0aD0iMSIgaGVpZ2h0PSIxIiB4bWxucz0iaHR0cDovL3d3dy53My5vcmcvMjAwMC9zdmciPjwvc3ZnPg==\" style=\"--smush-placeholder-width: 191px; --smush-placeholder-aspect-ratio: 191\/83;\"><\/a><\/h3>\n<ul style=\"text-align: justify;\">\n<li>A\u00e7oreana<\/li>\n<li>Axa<\/li>\n<li>Bes<\/li>\n<li>Cimpor<\/li>\n<li>Generali<\/li>\n<li>Groupama<\/li>\n<li>Lusitania<\/li>\n<li>LOGO<\/li>\n<li>MGEN<\/li>\n<li>N Seguros<\/li>\n<li>Popular Seguros<\/li>\n<li>SBSI<\/li>\n<li>Tranquilidade<\/li>\n<\/ul>\n<hr>\n<h3 style=\"text-align: justify;\"><a title=\"Croix-Rouge Portugaise\" href=\"http:\/\/www.cruzvermelha.pt\/\" target=\"_blank\" rel=\"noopener noreferrer\"><img decoding=\"async\" class=\"wp-image-3704 size-full alignnone lazyload\" title=\"Cruz Vermelha Portuguesa\" data-src=\"https:\/\/clinicadentariajardimdosarcos.pt\/wp-content\/uploads\/2015\/03\/logo_cruz1.jpg\" alt=\"Cruz Vermelha Portuguesa\" width=\"200\" height=\"\" src=\"data:image\/svg+xml;base64,PHN2ZyB3aWR0aD0iMSIgaGVpZ2h0PSIxIiB4bWxucz0iaHR0cDovL3d3dy53My5vcmcvMjAwMC9zdmciPjwvc3ZnPg==\" style=\"--smush-placeholder-width: 240px; --smush-placeholder-aspect-ratio: 240\/85;\"><\/a><\/h3>\n<hr>\n<h3 style=\"text-align: justify;\"><a href=\"http:\/\/www.planodesaude.com.pt\/\" target=\"_blank\" rel=\"noopener noreferrer\"><img decoding=\"async\" class=\"alignnone lazyload\" title=\"HealthCare Assistance\" data-src=\"http:\/\/www.planosdesaude.pt\/images\/logo.png\" alt=\"HealthCare Assistance\" width=\"200\" height=\"\" src=\"data:image\/svg+xml;base64,PHN2ZyB3aWR0aD0iMSIgaGVpZ2h0PSIxIiB4bWxucz0iaHR0cDovL3d3dy53My5vcmcvMjAwMC9zdmciPjwvc3ZnPg==\"><\/a><\/h3>\n<ul style=\"text-align: justify;\">\n<li>Bela Saude<\/li>\n<li>Healthcare Assistance<\/li>\n<\/ul>\n<hr>\n<h3 style=\"text-align: justify;\"><a href=\"http:\/\/www.medis.pt\/\" target=\"_blank\" rel=\"noopener noreferrer\"><img decoding=\"async\" class=\"alignnone lazyload\" title=\"M\u00c9DIS\" data-src=\"http:\/\/www.medis.pt\/sitecollectionimages\/medisV2\/logo-medis.png\" alt=\"M\u00c9DIS\" width=\"111\" height=\"104\" src=\"data:image\/svg+xml;base64,PHN2ZyB3aWR0aD0iMSIgaGVpZ2h0PSIxIiB4bWxucz0iaHR0cDovL3d3dy53My5vcmcvMjAwMC9zdmciPjwvc3ZnPg==\" style=\"--smush-placeholder-width: 111px; --smush-placeholder-aspect-ratio: 111\/104;\"><\/a><\/h3>\n<hr>\n<h3 style=\"text-align: justify;\"><a href=\"http:\/\/www.multicare.pt\" target=\"_blank\" rel=\"noopener noreferrer\"><img decoding=\"async\" class=\"alignnone lazyload\" title=\"MultiCare\" data-src=\"https:\/\/www.multicare.pt\/Style%20Library\/FidelidadeBranding\/img\/header\/logo_multicare_private.png\" alt=\"MultiCare\" width=\"200\" height=\"\" src=\"data:image\/svg+xml;base64,PHN2ZyB3aWR0aD0iMSIgaGVpZ2h0PSIxIiB4bWxucz0iaHR0cDovL3d3dy53My5vcmcvMjAwMC9zdmciPjwvc3ZnPg==\"><\/a><\/h3>\n<hr>\n<h3 style=\"text-align: justify;\"><a href=\"http:\/\/www.snqtb.pt\/SNQTB\/site\/\" target=\"_blank\" rel=\"noopener noreferrer\"><img decoding=\"async\" class=\"alignnone lazyload\" title=\"SAMS QUADROS\" data-src=\"http:\/\/www.snqtb.pt\/SNQTB\/site\/imagens\/img_SAMSQuadros.gif\" alt=\"SAMS QUADROS\" width=\"200\" height=\"\" src=\"data:image\/svg+xml;base64,PHN2ZyB3aWR0aD0iMSIgaGVpZ2h0PSIxIiB4bWxucz0iaHR0cDovL3d3dy53My5vcmcvMjAwMC9zdmciPjwvc3ZnPg==\"><\/a><\/h3>\n<hr>\n<h3 style=\"text-align: justify;\"><a href=\"http:\/\/www.sibanca.pt\/?conteudo=saude&amp;subConteudo=sams_pesquisaAcordos#menu\" target=\"_blank\" rel=\"noopener noreferrer\"><img decoding=\"async\" class=\"alignnone lazyload\" title=\"SAMS\/SIB\" data-src=\"http:\/\/www.sibanca.pt\/imagens\/LogoSIB-2.gif\" alt=\"SAMS\/SIB\" width=\"60\" height=\"57\" src=\"data:image\/svg+xml;base64,PHN2ZyB3aWR0aD0iMSIgaGVpZ2h0PSIxIiB4bWxucz0iaHR0cDovL3d3dy53My5vcmcvMjAwMC9zdmciPjwvc3ZnPg==\" style=\"--smush-placeholder-width: 60px; --smush-placeholder-aspect-ratio: 60\/57;\"><\/a><\/h3>\n<hr>\n<h3 style=\"text-align: justify;\"><a href=\"http:\/\/www.smpsaude.pt\/index.php\" target=\"_blank\" rel=\"noopener noreferrer\"><img decoding=\"async\" class=\"alignnone lazyload\" title=\"SMP - Servi\u00e7o M\u00e9dico Permanente\" data-src=\"http:\/\/www.smpsaude.pt\/wp-content\/themes\/smp\/images\/banner_logoSMP.png\" alt=\"SMP - Servi\u00e7o M\u00e9dico Permanente\" width=\"200\" height=\"\" src=\"data:image\/svg+xml;base64,PHN2ZyB3aWR0aD0iMSIgaGVpZ2h0PSIxIiB4bWxucz0iaHR0cDovL3d3dy53My5vcmcvMjAwMC9zdmciPjwvc3ZnPg==\"><\/a><\/h3>\n<ul>\n<li style=\"list-style-type: none;\">\n<ul>\n<li style=\"text-align: justify;\">Cart\u00e3o Domus<\/li>\n<\/ul>\n<\/li>\n<\/ul>\n<p>&nbsp;<\/p>\n<ul>\n<li style=\"list-style-type: none;\">\n<ul>\n<li style=\"text-align: justify;\">Cart\u00e3o de Saude \u2013 Servi\u00e7os Sociais<\/li>\n<\/ul>\n<\/li>\n<\/ul>\n<p>&nbsp;<\/p>\n<ul>\n<li style=\"list-style-type: none;\">\n<ul>\n<li style=\"text-align: justify;\">Cart\u00e3o LifeCare<\/li>\n<\/ul>\n<\/li>\n<\/ul>\n<p>&nbsp;<\/p>\n<ul>\n<li style=\"list-style-type: none;\">\n<ul>\n<li style=\"text-align: justify;\">Cart\u00e3o Saude, SA<\/li>\n<\/ul>\n<\/li>\n<\/ul>\n<p>&nbsp;<\/p>\n<ul>\n<li style=\"list-style-type: none;\">\n<ul>\n<li style=\"text-align: justify;\">Deco ProTeste \u2013 Cart\u00e3o de Saude<\/li>\n<\/ul>\n<\/li>\n<\/ul>\n<p>&nbsp;<\/p>\n<ul>\n<li style=\"list-style-type: none;\">\n<ul>\n<li style=\"text-align: justify;\">Montepio \u2013 Cart\u00e3o de Saude<\/li>\n<\/ul>\n<\/li>\n<\/ul>\n<p>&nbsp;<\/p>\n<ul>\n<li style=\"list-style-type: none;\">\n<ul>\n<li style=\"text-align: justify;\">Rede Descontos SMP<\/li>\n<\/ul>\n<\/li>\n<\/ul>\n<p>&nbsp;<\/p>\n<ul>\n<li style=\"list-style-type: none;\">\n<ul>\n<li style=\"text-align: justify;\">SevenCareVision \u2013 Institutoptico<\/li>\n<\/ul>\n<\/li>\n<\/ul>\n<p>&nbsp;<\/p>\n<ul>\n<li style=\"text-align: justify;\">SGL Saude<\/li>\n<\/ul>\n<hr>\n<h3 style=\"text-align: justify;\"><a href=\"https:\/\/advantagesaude.pt\" target=\"_blank\" rel=\"noopener noreferrer\"><img decoding=\"async\" class=\"alignnone lazyload\" title=\"Advantagesa\u00fade\" data-src=\"https:\/\/clinicadentariajardimdosarcos.pt\/wp-content\/uploads\/2018\/04\/Logo_1_Advantagesaude.png\" alt=\"SMP - Servi\u00e7o M\u00e9dico Permanente\" width=\"200\" height=\"\" src=\"data:image\/svg+xml;base64,PHN2ZyB3aWR0aD0iMSIgaGVpZ2h0PSIxIiB4bWxucz0iaHR0cDovL3d3dy53My5vcmcvMjAwMC9zdmciPjwvc3ZnPg==\" style=\"--smush-placeholder-width: 857px; --smush-placeholder-aspect-ratio: 857\/232;\"><\/a><\/h3>\n","protected":false},"excerpt":{"rendered":"<p>Nous avons des accords, protocoles et conditions sp\u00e9ciales \u00e9tablis avec plusieurs entit\u00e9s: M\u00e9dis, Muticare, AdvanceCare, AMI, Croix-Rouge, SAMS Quadros, SMP, Future Healthcare, entre autres. Apprenez les diff\u00e9rences entre l\u2019assurance maladie et le r\u00e9gime de soins dentaires ici. Si vous ne trouvez pas votre assureur dans la liste ci-dessous, contactez-nous par email (Protocole) ou t\u00e9l\u00e9phone (214 [&hellip;]<\/p>\n","protected":false},"author":2,"featured_media":0,"parent":0,"menu_order":0,"comment_status":"closed","ping_status":"closed","template":"","meta":{"site-sidebar-layout":"default","site-content-layout":"default","ast-site-content-layout":"default","site-content-style":"default","site-sidebar-style":"default","ast-global-header-display":"","ast-banner-title-visibility":"","ast-main-header-display":"","ast-hfb-above-header-display":"","ast-hfb-below-header-display":"","ast-hfb-mobile-header-display":"","site-post-title":"","ast-breadcrumbs-content":"","ast-featured-img":"","footer-sml-layout":"","ast-disable-related-posts":"","theme-transparent-header-meta":"default","adv-header-id-meta":"","stick-header-meta":"","header-above-stick-meta":"","header-main-stick-meta":"","header-below-stick-meta":"","astra-migrate-meta-layouts":"default","ast-page-background-enabled":"default","ast-page-background-meta":{"desktop":{"background-color":"","background-image":"","background-repeat":"repeat","background-position":"center center","background-size":"auto","background-attachment":"scroll","background-type":"","background-media":"","overlay-type":"","overlay-color":"","overlay-opacity":"","overlay-gradient":""},"tablet":{"background-color":"","background-image":"","background-repeat":"repeat","background-position":"center center","background-size":"auto","background-attachment":"scroll","background-type":"","background-media":"","overlay-type":"","overlay-color":"","overlay-opacity":"","overlay-gradient":""},"mobile":{"background-color":"","background-image":"","background-repeat":"repeat","background-position":"center center","background-size":"auto","background-attachment":"scroll","background-type":"","background-media":"","overlay-type":"","overlay-color":"","overlay-opacity":"","overlay-gradient":""}},"ast-content-background-meta":{"desktop":{"background-color":"var(--ast-global-color-5)","background-image":"","background-repeat":"repeat","background-position":"center center","background-size":"auto","background-attachment":"scroll","background-type":"","background-media":"","overlay-type":"","overlay-color":"","overlay-opacity":"","overlay-gradient":""},"tablet":{"background-color":"var(--ast-global-color-5)","background-image":"","background-repeat":"repeat","background-position":"center center","background-size":"auto","background-attachment":"scroll","background-type":"","background-media":"","overlay-type":"","overlay-color":"","overlay-opacity":"","overlay-gradient":""},"mobile":{"background-color":"var(--ast-global-color-5)","background-image":"","background-repeat":"repeat","background-position":"center center","background-size":"auto","background-attachment":"scroll","background-type":"","background-media":"","overlay-type":"","overlay-color":"","overlay-opacity":"","overlay-gradient":""}},"footnotes":""},"class_list":["post-7266","page","type-page","status-publish","hentry"],"yoast_head":"<!-- This site is optimized with the Yoast SEO plugin v27.3 - https:\/\/yoast.com\/product\/yoast-seo-wordpress\/ -->\n<title>Accords et Protocoles | Cl\u00ednica Dent\u00e1ria Jardim dos Arcos<\/title>\n<meta name=\"description\" content=\"Nous avons des accords sp\u00e9ciaux, protocoles et conditions avec M\u00e9dis, Muticare, AdvanceCare, AMI, Croix-Rouge, SAMS Quadros, WDA, Future Healthcare, etc.\" \/>\n<meta name=\"robots\" content=\"index, follow, max-snippet:-1, max-image-preview:large, max-video-preview:-1\" \/>\n<link rel=\"canonical\" href=\"https:\/\/clinicadentariajardimdosarcos.pt\/fr\/accords-protocoles\/\" \/>\n<meta property=\"og:locale\" content=\"fr_FR\" \/>\n<meta property=\"og:type\" content=\"article\" \/>\n<meta property=\"og:title\" content=\"Accords et Protocoles | Cl\u00ednica Dent\u00e1ria Jardim dos Arcos\" \/>\n<meta property=\"og:description\" content=\"Nous avons des accords sp\u00e9ciaux, protocoles et conditions avec M\u00e9dis, Muticare, AdvanceCare, AMI, Croix-Rouge, SAMS Quadros, WDA, Future Healthcare, etc.\" \/>\n<meta property=\"og:url\" content=\"https:\/\/clinicadentariajardimdosarcos.pt\/fr\/accords-protocoles\/\" \/>\n<meta property=\"og:site_name\" content=\"Cl\u00ednica Dent\u00e1ria Jardim dos Arcos\" \/>\n<meta property=\"article:modified_time\" content=\"2019-03-14T13:06:35+00:00\" \/>\n<meta property=\"og:image\" content=\"https:\/\/clinicadentariajardimdosarcos.pt\/wp-content\/uploads\/2015\/03\/advancecare1.png\" \/>\n<meta name=\"twitter:card\" content=\"summary_large_image\" \/>\n<meta name=\"twitter:label1\" content=\"Est. reading time\" \/>\n\t<meta name=\"twitter:data1\" content=\"1 minute\" \/>\n<script type=\"application\/ld+json\" class=\"yoast-schema-graph\">{\"@context\":\"https:\\\/\\\/schema.org\",\"@graph\":[{\"@type\":\"WebPage\",\"@id\":\"https:\\\/\\\/clinicadentariajardimdosarcos.pt\\\/fr\\\/accords-protocoles\\\/\",\"url\":\"https:\\\/\\\/clinicadentariajardimdosarcos.pt\\\/fr\\\/accords-protocoles\\\/\",\"name\":\"Accords et Protocoles | Cl\u00ednica Dent\u00e1ria Jardim dos Arcos\",\"isPartOf\":{\"@id\":\"https:\\\/\\\/clinicadentariajardimdosarcos.pt\\\/fr\\\/#website\"},\"primaryImageOfPage\":{\"@id\":\"https:\\\/\\\/clinicadentariajardimdosarcos.pt\\\/fr\\\/accords-protocoles\\\/#primaryimage\"},\"image\":{\"@id\":\"https:\\\/\\\/clinicadentariajardimdosarcos.pt\\\/fr\\\/accords-protocoles\\\/#primaryimage\"},\"thumbnailUrl\":\"https:\\\/\\\/clinicadentariajardimdosarcos.pt\\\/wp-content\\\/uploads\\\/2015\\\/03\\\/advancecare1.png\",\"datePublished\":\"2014-03-01T20:29:18+00:00\",\"dateModified\":\"2019-03-14T13:06:35+00:00\",\"description\":\"Nous avons des accords sp\u00e9ciaux, protocoles et conditions avec M\u00e9dis, Muticare, AdvanceCare, AMI, Croix-Rouge, SAMS Quadros, WDA, Future Healthcare, etc.\",\"breadcrumb\":{\"@id\":\"https:\\\/\\\/clinicadentariajardimdosarcos.pt\\\/fr\\\/accords-protocoles\\\/#breadcrumb\"},\"inLanguage\":\"fr-FR\",\"potentialAction\":[{\"@type\":\"ReadAction\",\"target\":[\"https:\\\/\\\/clinicadentariajardimdosarcos.pt\\\/fr\\\/accords-protocoles\\\/\"]}]},{\"@type\":\"ImageObject\",\"inLanguage\":\"fr-FR\",\"@id\":\"https:\\\/\\\/clinicadentariajardimdosarcos.pt\\\/fr\\\/accords-protocoles\\\/#primaryimage\",\"url\":\"https:\\\/\\\/clinicadentariajardimdosarcos.pt\\\/wp-content\\\/uploads\\\/2015\\\/03\\\/advancecare1.png\",\"contentUrl\":\"https:\\\/\\\/clinicadentariajardimdosarcos.pt\\\/wp-content\\\/uploads\\\/2015\\\/03\\\/advancecare1.png\"},{\"@type\":\"BreadcrumbList\",\"@id\":\"https:\\\/\\\/clinicadentariajardimdosarcos.pt\\\/fr\\\/accords-protocoles\\\/#breadcrumb\",\"itemListElement\":[{\"@type\":\"ListItem\",\"position\":1,\"name\":\"In\u00edcio\",\"item\":\"https:\\\/\\\/clinicadentariajardimdosarcos.pt\\\/fr\\\/\"},{\"@type\":\"ListItem\",\"position\":2,\"name\":\"Accords, Protocoles et Conditions Sp\u00e9ciales\"}]},{\"@type\":\"WebSite\",\"@id\":\"https:\\\/\\\/clinicadentariajardimdosarcos.pt\\\/fr\\\/#website\",\"url\":\"https:\\\/\\\/clinicadentariajardimdosarcos.pt\\\/fr\\\/\",\"name\":\"Cl\u00ednica Dent\u00e1ria Jardim dos Arcos\",\"description\":\"O Seu Dentista em Pa\u00e7o de Arcos, Oeiras, Lisboa\",\"publisher\":{\"@id\":\"https:\\\/\\\/clinicadentariajardimdosarcos.pt\\\/fr\\\/#organization\"},\"potentialAction\":[{\"@type\":\"SearchAction\",\"target\":{\"@type\":\"EntryPoint\",\"urlTemplate\":\"https:\\\/\\\/clinicadentariajardimdosarcos.pt\\\/fr\\\/?s={search_term_string}\"},\"query-input\":{\"@type\":\"PropertyValueSpecification\",\"valueRequired\":true,\"valueName\":\"search_term_string\"}}],\"inLanguage\":\"fr-FR\"},{\"@type\":\"Organization\",\"@id\":\"https:\\\/\\\/clinicadentariajardimdosarcos.pt\\\/fr\\\/#organization\",\"name\":\"Cl\u00ednica Dent\u00e1ria Jardim dos Arcos\",\"url\":\"https:\\\/\\\/clinicadentariajardimdosarcos.pt\\\/fr\\\/\",\"logo\":{\"@type\":\"ImageObject\",\"inLanguage\":\"fr-FR\",\"@id\":\"https:\\\/\\\/clinicadentariajardimdosarcos.pt\\\/fr\\\/#\\\/schema\\\/logo\\\/image\\\/\",\"url\":\"https:\\\/\\\/clinicadentariajardimdosarcos.pt\\\/wp-content\\\/uploads\\\/2015\\\/02\\\/logo.png\",\"contentUrl\":\"https:\\\/\\\/clinicadentariajardimdosarcos.pt\\\/wp-content\\\/uploads\\\/2015\\\/02\\\/logo.png\",\"width\":182,\"height\":85,\"caption\":\"Cl\u00ednica Dent\u00e1ria Jardim dos Arcos\"},\"image\":{\"@id\":\"https:\\\/\\\/clinicadentariajardimdosarcos.pt\\\/fr\\\/#\\\/schema\\\/logo\\\/image\\\/\"}}]}<\/script>\n<!-- \/ Yoast SEO plugin. -->","yoast_head_json":{"title":"Accords et Protocoles | Cl\u00ednica Dent\u00e1ria Jardim dos Arcos","description":"Nous avons des accords sp\u00e9ciaux, protocoles et conditions avec M\u00e9dis, Muticare, AdvanceCare, AMI, Croix-Rouge, SAMS Quadros, WDA, Future Healthcare, etc.","robots":{"index":"index","follow":"follow","max-snippet":"max-snippet:-1","max-image-preview":"max-image-preview:large","max-video-preview":"max-video-preview:-1"},"canonical":"https:\/\/clinicadentariajardimdosarcos.pt\/fr\/accords-protocoles\/","og_locale":"fr_FR","og_type":"article","og_title":"Accords et Protocoles | Cl\u00ednica Dent\u00e1ria Jardim dos Arcos","og_description":"Nous avons des accords sp\u00e9ciaux, protocoles et conditions avec M\u00e9dis, Muticare, AdvanceCare, AMI, Croix-Rouge, SAMS Quadros, WDA, Future Healthcare, etc.","og_url":"https:\/\/clinicadentariajardimdosarcos.pt\/fr\/accords-protocoles\/","og_site_name":"Cl\u00ednica Dent\u00e1ria Jardim dos Arcos","article_modified_time":"2019-03-14T13:06:35+00:00","og_image":[{"url":"https:\/\/clinicadentariajardimdosarcos.pt\/wp-content\/uploads\/2015\/03\/advancecare1.png","type":"","width":"","height":""}],"twitter_card":"summary_large_image","twitter_misc":{"Est. reading time":"1 minute"},"schema":{"@context":"https:\/\/schema.org","@graph":[{"@type":"WebPage","@id":"https:\/\/clinicadentariajardimdosarcos.pt\/fr\/accords-protocoles\/","url":"https:\/\/clinicadentariajardimdosarcos.pt\/fr\/accords-protocoles\/","name":"Accords et Protocoles | Cl\u00ednica Dent\u00e1ria Jardim dos Arcos","isPartOf":{"@id":"https:\/\/clinicadentariajardimdosarcos.pt\/fr\/#website"},"primaryImageOfPage":{"@id":"https:\/\/clinicadentariajardimdosarcos.pt\/fr\/accords-protocoles\/#primaryimage"},"image":{"@id":"https:\/\/clinicadentariajardimdosarcos.pt\/fr\/accords-protocoles\/#primaryimage"},"thumbnailUrl":"https:\/\/clinicadentariajardimdosarcos.pt\/wp-content\/uploads\/2015\/03\/advancecare1.png","datePublished":"2014-03-01T20:29:18+00:00","dateModified":"2019-03-14T13:06:35+00:00","description":"Nous avons des accords sp\u00e9ciaux, protocoles et conditions avec M\u00e9dis, Muticare, AdvanceCare, AMI, Croix-Rouge, SAMS Quadros, WDA, Future Healthcare, etc.","breadcrumb":{"@id":"https:\/\/clinicadentariajardimdosarcos.pt\/fr\/accords-protocoles\/#breadcrumb"},"inLanguage":"fr-FR","potentialAction":[{"@type":"ReadAction","target":["https:\/\/clinicadentariajardimdosarcos.pt\/fr\/accords-protocoles\/"]}]},{"@type":"ImageObject","inLanguage":"fr-FR","@id":"https:\/\/clinicadentariajardimdosarcos.pt\/fr\/accords-protocoles\/#primaryimage","url":"https:\/\/clinicadentariajardimdosarcos.pt\/wp-content\/uploads\/2015\/03\/advancecare1.png","contentUrl":"https:\/\/clinicadentariajardimdosarcos.pt\/wp-content\/uploads\/2015\/03\/advancecare1.png"},{"@type":"BreadcrumbList","@id":"https:\/\/clinicadentariajardimdosarcos.pt\/fr\/accords-protocoles\/#breadcrumb","itemListElement":[{"@type":"ListItem","position":1,"name":"In\u00edcio","item":"https:\/\/clinicadentariajardimdosarcos.pt\/fr\/"},{"@type":"ListItem","position":2,"name":"Accords, Protocoles et Conditions Sp\u00e9ciales"}]},{"@type":"WebSite","@id":"https:\/\/clinicadentariajardimdosarcos.pt\/fr\/#website","url":"https:\/\/clinicadentariajardimdosarcos.pt\/fr\/","name":"Cl\u00ednica Dent\u00e1ria Jardim dos Arcos","description":"O Seu Dentista em Pa\u00e7o de Arcos, Oeiras, Lisboa","publisher":{"@id":"https:\/\/clinicadentariajardimdosarcos.pt\/fr\/#organization"},"potentialAction":[{"@type":"SearchAction","target":{"@type":"EntryPoint","urlTemplate":"https:\/\/clinicadentariajardimdosarcos.pt\/fr\/?s={search_term_string}"},"query-input":{"@type":"PropertyValueSpecification","valueRequired":true,"valueName":"search_term_string"}}],"inLanguage":"fr-FR"},{"@type":"Organization","@id":"https:\/\/clinicadentariajardimdosarcos.pt\/fr\/#organization","name":"Cl\u00ednica Dent\u00e1ria Jardim dos Arcos","url":"https:\/\/clinicadentariajardimdosarcos.pt\/fr\/","logo":{"@type":"ImageObject","inLanguage":"fr-FR","@id":"https:\/\/clinicadentariajardimdosarcos.pt\/fr\/#\/schema\/logo\/image\/","url":"https:\/\/clinicadentariajardimdosarcos.pt\/wp-content\/uploads\/2015\/02\/logo.png","contentUrl":"https:\/\/clinicadentariajardimdosarcos.pt\/wp-content\/uploads\/2015\/02\/logo.png","width":182,"height":85,"caption":"Cl\u00ednica Dent\u00e1ria Jardim dos Arcos"},"image":{"@id":"https:\/\/clinicadentariajardimdosarcos.pt\/fr\/#\/schema\/logo\/image\/"}}]}},"_links":{"self":[{"href":"https:\/\/clinicadentariajardimdosarcos.pt\/fr\/wp-json\/wp\/v2\/pages\/7266","targetHints":{"allow":["GET"]}}],"collection":[{"href":"https:\/\/clinicadentariajardimdosarcos.pt\/fr\/wp-json\/wp\/v2\/pages"}],"about":[{"href":"https:\/\/clinicadentariajardimdosarcos.pt\/fr\/wp-json\/wp\/v2\/types\/page"}],"author":[{"embeddable":true,"href":"https:\/\/clinicadentariajardimdosarcos.pt\/fr\/wp-json\/wp\/v2\/users\/2"}],"replies":[{"embeddable":true,"href":"https:\/\/clinicadentariajardimdosarcos.pt\/fr\/wp-json\/wp\/v2\/comments?post=7266"}],"version-history":[{"count":0,"href":"https:\/\/clinicadentariajardimdosarcos.pt\/fr\/wp-json\/wp\/v2\/pages\/7266\/revisions"}],"wp:attachment":[{"href":"https:\/\/clinicadentariajardimdosarcos.pt\/fr\/wp-json\/wp\/v2\/media?parent=7266"}],"curies":[{"name":"wp","href":"https:\/\/api.w.org\/{rel}","templated":true}]}}