{"id":7297,"date":"2013-09-30T08:48:14","date_gmt":"2013-09-30T08:48:14","guid":{"rendered":"https:\/\/clinicadentariajardimdosarcos.pt\/situacoes-clinicas\/implantologia-dentaria\/"},"modified":"2019-03-18T14:37:09","modified_gmt":"2019-03-18T13:37:09","slug":"implantologie-dentaire","status":"publish","type":"page","link":"https:\/\/clinicadentariajardimdosarcos.pt\/fr\/clinical-situations\/implantologie-dentaire\/","title":{"rendered":"Implantologie Dentaire"},"content":{"rendered":"<h3>Unit\u00e9 d&#8217;implantation pas \u00e0 pas<\/h3>\n<p><iframe data-src=\"http:\/\/www.youtube.com\/embed\/Ii32dUkOIWI\" width=\"640\" height=\"480\" frameborder=\"0\" allowfullscreen=\"allowfullscreen\" src=\"data:image\/svg+xml;base64,PHN2ZyB3aWR0aD0iMSIgaGVpZ2h0PSIxIiB4bWxucz0iaHR0cDovL3d3dy53My5vcmcvMjAwMC9zdmciPjwvc3ZnPg==\" class=\"lazyload\" data-load-mode=\"1\"><\/iframe><\/p>\n<h3>Solutions pour \u00e9dent\u00e9 total (implantologie dentaire)<\/h3>\n<p><iframe data-src=\"\/\/www.youtube.com\/embed\/M9XkTntNmlM\" width=\"640\" height=\"480\" frameborder=\"0\" allowfullscreen=\"allowfullscreen\" src=\"data:image\/svg+xml;base64,PHN2ZyB3aWR0aD0iMSIgaGVpZ2h0PSIxIiB4bWxucz0iaHR0cDovL3d3dy53My5vcmcvMjAwMC9zdmciPjwvc3ZnPg==\" class=\"lazyload\" data-load-mode=\"1\"><\/iframe><\/p>\n<h3>&#8220;Sinus lift&#8221;<\/h3>\n<p><iframe data-src=\"\/\/www.youtube.com\/embed\/Q0u0gd7neTg\" width=\"640\" height=\"480\" frameborder=\"0\" allowfullscreen=\"allowfullscreen\" src=\"data:image\/svg+xml;base64,PHN2ZyB3aWR0aD0iMSIgaGVpZ2h0PSIxIiB4bWxucz0iaHR0cDovL3d3dy53My5vcmcvMjAwMC9zdmciPjwvc3ZnPg==\" class=\"lazyload\" data-load-mode=\"1\"><\/iframe><\/p>\n<h3>R\u00e9g\u00e9n\u00e9ration osseuse guid\u00e9e<\/h3>\n<p><iframe data-src=\"\/\/www.youtube.com\/embed\/XAl7qGRioUk\" width=\"640\" height=\"480\" frameborder=\"0\" allowfullscreen=\"allowfullscreen\" src=\"data:image\/svg+xml;base64,PHN2ZyB3aWR0aD0iMSIgaGVpZ2h0PSIxIiB4bWxucz0iaHR0cDovL3d3dy53My5vcmcvMjAwMC9zdmciPjwvc3ZnPg==\" class=\"lazyload\" data-load-mode=\"1\"><\/iframe><\/p>\n<h3>Proth\u00e8se hybride sur 4 implants<\/h3>\n<p><iframe data-src=\"\/\/www.youtube.com\/embed\/u_NRCuAKkDI\" width=\"640\" height=\"480\" frameborder=\"0\" allowfullscreen=\"allowfullscreen\" src=\"data:image\/svg+xml;base64,PHN2ZyB3aWR0aD0iMSIgaGVpZ2h0PSIxIiB4bWxucz0iaHR0cDovL3d3dy53My5vcmcvMjAwMC9zdmciPjwvc3ZnPg==\" class=\"lazyload\" data-load-mode=\"1\"><\/iframe><\/p>\n","protected":false},"excerpt":{"rendered":"<p>Unit\u00e9 d&#8217;implantation pas \u00e0 pas Solutions pour \u00e9dent\u00e9 total (implantologie dentaire) &#8220;Sinus lift&#8221; R\u00e9g\u00e9n\u00e9ration osseuse guid\u00e9e Proth\u00e8se hybride sur 4 implants<\/p>\n","protected":false},"author":2,"featured_media":0,"parent":7695,"menu_order":0,"comment_status":"open","ping_status":"closed","template":"","meta":{"site-sidebar-layout":"default","site-content-layout":"default","ast-site-content-layout":"default","site-content-style":"default","site-sidebar-style":"default","ast-global-header-display":"","ast-banner-title-visibility":"","ast-main-header-display":"","ast-hfb-above-header-display":"","ast-hfb-below-header-display":"","ast-hfb-mobile-header-display":"","site-post-title":"","ast-breadcrumbs-content":"","ast-featured-img":"","footer-sml-layout":"","ast-disable-related-posts":"","theme-transparent-header-meta":"default","adv-header-id-meta":"","stick-header-meta":"","header-above-stick-meta":"","header-main-stick-meta":"","header-below-stick-meta":"","astra-migrate-meta-layouts":"default","ast-page-background-enabled":"default","ast-page-background-meta":{"desktop":{"background-color":"","background-image":"","background-repeat":"repeat","background-position":"center center","background-size":"auto","background-attachment":"scroll","background-type":"","background-media":"","overlay-type":"","overlay-color":"","overlay-opacity":"","overlay-gradient":""},"tablet":{"background-color":"","background-image":"","background-repeat":"repeat","background-position":"center center","background-size":"auto","background-attachment":"scroll","background-type":"","background-media":"","overlay-type":"","overlay-color":"","overlay-opacity":"","overlay-gradient":""},"mobile":{"background-color":"","background-image":"","background-repeat":"repeat","background-position":"center center","background-size":"auto","background-attachment":"scroll","background-type":"","background-media":"","overlay-type":"","overlay-color":"","overlay-opacity":"","overlay-gradient":""}},"ast-content-background-meta":{"desktop":{"background-color":"var(--ast-global-color-5)","background-image":"","background-repeat":"repeat","background-position":"center center","background-size":"auto","background-attachment":"scroll","background-type":"","background-media":"","overlay-type":"","overlay-color":"","overlay-opacity":"","overlay-gradient":""},"tablet":{"background-color":"var(--ast-global-color-5)","background-image":"","background-repeat":"repeat","background-position":"center center","background-size":"auto","background-attachment":"scroll","background-type":"","background-media":"","overlay-type":"","overlay-color":"","overlay-opacity":"","overlay-gradient":""},"mobile":{"background-color":"var(--ast-global-color-5)","background-image":"","background-repeat":"repeat","background-position":"center center","background-size":"auto","background-attachment":"scroll","background-type":"","background-media":"","overlay-type":"","overlay-color":"","overlay-opacity":"","overlay-gradient":""}},"footnotes":""},"class_list":["post-7297","page","type-page","status-publish","hentry"],"yoast_head":"<!-- This site is optimized with the Yoast SEO plugin v27.3 - https:\/\/yoast.com\/product\/yoast-seo-wordpress\/ -->\n<title>Implantologie Dentaire | Cl\u00ednica Dent\u00e1ria Jardim dos Arcos<\/title>\n<meta name=\"description\" content=\"Solutions d&#039;implantologie dentaire pour \u00e9dent\u00e9 total, &quot;Sinus Lift&quot;, r\u00e9g\u00e9n\u00e9ration osseuse guid\u00e9e, proth\u00e8se hybride sur 4 implants ... Devis gratuit!\" \/>\n<meta name=\"robots\" content=\"index, follow, max-snippet:-1, max-image-preview:large, max-video-preview:-1\" \/>\n<link rel=\"canonical\" href=\"https:\/\/clinicadentariajardimdosarcos.pt\/fr\/clinical-situations\/implantologie-dentaire\/\" \/>\n<meta property=\"og:locale\" content=\"fr_FR\" \/>\n<meta property=\"og:type\" content=\"article\" \/>\n<meta property=\"og:title\" content=\"Implantologie Dentaire | Cl\u00ednica Dent\u00e1ria Jardim dos Arcos\" \/>\n<meta property=\"og:description\" content=\"Solutions d&#039;implantologie dentaire pour \u00e9dent\u00e9 total, &quot;Sinus Lift&quot;, r\u00e9g\u00e9n\u00e9ration osseuse guid\u00e9e, proth\u00e8se hybride sur 4 implants ... Devis gratuit!\" \/>\n<meta property=\"og:url\" content=\"https:\/\/clinicadentariajardimdosarcos.pt\/fr\/clinical-situations\/implantologie-dentaire\/\" \/>\n<meta property=\"og:site_name\" content=\"Cl\u00ednica Dent\u00e1ria Jardim dos Arcos\" \/>\n<meta property=\"article:modified_time\" content=\"2019-03-18T13:37:09+00:00\" \/>\n<meta name=\"twitter:card\" content=\"summary_large_image\" \/>\n<script type=\"application\/ld+json\" class=\"yoast-schema-graph\">{\"@context\":\"https:\\\/\\\/schema.org\",\"@graph\":[{\"@type\":\"WebPage\",\"@id\":\"https:\\\/\\\/clinicadentariajardimdosarcos.pt\\\/fr\\\/clinical-situations\\\/implantologie-dentaire\\\/\",\"url\":\"https:\\\/\\\/clinicadentariajardimdosarcos.pt\\\/fr\\\/clinical-situations\\\/implantologie-dentaire\\\/\",\"name\":\"Implantologie Dentaire | Cl\u00ednica Dent\u00e1ria Jardim dos Arcos\",\"isPartOf\":{\"@id\":\"https:\\\/\\\/clinicadentariajardimdosarcos.pt\\\/fr\\\/#website\"},\"datePublished\":\"2013-09-30T08:48:14+00:00\",\"dateModified\":\"2019-03-18T13:37:09+00:00\",\"description\":\"Solutions d'implantologie dentaire pour \u00e9dent\u00e9 total, \\\"Sinus Lift\\\", r\u00e9g\u00e9n\u00e9ration osseuse guid\u00e9e, proth\u00e8se hybride sur 4 implants ... Devis gratuit!\",\"breadcrumb\":{\"@id\":\"https:\\\/\\\/clinicadentariajardimdosarcos.pt\\\/fr\\\/clinical-situations\\\/implantologie-dentaire\\\/#breadcrumb\"},\"inLanguage\":\"fr-FR\",\"potentialAction\":[{\"@type\":\"ReadAction\",\"target\":[\"https:\\\/\\\/clinicadentariajardimdosarcos.pt\\\/fr\\\/clinical-situations\\\/implantologie-dentaire\\\/\"]}]},{\"@type\":\"BreadcrumbList\",\"@id\":\"https:\\\/\\\/clinicadentariajardimdosarcos.pt\\\/fr\\\/clinical-situations\\\/implantologie-dentaire\\\/#breadcrumb\",\"itemListElement\":[{\"@type\":\"ListItem\",\"position\":1,\"name\":\"In\u00edcio\",\"item\":\"https:\\\/\\\/clinicadentariajardimdosarcos.pt\\\/fr\\\/\"},{\"@type\":\"ListItem\",\"position\":2,\"name\":\"Clinical Situations\",\"item\":\"https:\\\/\\\/clinicadentariajardimdosarcos.pt\\\/fr\\\/clinical-situations\\\/\"},{\"@type\":\"ListItem\",\"position\":3,\"name\":\"Implantologie Dentaire\"}]},{\"@type\":\"WebSite\",\"@id\":\"https:\\\/\\\/clinicadentariajardimdosarcos.pt\\\/fr\\\/#website\",\"url\":\"https:\\\/\\\/clinicadentariajardimdosarcos.pt\\\/fr\\\/\",\"name\":\"Cl\u00ednica Dent\u00e1ria Jardim dos Arcos\",\"description\":\"O Seu Dentista em Pa\u00e7o de Arcos, Oeiras, Lisboa\",\"publisher\":{\"@id\":\"https:\\\/\\\/clinicadentariajardimdosarcos.pt\\\/fr\\\/#organization\"},\"potentialAction\":[{\"@type\":\"SearchAction\",\"target\":{\"@type\":\"EntryPoint\",\"urlTemplate\":\"https:\\\/\\\/clinicadentariajardimdosarcos.pt\\\/fr\\\/?s={search_term_string}\"},\"query-input\":{\"@type\":\"PropertyValueSpecification\",\"valueRequired\":true,\"valueName\":\"search_term_string\"}}],\"inLanguage\":\"fr-FR\"},{\"@type\":\"Organization\",\"@id\":\"https:\\\/\\\/clinicadentariajardimdosarcos.pt\\\/fr\\\/#organization\",\"name\":\"Cl\u00ednica Dent\u00e1ria Jardim dos Arcos\",\"url\":\"https:\\\/\\\/clinicadentariajardimdosarcos.pt\\\/fr\\\/\",\"logo\":{\"@type\":\"ImageObject\",\"inLanguage\":\"fr-FR\",\"@id\":\"https:\\\/\\\/clinicadentariajardimdosarcos.pt\\\/fr\\\/#\\\/schema\\\/logo\\\/image\\\/\",\"url\":\"https:\\\/\\\/clinicadentariajardimdosarcos.pt\\\/wp-content\\\/uploads\\\/2015\\\/02\\\/logo.png\",\"contentUrl\":\"https:\\\/\\\/clinicadentariajardimdosarcos.pt\\\/wp-content\\\/uploads\\\/2015\\\/02\\\/logo.png\",\"width\":182,\"height\":85,\"caption\":\"Cl\u00ednica Dent\u00e1ria Jardim dos Arcos\"},\"image\":{\"@id\":\"https:\\\/\\\/clinicadentariajardimdosarcos.pt\\\/fr\\\/#\\\/schema\\\/logo\\\/image\\\/\"}}]}<\/script>\n<!-- \/ Yoast SEO plugin. -->","yoast_head_json":{"title":"Implantologie Dentaire | Cl\u00ednica Dent\u00e1ria Jardim dos Arcos","description":"Solutions d'implantologie dentaire pour \u00e9dent\u00e9 total, \"Sinus Lift\", r\u00e9g\u00e9n\u00e9ration osseuse guid\u00e9e, proth\u00e8se hybride sur 4 implants ... Devis gratuit!","robots":{"index":"index","follow":"follow","max-snippet":"max-snippet:-1","max-image-preview":"max-image-preview:large","max-video-preview":"max-video-preview:-1"},"canonical":"https:\/\/clinicadentariajardimdosarcos.pt\/fr\/clinical-situations\/implantologie-dentaire\/","og_locale":"fr_FR","og_type":"article","og_title":"Implantologie Dentaire | Cl\u00ednica Dent\u00e1ria Jardim dos Arcos","og_description":"Solutions d'implantologie dentaire pour \u00e9dent\u00e9 total, \"Sinus Lift\", r\u00e9g\u00e9n\u00e9ration osseuse guid\u00e9e, proth\u00e8se hybride sur 4 implants ... Devis gratuit!","og_url":"https:\/\/clinicadentariajardimdosarcos.pt\/fr\/clinical-situations\/implantologie-dentaire\/","og_site_name":"Cl\u00ednica Dent\u00e1ria Jardim dos Arcos","article_modified_time":"2019-03-18T13:37:09+00:00","twitter_card":"summary_large_image","schema":{"@context":"https:\/\/schema.org","@graph":[{"@type":"WebPage","@id":"https:\/\/clinicadentariajardimdosarcos.pt\/fr\/clinical-situations\/implantologie-dentaire\/","url":"https:\/\/clinicadentariajardimdosarcos.pt\/fr\/clinical-situations\/implantologie-dentaire\/","name":"Implantologie Dentaire | Cl\u00ednica Dent\u00e1ria Jardim dos Arcos","isPartOf":{"@id":"https:\/\/clinicadentariajardimdosarcos.pt\/fr\/#website"},"datePublished":"2013-09-30T08:48:14+00:00","dateModified":"2019-03-18T13:37:09+00:00","description":"Solutions d'implantologie dentaire pour \u00e9dent\u00e9 total, \"Sinus Lift\", r\u00e9g\u00e9n\u00e9ration osseuse guid\u00e9e, proth\u00e8se hybride sur 4 implants ... Devis gratuit!","breadcrumb":{"@id":"https:\/\/clinicadentariajardimdosarcos.pt\/fr\/clinical-situations\/implantologie-dentaire\/#breadcrumb"},"inLanguage":"fr-FR","potentialAction":[{"@type":"ReadAction","target":["https:\/\/clinicadentariajardimdosarcos.pt\/fr\/clinical-situations\/implantologie-dentaire\/"]}]},{"@type":"BreadcrumbList","@id":"https:\/\/clinicadentariajardimdosarcos.pt\/fr\/clinical-situations\/implantologie-dentaire\/#breadcrumb","itemListElement":[{"@type":"ListItem","position":1,"name":"In\u00edcio","item":"https:\/\/clinicadentariajardimdosarcos.pt\/fr\/"},{"@type":"ListItem","position":2,"name":"Clinical Situations","item":"https:\/\/clinicadentariajardimdosarcos.pt\/fr\/clinical-situations\/"},{"@type":"ListItem","position":3,"name":"Implantologie Dentaire"}]},{"@type":"WebSite","@id":"https:\/\/clinicadentariajardimdosarcos.pt\/fr\/#website","url":"https:\/\/clinicadentariajardimdosarcos.pt\/fr\/","name":"Cl\u00ednica Dent\u00e1ria Jardim dos Arcos","description":"O Seu Dentista em Pa\u00e7o de Arcos, Oeiras, Lisboa","publisher":{"@id":"https:\/\/clinicadentariajardimdosarcos.pt\/fr\/#organization"},"potentialAction":[{"@type":"SearchAction","target":{"@type":"EntryPoint","urlTemplate":"https:\/\/clinicadentariajardimdosarcos.pt\/fr\/?s={search_term_string}"},"query-input":{"@type":"PropertyValueSpecification","valueRequired":true,"valueName":"search_term_string"}}],"inLanguage":"fr-FR"},{"@type":"Organization","@id":"https:\/\/clinicadentariajardimdosarcos.pt\/fr\/#organization","name":"Cl\u00ednica Dent\u00e1ria Jardim dos Arcos","url":"https:\/\/clinicadentariajardimdosarcos.pt\/fr\/","logo":{"@type":"ImageObject","inLanguage":"fr-FR","@id":"https:\/\/clinicadentariajardimdosarcos.pt\/fr\/#\/schema\/logo\/image\/","url":"https:\/\/clinicadentariajardimdosarcos.pt\/wp-content\/uploads\/2015\/02\/logo.png","contentUrl":"https:\/\/clinicadentariajardimdosarcos.pt\/wp-content\/uploads\/2015\/02\/logo.png","width":182,"height":85,"caption":"Cl\u00ednica Dent\u00e1ria Jardim dos Arcos"},"image":{"@id":"https:\/\/clinicadentariajardimdosarcos.pt\/fr\/#\/schema\/logo\/image\/"}}]}},"_links":{"self":[{"href":"https:\/\/clinicadentariajardimdosarcos.pt\/fr\/wp-json\/wp\/v2\/pages\/7297","targetHints":{"allow":["GET"]}}],"collection":[{"href":"https:\/\/clinicadentariajardimdosarcos.pt\/fr\/wp-json\/wp\/v2\/pages"}],"about":[{"href":"https:\/\/clinicadentariajardimdosarcos.pt\/fr\/wp-json\/wp\/v2\/types\/page"}],"author":[{"embeddable":true,"href":"https:\/\/clinicadentariajardimdosarcos.pt\/fr\/wp-json\/wp\/v2\/users\/2"}],"replies":[{"embeddable":true,"href":"https:\/\/clinicadentariajardimdosarcos.pt\/fr\/wp-json\/wp\/v2\/comments?post=7297"}],"version-history":[{"count":0,"href":"https:\/\/clinicadentariajardimdosarcos.pt\/fr\/wp-json\/wp\/v2\/pages\/7297\/revisions"}],"up":[{"embeddable":true,"href":"https:\/\/clinicadentariajardimdosarcos.pt\/fr\/wp-json\/wp\/v2\/pages\/7695"}],"wp:attachment":[{"href":"https:\/\/clinicadentariajardimdosarcos.pt\/fr\/wp-json\/wp\/v2\/media?parent=7297"}],"curies":[{"name":"wp","href":"https:\/\/api.w.org\/{rel}","templated":true}]}}