{"id":7300,"date":"2013-09-30T08:53:11","date_gmt":"2013-09-30T08:53:11","guid":{"rendered":"https:\/\/clinicadentariajardimdosarcos.pt\/situacoes-clinicas\/oclusao-bruxismo-dentarios\/"},"modified":"2019-03-18T14:43:09","modified_gmt":"2019-03-18T13:43:09","slug":"occlusion-dentaire-bruxisme","status":"publish","type":"page","link":"https:\/\/clinicadentariajardimdosarcos.pt\/fr\/clinical-situations\/occlusion-dentaire-bruxisme\/","title":{"rendered":"Occlusion dentaire et bruxisme"},"content":{"rendered":"<h3>Fonction de l&#8217;articulation temporo-mandibulaire<\/h3>\n<p><iframe data-src=\"\/\/www.youtube.com\/embed\/Opgz2EUyI0w\" width=\"640\" height=\"480\" frameborder=\"0\" allowfullscreen=\"allowfullscreen\" src=\"data:image\/svg+xml;base64,PHN2ZyB3aWR0aD0iMSIgaGVpZ2h0PSIxIiB4bWxucz0iaHR0cDovL3d3dy53My5vcmcvMjAwMC9zdmciPjwvc3ZnPg==\" class=\"lazyload\" data-load-mode=\"1\"><\/iframe><\/p>\n<h3>Bruxisme dentaire<\/h3>\n<p><iframe data-src=\"\/\/www.youtube.com\/embed\/T85yCkktnmk\" width=\"640\" height=\"480\" frameborder=\"0\" allowfullscreen=\"allowfullscreen\" src=\"data:image\/svg+xml;base64,PHN2ZyB3aWR0aD0iMSIgaGVpZ2h0PSIxIiB4bWxucz0iaHR0cDovL3d3dy53My5vcmcvMjAwMC9zdmciPjwvc3ZnPg==\" class=\"lazyload\" data-load-mode=\"1\"><\/iframe><\/p>\n","protected":false},"excerpt":{"rendered":"<p>Fonction de l&#8217;articulation temporo-mandibulaire Bruxisme dentaire<\/p>\n","protected":false},"author":2,"featured_media":0,"parent":7695,"menu_order":0,"comment_status":"open","ping_status":"closed","template":"","meta":{"site-sidebar-layout":"default","site-content-layout":"default","ast-site-content-layout":"default","site-content-style":"default","site-sidebar-style":"default","ast-global-header-display":"","ast-banner-title-visibility":"","ast-main-header-display":"","ast-hfb-above-header-display":"","ast-hfb-below-header-display":"","ast-hfb-mobile-header-display":"","site-post-title":"","ast-breadcrumbs-content":"","ast-featured-img":"","footer-sml-layout":"","ast-disable-related-posts":"","theme-transparent-header-meta":"default","adv-header-id-meta":"","stick-header-meta":"","header-above-stick-meta":"","header-main-stick-meta":"","header-below-stick-meta":"","astra-migrate-meta-layouts":"default","ast-page-background-enabled":"default","ast-page-background-meta":{"desktop":{"background-color":"","background-image":"","background-repeat":"repeat","background-position":"center center","background-size":"auto","background-attachment":"scroll","background-type":"","background-media":"","overlay-type":"","overlay-color":"","overlay-opacity":"","overlay-gradient":""},"tablet":{"background-color":"","background-image":"","background-repeat":"repeat","background-position":"center center","background-size":"auto","background-attachment":"scroll","background-type":"","background-media":"","overlay-type":"","overlay-color":"","overlay-opacity":"","overlay-gradient":""},"mobile":{"background-color":"","background-image":"","background-repeat":"repeat","background-position":"center center","background-size":"auto","background-attachment":"scroll","background-type":"","background-media":"","overlay-type":"","overlay-color":"","overlay-opacity":"","overlay-gradient":""}},"ast-content-background-meta":{"desktop":{"background-color":"var(--ast-global-color-5)","background-image":"","background-repeat":"repeat","background-position":"center center","background-size":"auto","background-attachment":"scroll","background-type":"","background-media":"","overlay-type":"","overlay-color":"","overlay-opacity":"","overlay-gradient":""},"tablet":{"background-color":"var(--ast-global-color-5)","background-image":"","background-repeat":"repeat","background-position":"center center","background-size":"auto","background-attachment":"scroll","background-type":"","background-media":"","overlay-type":"","overlay-color":"","overlay-opacity":"","overlay-gradient":""},"mobile":{"background-color":"var(--ast-global-color-5)","background-image":"","background-repeat":"repeat","background-position":"center center","background-size":"auto","background-attachment":"scroll","background-type":"","background-media":"","overlay-type":"","overlay-color":"","overlay-opacity":"","overlay-gradient":""}},"footnotes":""},"class_list":["post-7300","page","type-page","status-publish","hentry"],"yoast_head":"<!-- This site is optimized with the Yoast SEO plugin v27.3 - https:\/\/yoast.com\/product\/yoast-seo-wordpress\/ -->\n<title>Occlusion Dentaire et Bruxisme - Cl\u00ednica Dent\u00e1ria Jardim dos Arcos<\/title>\n<meta name=\"description\" content=\"Vid\u00e9o explicative: occlusion dentaire et bruxisme, fonctionnement de l&#039;articulation temporo-mandibulaire ...\" \/>\n<meta name=\"robots\" content=\"index, follow, max-snippet:-1, max-image-preview:large, max-video-preview:-1\" \/>\n<link rel=\"canonical\" href=\"https:\/\/clinicadentariajardimdosarcos.pt\/fr\/clinical-situations\/occlusion-dentaire-bruxisme\/\" \/>\n<meta property=\"og:locale\" content=\"fr_FR\" \/>\n<meta property=\"og:type\" content=\"article\" \/>\n<meta property=\"og:title\" content=\"Occlusion Dentaire et Bruxisme - Cl\u00ednica Dent\u00e1ria Jardim dos Arcos\" \/>\n<meta property=\"og:description\" content=\"Vid\u00e9o explicative: occlusion dentaire et bruxisme, fonctionnement de l&#039;articulation temporo-mandibulaire ...\" \/>\n<meta property=\"og:url\" content=\"https:\/\/clinicadentariajardimdosarcos.pt\/fr\/clinical-situations\/occlusion-dentaire-bruxisme\/\" \/>\n<meta property=\"og:site_name\" content=\"Cl\u00ednica Dent\u00e1ria Jardim dos Arcos\" \/>\n<meta property=\"article:modified_time\" content=\"2019-03-18T13:43:09+00:00\" \/>\n<meta name=\"twitter:card\" content=\"summary_large_image\" \/>\n<script type=\"application\/ld+json\" class=\"yoast-schema-graph\">{\"@context\":\"https:\\\/\\\/schema.org\",\"@graph\":[{\"@type\":\"WebPage\",\"@id\":\"https:\\\/\\\/clinicadentariajardimdosarcos.pt\\\/fr\\\/clinical-situations\\\/occlusion-dentaire-bruxisme\\\/\",\"url\":\"https:\\\/\\\/clinicadentariajardimdosarcos.pt\\\/fr\\\/clinical-situations\\\/occlusion-dentaire-bruxisme\\\/\",\"name\":\"Occlusion Dentaire et Bruxisme - Cl\u00ednica Dent\u00e1ria Jardim dos Arcos\",\"isPartOf\":{\"@id\":\"https:\\\/\\\/clinicadentariajardimdosarcos.pt\\\/fr\\\/#website\"},\"datePublished\":\"2013-09-30T08:53:11+00:00\",\"dateModified\":\"2019-03-18T13:43:09+00:00\",\"description\":\"Vid\u00e9o explicative: occlusion dentaire et bruxisme, fonctionnement de l'articulation temporo-mandibulaire ...\",\"breadcrumb\":{\"@id\":\"https:\\\/\\\/clinicadentariajardimdosarcos.pt\\\/fr\\\/clinical-situations\\\/occlusion-dentaire-bruxisme\\\/#breadcrumb\"},\"inLanguage\":\"fr-FR\",\"potentialAction\":[{\"@type\":\"ReadAction\",\"target\":[\"https:\\\/\\\/clinicadentariajardimdosarcos.pt\\\/fr\\\/clinical-situations\\\/occlusion-dentaire-bruxisme\\\/\"]}]},{\"@type\":\"BreadcrumbList\",\"@id\":\"https:\\\/\\\/clinicadentariajardimdosarcos.pt\\\/fr\\\/clinical-situations\\\/occlusion-dentaire-bruxisme\\\/#breadcrumb\",\"itemListElement\":[{\"@type\":\"ListItem\",\"position\":1,\"name\":\"In\u00edcio\",\"item\":\"https:\\\/\\\/clinicadentariajardimdosarcos.pt\\\/fr\\\/\"},{\"@type\":\"ListItem\",\"position\":2,\"name\":\"Clinical Situations\",\"item\":\"https:\\\/\\\/clinicadentariajardimdosarcos.pt\\\/fr\\\/clinical-situations\\\/\"},{\"@type\":\"ListItem\",\"position\":3,\"name\":\"Occlusion dentaire et bruxisme\"}]},{\"@type\":\"WebSite\",\"@id\":\"https:\\\/\\\/clinicadentariajardimdosarcos.pt\\\/fr\\\/#website\",\"url\":\"https:\\\/\\\/clinicadentariajardimdosarcos.pt\\\/fr\\\/\",\"name\":\"Cl\u00ednica Dent\u00e1ria Jardim dos Arcos\",\"description\":\"O Seu Dentista em Pa\u00e7o de Arcos, Oeiras, Lisboa\",\"publisher\":{\"@id\":\"https:\\\/\\\/clinicadentariajardimdosarcos.pt\\\/fr\\\/#organization\"},\"potentialAction\":[{\"@type\":\"SearchAction\",\"target\":{\"@type\":\"EntryPoint\",\"urlTemplate\":\"https:\\\/\\\/clinicadentariajardimdosarcos.pt\\\/fr\\\/?s={search_term_string}\"},\"query-input\":{\"@type\":\"PropertyValueSpecification\",\"valueRequired\":true,\"valueName\":\"search_term_string\"}}],\"inLanguage\":\"fr-FR\"},{\"@type\":\"Organization\",\"@id\":\"https:\\\/\\\/clinicadentariajardimdosarcos.pt\\\/fr\\\/#organization\",\"name\":\"Cl\u00ednica Dent\u00e1ria Jardim dos Arcos\",\"url\":\"https:\\\/\\\/clinicadentariajardimdosarcos.pt\\\/fr\\\/\",\"logo\":{\"@type\":\"ImageObject\",\"inLanguage\":\"fr-FR\",\"@id\":\"https:\\\/\\\/clinicadentariajardimdosarcos.pt\\\/fr\\\/#\\\/schema\\\/logo\\\/image\\\/\",\"url\":\"https:\\\/\\\/clinicadentariajardimdosarcos.pt\\\/wp-content\\\/uploads\\\/2015\\\/02\\\/logo.png\",\"contentUrl\":\"https:\\\/\\\/clinicadentariajardimdosarcos.pt\\\/wp-content\\\/uploads\\\/2015\\\/02\\\/logo.png\",\"width\":182,\"height\":85,\"caption\":\"Cl\u00ednica Dent\u00e1ria Jardim dos Arcos\"},\"image\":{\"@id\":\"https:\\\/\\\/clinicadentariajardimdosarcos.pt\\\/fr\\\/#\\\/schema\\\/logo\\\/image\\\/\"}}]}<\/script>\n<!-- \/ Yoast SEO plugin. -->","yoast_head_json":{"title":"Occlusion Dentaire et Bruxisme - Cl\u00ednica Dent\u00e1ria Jardim dos Arcos","description":"Vid\u00e9o explicative: occlusion dentaire et bruxisme, fonctionnement de l'articulation temporo-mandibulaire ...","robots":{"index":"index","follow":"follow","max-snippet":"max-snippet:-1","max-image-preview":"max-image-preview:large","max-video-preview":"max-video-preview:-1"},"canonical":"https:\/\/clinicadentariajardimdosarcos.pt\/fr\/clinical-situations\/occlusion-dentaire-bruxisme\/","og_locale":"fr_FR","og_type":"article","og_title":"Occlusion Dentaire et Bruxisme - Cl\u00ednica Dent\u00e1ria Jardim dos Arcos","og_description":"Vid\u00e9o explicative: occlusion dentaire et bruxisme, fonctionnement de l'articulation temporo-mandibulaire ...","og_url":"https:\/\/clinicadentariajardimdosarcos.pt\/fr\/clinical-situations\/occlusion-dentaire-bruxisme\/","og_site_name":"Cl\u00ednica Dent\u00e1ria Jardim dos Arcos","article_modified_time":"2019-03-18T13:43:09+00:00","twitter_card":"summary_large_image","schema":{"@context":"https:\/\/schema.org","@graph":[{"@type":"WebPage","@id":"https:\/\/clinicadentariajardimdosarcos.pt\/fr\/clinical-situations\/occlusion-dentaire-bruxisme\/","url":"https:\/\/clinicadentariajardimdosarcos.pt\/fr\/clinical-situations\/occlusion-dentaire-bruxisme\/","name":"Occlusion Dentaire et Bruxisme - Cl\u00ednica Dent\u00e1ria Jardim dos Arcos","isPartOf":{"@id":"https:\/\/clinicadentariajardimdosarcos.pt\/fr\/#website"},"datePublished":"2013-09-30T08:53:11+00:00","dateModified":"2019-03-18T13:43:09+00:00","description":"Vid\u00e9o explicative: occlusion dentaire et bruxisme, fonctionnement de l'articulation temporo-mandibulaire ...","breadcrumb":{"@id":"https:\/\/clinicadentariajardimdosarcos.pt\/fr\/clinical-situations\/occlusion-dentaire-bruxisme\/#breadcrumb"},"inLanguage":"fr-FR","potentialAction":[{"@type":"ReadAction","target":["https:\/\/clinicadentariajardimdosarcos.pt\/fr\/clinical-situations\/occlusion-dentaire-bruxisme\/"]}]},{"@type":"BreadcrumbList","@id":"https:\/\/clinicadentariajardimdosarcos.pt\/fr\/clinical-situations\/occlusion-dentaire-bruxisme\/#breadcrumb","itemListElement":[{"@type":"ListItem","position":1,"name":"In\u00edcio","item":"https:\/\/clinicadentariajardimdosarcos.pt\/fr\/"},{"@type":"ListItem","position":2,"name":"Clinical Situations","item":"https:\/\/clinicadentariajardimdosarcos.pt\/fr\/clinical-situations\/"},{"@type":"ListItem","position":3,"name":"Occlusion dentaire et bruxisme"}]},{"@type":"WebSite","@id":"https:\/\/clinicadentariajardimdosarcos.pt\/fr\/#website","url":"https:\/\/clinicadentariajardimdosarcos.pt\/fr\/","name":"Cl\u00ednica Dent\u00e1ria Jardim dos Arcos","description":"O Seu Dentista em Pa\u00e7o de Arcos, Oeiras, Lisboa","publisher":{"@id":"https:\/\/clinicadentariajardimdosarcos.pt\/fr\/#organization"},"potentialAction":[{"@type":"SearchAction","target":{"@type":"EntryPoint","urlTemplate":"https:\/\/clinicadentariajardimdosarcos.pt\/fr\/?s={search_term_string}"},"query-input":{"@type":"PropertyValueSpecification","valueRequired":true,"valueName":"search_term_string"}}],"inLanguage":"fr-FR"},{"@type":"Organization","@id":"https:\/\/clinicadentariajardimdosarcos.pt\/fr\/#organization","name":"Cl\u00ednica Dent\u00e1ria Jardim dos Arcos","url":"https:\/\/clinicadentariajardimdosarcos.pt\/fr\/","logo":{"@type":"ImageObject","inLanguage":"fr-FR","@id":"https:\/\/clinicadentariajardimdosarcos.pt\/fr\/#\/schema\/logo\/image\/","url":"https:\/\/clinicadentariajardimdosarcos.pt\/wp-content\/uploads\/2015\/02\/logo.png","contentUrl":"https:\/\/clinicadentariajardimdosarcos.pt\/wp-content\/uploads\/2015\/02\/logo.png","width":182,"height":85,"caption":"Cl\u00ednica Dent\u00e1ria Jardim dos Arcos"},"image":{"@id":"https:\/\/clinicadentariajardimdosarcos.pt\/fr\/#\/schema\/logo\/image\/"}}]}},"_links":{"self":[{"href":"https:\/\/clinicadentariajardimdosarcos.pt\/fr\/wp-json\/wp\/v2\/pages\/7300","targetHints":{"allow":["GET"]}}],"collection":[{"href":"https:\/\/clinicadentariajardimdosarcos.pt\/fr\/wp-json\/wp\/v2\/pages"}],"about":[{"href":"https:\/\/clinicadentariajardimdosarcos.pt\/fr\/wp-json\/wp\/v2\/types\/page"}],"author":[{"embeddable":true,"href":"https:\/\/clinicadentariajardimdosarcos.pt\/fr\/wp-json\/wp\/v2\/users\/2"}],"replies":[{"embeddable":true,"href":"https:\/\/clinicadentariajardimdosarcos.pt\/fr\/wp-json\/wp\/v2\/comments?post=7300"}],"version-history":[{"count":0,"href":"https:\/\/clinicadentariajardimdosarcos.pt\/fr\/wp-json\/wp\/v2\/pages\/7300\/revisions"}],"up":[{"embeddable":true,"href":"https:\/\/clinicadentariajardimdosarcos.pt\/fr\/wp-json\/wp\/v2\/pages\/7695"}],"wp:attachment":[{"href":"https:\/\/clinicadentariajardimdosarcos.pt\/fr\/wp-json\/wp\/v2\/media?parent=7300"}],"curies":[{"name":"wp","href":"https:\/\/api.w.org\/{rel}","templated":true}]}}