{"id":7459,"date":"2011-07-14T19:46:13","date_gmt":"2011-07-14T19:46:13","guid":{"rendered":"https:\/\/clinicadentariajardimdosarcos.pt\/especialidades\/"},"modified":"2019-03-28T18:33:22","modified_gmt":"2019-03-28T17:33:22","slug":"specialites","status":"publish","type":"page","link":"https:\/\/clinicadentariajardimdosarcos.pt\/fr\/specialites\/","title":{"rendered":"Traitements"},"content":{"rendered":"<div id=\"pl-7459\"  class=\"panel-layout\" ><div id=\"pg-7459-0\"  class=\"panel-grid panel-no-style\" ><div id=\"pgc-7459-0-0\"  class=\"panel-grid-cell\" ><div id=\"panel-7459-0-0-0\" class=\"so-panel widget widget_sow-headline panel-first-child\" data-index=\"0\" ><div\n\t\t\t\n\t\t\tclass=\"so-widget-sow-headline so-widget-sow-headline-default-ea0af4cf39ae-7459\"\n\t\t\t\n\t\t><div class=\"sow-headline-container \">\n\t\t\t\t\t\t\t<h1 class=\"sow-headline\">\n\t\t\t\t\t\tTraitements\t\t\t\t\t\t<\/h1>\n\t\t\t\t\t\t\t\t\t\t\t<div class=\"decoration\">\n\t\t\t\t\t\t<div class=\"decoration-inside\"><\/div>\n\t\t\t\t\t<\/div>\n\t\t\t\t\t<\/div>\n<\/div><\/div><div id=\"panel-7459-0-0-1\" class=\"so-panel widget widget_sow-features panel-last-child\" data-index=\"1\" ><div\n\t\t\t\n\t\t\tclass=\"so-widget-sow-features so-widget-sow-features-default-a56e3f890a1f-7459\"\n\t\t\t\n\t\t><ul\n\tclass=\"sow-features-list\n\tsow-features-responsive\">\n\n\t\t\t<li\n\t\t\tclass=\"sow-features-feature sow-icon-container-position-top\"\n\t\t\tstyle=\"display: flex; flex-direction: column; width: calc(33.333% - 25px);\"\n\t\t>\n\t\t\t\n\t\t\t\t\t\t<a\t\t\t\tclass=\"sow-icon-container sow-container-none\"\n\t\t\t\tstyle=\"color: #72c1af; \"\n\t\t\t\ttitle=\"PROTH\u00c8SES ET IMPLANTS DENTAIRES\"\n\t\t\t\t\t\t\t\t\thref=\"https:\/\/clinicadentariajardimdosarcos.pt\/fr\/contactaer-clinica-dentaria-jardim-dos-arcos\/\"\n\t\t\t\t\t\t\t\t>\n\t\t\t\t\t\t\t\t\t\t<div class=\"sow-icon-image lazyload\" style=\"background-image:inherit; font-size: 24px\" data-bg-image=\"url(https:\/\/clinicadentariajardimdosarcos.pt\/wp-content\/uploads\/2019\/02\/TOPDM_CDJA-150x68.jpg)\"><\/div>\n\t\t\t\t\t\t\t\t\t<\/a>\n\n\t\t\t<div class=\"textwidget\">\n\t\t\t\t\n\t\t\t\t\t\t\t\t\t<h5 class=\"sow-features-feature-title\">\n\t\t\t\t\t\t\t\t\t\t\t\t\t<a\n\t\t\t\t\t\t\t\thref=\"https:\/\/clinicadentariajardimdosarcos.pt\/fr\/contactaer-clinica-dentaria-jardim-dos-arcos\/\"\n\t\t\t\t\t\t\t\t\t\t\t\t\t\t\t>\n\t\t\t\t\t\t\tPROTH\u00c8SES ET IMPLANTS DENTAIRES\t\t\t\t\t\t\t<\/a>\n\t\t\t\t\t\t\t\t\t\t\t\t<\/h5>\n\t\t\t\t\n\t\t\t\t\t\t\t<\/div>\n\t\t\t\t\t\t\t\t<\/li>\n\n\t\t\t<li\n\t\t\tclass=\"sow-features-feature sow-icon-container-position-top\"\n\t\t\tstyle=\"display: flex; flex-direction: column; width: calc(33.333% - 25px);\"\n\t\t>\n\t\t\t\n\t\t\t\t\t\t<a\t\t\t\tclass=\"sow-icon-container sow-container-none\"\n\t\t\t\tstyle=\"color: #72c1af; \"\n\t\t\t\ttitle=\"PARODONTOLOGIE\"\n\t\t\t\t\t\t\t\t\thref=\"https:\/\/clinicadentariajardimdosarcos.pt\/fr\/contactaer-clinica-dentaria-jardim-dos-arcos\/\"\n\t\t\t\t\t\t\t\t>\n\t\t\t\t\t\t\t\t\t\t<div class=\"sow-icon-image lazyload\" style=\"background-image:inherit; font-size: 24px\" data-bg-image=\"url(https:\/\/clinicadentariajardimdosarcos.pt\/wp-content\/uploads\/2014\/05\/Doen\u00e7as-Gengivas-Doen\u00e7a-Periodontal-Periodontologia-e13993648429481-150x150.jpg)\"><\/div>\n\t\t\t\t\t\t\t\t\t<\/a>\n\n\t\t\t<div class=\"textwidget\">\n\t\t\t\t\n\t\t\t\t\t\t\t\t\t<h5 class=\"sow-features-feature-title\">\n\t\t\t\t\t\t\t\t\t\t\t\t\t<a\n\t\t\t\t\t\t\t\thref=\"https:\/\/clinicadentariajardimdosarcos.pt\/fr\/contactaer-clinica-dentaria-jardim-dos-arcos\/\"\n\t\t\t\t\t\t\t\t\t\t\t\t\t\t\t>\n\t\t\t\t\t\t\tPARODONTOLOGIE\t\t\t\t\t\t\t<\/a>\n\t\t\t\t\t\t\t\t\t\t\t\t<\/h5>\n\t\t\t\t\n\t\t\t\t\t\t\t\t\t<div class=\"sow-features-feature-text\">\n\t\t\t\t\t<p>&nbsp;<\/p>\n<p>&nbsp;<\/p>\n\t\t\t\t\t<\/div>\n\t\t\t\t\t\t\t\t<\/div>\n\t\t\t\t\t\t\t\t<\/li>\n\n\t\t\t<li\n\t\t\tclass=\"sow-features-feature sow-icon-container-position-top\"\n\t\t\tstyle=\"display: flex; flex-direction: column; width: calc(33.333% - 25px);\"\n\t\t>\n\t\t\t\n\t\t\t\t\t\t<a\t\t\t\tclass=\"sow-icon-container sow-container-none\"\n\t\t\t\tstyle=\"color: #72c1af; \"\n\t\t\t\ttitle=\" ENDODONTIQUE\"\n\t\t\t\t\t\t\t\t\thref=\"https:\/\/clinicadentariajardimdosarcos.pt\/fr\/contactaer-clinica-dentaria-jardim-dos-arcos\/\"\n\t\t\t\t\t\t\t\t>\n\t\t\t\t\t\t\t\t\t\t<div class=\"sow-icon-image lazyload\" style=\"background-image:inherit; font-size: 24px\" data-bg-image=\"url(https:\/\/clinicadentariajardimdosarcos.pt\/wp-content\/uploads\/2019\/03\/endodoncia-clinica-dentaria-jardim-dos-arcos-1-min-150x100.jpg)\"><\/div>\n\t\t\t\t\t\t\t\t\t<\/a>\n\n\t\t\t<div class=\"textwidget\">\n\t\t\t\t\n\t\t\t\t\t\t\t\t\t<h5 class=\"sow-features-feature-title\">\n\t\t\t\t\t\t\t\t\t\t\t\t\t<a\n\t\t\t\t\t\t\t\thref=\"https:\/\/clinicadentariajardimdosarcos.pt\/fr\/contactaer-clinica-dentaria-jardim-dos-arcos\/\"\n\t\t\t\t\t\t\t\t\t\t\t\t\t\t\t>\n\t\t\t\t\t\t\t ENDODONTIQUE\t\t\t\t\t\t\t<\/a>\n\t\t\t\t\t\t\t\t\t\t\t\t<\/h5>\n\t\t\t\t\n\t\t\t\t\t\t\t<\/div>\n\t\t\t\t\t\t\t\t<\/li>\n\n\t\t\t<li\n\t\t\tclass=\"sow-features-feature sow-icon-container-position-top\"\n\t\t\tstyle=\"display: flex; flex-direction: column; width: calc(33.333% - 25px);\"\n\t\t>\n\t\t\t\n\t\t\t\t\t\t<a\t\t\t\tclass=\"sow-icon-container sow-container-none\"\n\t\t\t\tstyle=\"color: #72c1af; \"\n\t\t\t\ttitle=\" PROTH\u00c8SES FIXES: PONTS ET COURONNES\"\n\t\t\t\t\t\t\t\t\thref=\"https:\/\/clinicadentariajardimdosarcos.pt\/fr\/contactaer-clinica-dentaria-jardim-dos-arcos\/\"\n\t\t\t\t\t\t\t\t>\n\t\t\t\t\t\t\t\t\t\t<div class=\"sow-icon-image lazyload\" style=\"background-image:inherit; font-size: 24px\" data-bg-image=\"url(https:\/\/clinicadentariajardimdosarcos.pt\/wp-content\/uploads\/2014\/05\/protese-flexivel-e13992387633701-150x150.jpg)\"><\/div>\n\t\t\t\t\t\t\t\t\t<\/a>\n\n\t\t\t<div class=\"textwidget\">\n\t\t\t\t\n\t\t\t\t\t\t\t\t\t<h5 class=\"sow-features-feature-title\">\n\t\t\t\t\t\t\t\t\t\t\t\t\t<a\n\t\t\t\t\t\t\t\thref=\"https:\/\/clinicadentariajardimdosarcos.pt\/fr\/contactaer-clinica-dentaria-jardim-dos-arcos\/\"\n\t\t\t\t\t\t\t\t\t\t\t\t\t\t\t>\n\t\t\t\t\t\t\t PROTH\u00c8SES FIXES: PONTS ET COURONNES\t\t\t\t\t\t\t<\/a>\n\t\t\t\t\t\t\t\t\t\t\t\t<\/h5>\n\t\t\t\t\n\t\t\t\t\t\t\t<\/div>\n\t\t\t\t\t\t\t\t<\/li>\n\n\t\t\t<li\n\t\t\tclass=\"sow-features-feature sow-icon-container-position-top\"\n\t\t\tstyle=\"display: flex; flex-direction: column; width: calc(33.333% - 25px);\"\n\t\t>\n\t\t\t\n\t\t\t\t\t\t<a\t\t\t\tclass=\"sow-icon-container sow-container-none\"\n\t\t\t\tstyle=\"color: #72c1af; \"\n\t\t\t\ttitle=\"ESTH\u00c9TIQUE DENTAIRE\"\n\t\t\t\t\t\t\t\t\thref=\"https:\/\/clinicadentariajardimdosarcos.pt\/fr\/contactaer-clinica-dentaria-jardim-dos-arcos\/\"\n\t\t\t\t\t\t\t\t>\n\t\t\t\t\t\t\t\t\t\t<div class=\"sow-icon-image lazyload\" style=\"background-image:inherit; font-size: 24px\" data-bg-image=\"url(https:\/\/clinicadentariajardimdosarcos.pt\/wp-content\/uploads\/2019\/03\/estetica-dentaria-clinica-dentaria-jardim-dos-arcos-min-1-150x83.jpg)\"><\/div>\n\t\t\t\t\t\t\t\t\t<\/a>\n\n\t\t\t<div class=\"textwidget\">\n\t\t\t\t\n\t\t\t\t\t\t\t\t\t<h5 class=\"sow-features-feature-title\">\n\t\t\t\t\t\t\t\t\t\t\t\t\t<a\n\t\t\t\t\t\t\t\thref=\"https:\/\/clinicadentariajardimdosarcos.pt\/fr\/contactaer-clinica-dentaria-jardim-dos-arcos\/\"\n\t\t\t\t\t\t\t\t\t\t\t\t\t\t\t>\n\t\t\t\t\t\t\tESTH\u00c9TIQUE DENTAIRE\t\t\t\t\t\t\t<\/a>\n\t\t\t\t\t\t\t\t\t\t\t\t<\/h5>\n\t\t\t\t\n\t\t\t\t\t\t\t<\/div>\n\t\t\t\t\t\t\t\t<\/li>\n\n\t\t\t<li\n\t\t\tclass=\"sow-features-feature sow-icon-container-position-top\"\n\t\t\tstyle=\"display: flex; flex-direction: column; width: calc(33.333% - 25px);\"\n\t\t>\n\t\t\t\n\t\t\t\t\t\t<a\t\t\t\tclass=\"sow-icon-container sow-container-none\"\n\t\t\t\tstyle=\"color: #72c1af; \"\n\t\t\t\ttitle=\"BLANCHIMENT\"\n\t\t\t\t\t\t\t\t\thref=\"https:\/\/clinicadentariajardimdosarcos.pt\/fr\/contactaer-clinica-dentaria-jardim-dos-arcos\/\"\n\t\t\t\t\t\t\t\t>\n\t\t\t\t\t\t\t\t\t\t<div class=\"sow-icon-image lazyload\" style=\"background-image:inherit; font-size: 24px\" data-bg-image=\"url(https:\/\/clinicadentariajardimdosarcos.pt\/wp-content\/uploads\/2014\/01\/Branqueamento-e14165003779002-150x150.jpg)\"><\/div>\n\t\t\t\t\t\t\t\t\t<\/a>\n\n\t\t\t<div class=\"textwidget\">\n\t\t\t\t\n\t\t\t\t\t\t\t\t\t<h5 class=\"sow-features-feature-title\">\n\t\t\t\t\t\t\t\t\t\t\t\t\t<a\n\t\t\t\t\t\t\t\thref=\"https:\/\/clinicadentariajardimdosarcos.pt\/fr\/contactaer-clinica-dentaria-jardim-dos-arcos\/\"\n\t\t\t\t\t\t\t\t\t\t\t\t\t\t\t>\n\t\t\t\t\t\t\tBLANCHIMENT\t\t\t\t\t\t\t<\/a>\n\t\t\t\t\t\t\t\t\t\t\t\t<\/h5>\n\t\t\t\t\n\t\t\t\t\t\t\t<\/div>\n\t\t\t\t\t\t\t\t<\/li>\n\n\t\t\t<li\n\t\t\tclass=\"sow-features-feature sow-icon-container-position-top\"\n\t\t\tstyle=\"display: flex; flex-direction: column; width: calc(33.333% - 25px);\"\n\t\t>\n\t\t\t\n\t\t\t\t\t\t<a\t\t\t\tclass=\"sow-icon-container sow-container-none\"\n\t\t\t\tstyle=\"color: #72c1af; \"\n\t\t\t\ttitle=\"ORTHODONTIE\"\n\t\t\t\t\t\t\t\t\thref=\"https:\/\/clinicadentariajardimdosarcos.pt\/fr\/contactaer-clinica-dentaria-jardim-dos-arcos\/\"\n\t\t\t\t\t\t\t\t>\n\t\t\t\t\t\t\t\t\t\t<div class=\"sow-icon-image lazyload\" style=\"background-image:inherit; font-size: 24px\" data-bg-image=\"url(https:\/\/clinicadentariajardimdosarcos.pt\/wp-content\/uploads\/2019\/03\/endodoncia-clinica-dentaria-jardim-dos-arcos-2-min-150x100.jpg)\"><\/div>\n\t\t\t\t\t\t\t\t\t<\/a>\n\n\t\t\t<div class=\"textwidget\">\n\t\t\t\t\n\t\t\t\t\t\t\t\t\t<h5 class=\"sow-features-feature-title\">\n\t\t\t\t\t\t\t\t\t\t\t\t\t<a\n\t\t\t\t\t\t\t\thref=\"https:\/\/clinicadentariajardimdosarcos.pt\/fr\/contactaer-clinica-dentaria-jardim-dos-arcos\/\"\n\t\t\t\t\t\t\t\t\t\t\t\t\t\t\t>\n\t\t\t\t\t\t\tORTHODONTIE\t\t\t\t\t\t\t<\/a>\n\t\t\t\t\t\t\t\t\t\t\t\t<\/h5>\n\t\t\t\t\n\t\t\t\t\t\t\t<\/div>\n\t\t\t\t\t\t\t\t<\/li>\n\n\t\t\t<li\n\t\t\tclass=\"sow-features-feature sow-icon-container-position-top\"\n\t\t\tstyle=\"display: flex; flex-direction: column; width: calc(33.333% - 25px);\"\n\t\t>\n\t\t\t\n\t\t\t\t\t\t<a\t\t\t\tclass=\"sow-icon-container sow-container-none\"\n\t\t\t\tstyle=\"color: #72c1af; \"\n\t\t\t\ttitle=\"ORTHODONTIE DE L\u2019ENFANT\"\n\t\t\t\t\t\t\t\t\thref=\"https:\/\/clinicadentariajardimdosarcos.pt\/fr\/contactaer-clinica-dentaria-jardim-dos-arcos\/\"\n\t\t\t\t\t\t\t\t>\n\t\t\t\t\t\t\t\t\t\t<div class=\"sow-icon-image lazyload\" style=\"background-image:inherit; font-size: 24px\" data-bg-image=\"url(https:\/\/clinicadentariajardimdosarcos.pt\/wp-content\/uploads\/2019\/03\/odontopediatria-clinica-dentaria-jardim-dos-arcos-min-150x100.jpg)\"><\/div>\n\t\t\t\t\t\t\t\t\t<\/a>\n\n\t\t\t<div class=\"textwidget\">\n\t\t\t\t\n\t\t\t\t\t\t\t\t\t<h5 class=\"sow-features-feature-title\">\n\t\t\t\t\t\t\t\t\t\t\t\t\t<a\n\t\t\t\t\t\t\t\thref=\"https:\/\/clinicadentariajardimdosarcos.pt\/fr\/contactaer-clinica-dentaria-jardim-dos-arcos\/\"\n\t\t\t\t\t\t\t\t\t\t\t\t\t\t\t>\n\t\t\t\t\t\t\tORTHODONTIE DE L\u2019ENFANT\t\t\t\t\t\t\t<\/a>\n\t\t\t\t\t\t\t\t\t\t\t\t<\/h5>\n\t\t\t\t\n\t\t\t\t\t\t\t<\/div>\n\t\t\t\t\t\t\t\t<\/li>\n\n\t\t\t<li\n\t\t\tclass=\"sow-features-feature sow-icon-container-position-top\"\n\t\t\tstyle=\"display: flex; flex-direction: column; width: calc(33.333% - 25px);\"\n\t\t>\n\t\t\t\n\t\t\t\t\t\t<a\t\t\t\tclass=\"sow-icon-container sow-container-none\"\n\t\t\t\tstyle=\"color: #72c1af; \"\n\t\t\t\ttitle=\"CARGO IMMEDIAT\"\n\t\t\t\t\t\t\t\t\thref=\"https:\/\/clinicadentariajardimdosarcos.pt\/fr\/contactaer-clinica-dentaria-jardim-dos-arcos\/\"\n\t\t\t\t\t\t\t\t>\n\t\t\t\t\t\t\t\t\t\t<div class=\"sow-icon-image lazyload\" style=\"background-image:inherit; font-size: 24px\" data-bg-image=\"url(https:\/\/clinicadentariajardimdosarcos.pt\/wp-content\/uploads\/2019\/03\/periodontologia-clinica-denataria-jardim-dos-arcos-2-min-300x200.jpg)\"><\/div>\n\t\t\t\t\t\t\t\t\t<\/a>\n\n\t\t\t<div class=\"textwidget\">\n\t\t\t\t\n\t\t\t\t\t\t\t\t\t<h5 class=\"sow-features-feature-title\">\n\t\t\t\t\t\t\t\t\t\t\t\t\t<a\n\t\t\t\t\t\t\t\thref=\"https:\/\/clinicadentariajardimdosarcos.pt\/fr\/contactaer-clinica-dentaria-jardim-dos-arcos\/\"\n\t\t\t\t\t\t\t\t\t\t\t\t\t\t\t>\n\t\t\t\t\t\t\tCARGO IMMEDIAT\t\t\t\t\t\t\t<\/a>\n\t\t\t\t\t\t\t\t\t\t\t\t<\/h5>\n\t\t\t\t\n\t\t\t\t\t\t\t<\/div>\n\t\t\t\t\t\t\t\t<\/li>\n\n\t\t\t<li\n\t\t\tclass=\"sow-features-feature sow-icon-container-position-top\"\n\t\t\tstyle=\"display: flex; flex-direction: column; width: calc(33.333% - 25px);\"\n\t\t>\n\t\t\t\n\t\t\t\t\t\t<a\t\t\t\tclass=\"sow-icon-container sow-container-none\"\n\t\t\t\tstyle=\"color: #72c1af; \"\n\t\t\t\ttitle=\"HALITOSE\"\n\t\t\t\t\t\t\t\t\thref=\"https:\/\/clinicadentariajardimdosarcos.pt\/fr\/contactaer-clinica-dentaria-jardim-dos-arcos\/\"\n\t\t\t\t\t\t\t\t>\n\t\t\t\t\t\t\t\t\t\t<div class=\"sow-icon-image lazyload\" style=\"background-image:inherit; font-size: 24px\" data-bg-image=\"url(https:\/\/clinicadentariajardimdosarcos.pt\/wp-content\/uploads\/2018\/06\/halitosis.jpg)\"><\/div>\n\t\t\t\t\t\t\t\t\t<\/a>\n\n\t\t\t<div class=\"textwidget\">\n\t\t\t\t\n\t\t\t\t\t\t\t\t\t<h5 class=\"sow-features-feature-title\">\n\t\t\t\t\t\t\t\t\t\t\t\t\t<a\n\t\t\t\t\t\t\t\thref=\"https:\/\/clinicadentariajardimdosarcos.pt\/fr\/contactaer-clinica-dentaria-jardim-dos-arcos\/\"\n\t\t\t\t\t\t\t\t\t\t\t\t\t\t\t>\n\t\t\t\t\t\t\tHALITOSE\t\t\t\t\t\t\t<\/a>\n\t\t\t\t\t\t\t\t\t\t\t\t<\/h5>\n\t\t\t\t\n\t\t\t\t\t\t\t<\/div>\n\t\t\t\t\t\t\t\t<\/li>\n\n\t<\/ul>\n<\/div><\/div><\/div><\/div><div id=\"pg-7459-1\"  class=\"panel-grid panel-no-style\" ><div id=\"pgc-7459-1-0\"  class=\"panel-grid-cell panel-grid-cell-empty\" ><\/div><\/div><\/div>","protected":false},"excerpt":{"rendered":"<p>Traitements PROTH\u00c8SES ET IMPLANTS DENTAIRES PARODONTOLOGIE &nbsp; &nbsp; ENDODONTIQUE PROTH\u00c8SES FIXES: PONTS ET COURONNES ESTH\u00c9TIQUE DENTAIRE BLANCHIMENT ORTHODONTIE ORTHODONTIE DE L\u2019ENFANT CARGO IMMEDIAT HALITOSE<\/p>\n","protected":false},"author":2,"featured_media":0,"parent":0,"menu_order":2,"comment_status":"closed","ping_status":"closed","template":"","meta":{"site-sidebar-layout":"right-sidebar","site-content-layout":"boxed-container","ast-site-content-layout":"normal-width-container","site-content-style":"boxed","site-sidebar-style":"boxed","ast-global-header-display":"","ast-banner-title-visibility":"","ast-main-header-display":"","ast-hfb-above-header-display":"","ast-hfb-below-header-display":"","ast-hfb-mobile-header-display":"","site-post-title":"disabled","ast-breadcrumbs-content":"","ast-featured-img":"","footer-sml-layout":"","ast-disable-related-posts":"","theme-transparent-header-meta":"default","adv-header-id-meta":"","stick-header-meta":"","header-above-stick-meta":"","header-main-stick-meta":"","header-below-stick-meta":"","astra-migrate-meta-layouts":"default","ast-page-background-enabled":"default","ast-page-background-meta":{"desktop":{"background-color":"","background-image":"","background-repeat":"repeat","background-position":"center center","background-size":"auto","background-attachment":"scroll","background-type":"","background-media":"","overlay-type":"","overlay-color":"","overlay-opacity":"","overlay-gradient":""},"tablet":{"background-color":"","background-image":"","background-repeat":"repeat","background-position":"center center","background-size":"auto","background-attachment":"scroll","background-type":"","background-media":"","overlay-type":"","overlay-color":"","overlay-opacity":"","overlay-gradient":""},"mobile":{"background-color":"","background-image":"","background-repeat":"repeat","background-position":"center center","background-size":"auto","background-attachment":"scroll","background-type":"","background-media":"","overlay-type":"","overlay-color":"","overlay-opacity":"","overlay-gradient":""}},"ast-content-background-meta":{"desktop":{"background-color":"var(--ast-global-color-5)","background-image":"","background-repeat":"repeat","background-position":"center center","background-size":"auto","background-attachment":"scroll","background-type":"","background-media":"","overlay-type":"","overlay-color":"","overlay-opacity":"","overlay-gradient":""},"tablet":{"background-color":"var(--ast-global-color-5)","background-image":"","background-repeat":"repeat","background-position":"center center","background-size":"auto","background-attachment":"scroll","background-type":"","background-media":"","overlay-type":"","overlay-color":"","overlay-opacity":"","overlay-gradient":""},"mobile":{"background-color":"var(--ast-global-color-5)","background-image":"","background-repeat":"repeat","background-position":"center center","background-size":"auto","background-attachment":"scroll","background-type":"","background-media":"","overlay-type":"","overlay-color":"","overlay-opacity":"","overlay-gradient":""}},"footnotes":""},"class_list":["post-7459","page","type-page","status-publish","hentry"],"yoast_head":"<!-- This site is optimized with the Yoast SEO plugin v27.3 - https:\/\/yoast.com\/product\/yoast-seo-wordpress\/ -->\n<title>Traitements Dentaires | Cl\u00ednica Dent\u00e1ria Jardim dos Arcos<\/title>\n<meta name=\"description\" content=\"Traitements dentaires de la Cl\u00ednica Dent\u00e1ria Jardim dos Arcos: demandez-nous un devis sans engagement. Nous avons des accords avec les principaux assureurs.\" \/>\n<meta name=\"robots\" content=\"index, follow, max-snippet:-1, max-image-preview:large, max-video-preview:-1\" \/>\n<link rel=\"canonical\" href=\"https:\/\/clinicadentariajardimdosarcos.pt\/fr\/specialites\/\" \/>\n<meta property=\"og:locale\" content=\"fr_FR\" \/>\n<meta property=\"og:type\" content=\"article\" \/>\n<meta property=\"og:title\" content=\"Traitements Dentaires | Cl\u00ednica Dent\u00e1ria Jardim dos Arcos\" \/>\n<meta property=\"og:description\" content=\"Traitements dentaires de la Cl\u00ednica Dent\u00e1ria Jardim dos Arcos: demandez-nous un devis sans engagement. Nous avons des accords avec les principaux assureurs.\" \/>\n<meta property=\"og:url\" content=\"https:\/\/clinicadentariajardimdosarcos.pt\/fr\/specialites\/\" \/>\n<meta property=\"og:site_name\" content=\"Cl\u00ednica Dent\u00e1ria Jardim dos Arcos\" \/>\n<meta property=\"article:modified_time\" content=\"2019-03-28T17:33:22+00:00\" \/>\n<meta name=\"twitter:card\" content=\"summary_large_image\" \/>\n<script type=\"application\/ld+json\" class=\"yoast-schema-graph\">{\"@context\":\"https:\\\/\\\/schema.org\",\"@graph\":[{\"@type\":\"WebPage\",\"@id\":\"https:\\\/\\\/clinicadentariajardimdosarcos.pt\\\/fr\\\/specialites\\\/\",\"url\":\"https:\\\/\\\/clinicadentariajardimdosarcos.pt\\\/fr\\\/specialites\\\/\",\"name\":\"Traitements Dentaires | Cl\u00ednica Dent\u00e1ria Jardim dos Arcos\",\"isPartOf\":{\"@id\":\"https:\\\/\\\/clinicadentariajardimdosarcos.pt\\\/fr\\\/#website\"},\"datePublished\":\"2011-07-14T19:46:13+00:00\",\"dateModified\":\"2019-03-28T17:33:22+00:00\",\"description\":\"Traitements dentaires de la Cl\u00ednica Dent\u00e1ria Jardim dos Arcos: demandez-nous un devis sans engagement. Nous avons des accords avec les principaux assureurs.\",\"breadcrumb\":{\"@id\":\"https:\\\/\\\/clinicadentariajardimdosarcos.pt\\\/fr\\\/specialites\\\/#breadcrumb\"},\"inLanguage\":\"fr-FR\",\"potentialAction\":[{\"@type\":\"ReadAction\",\"target\":[\"https:\\\/\\\/clinicadentariajardimdosarcos.pt\\\/fr\\\/specialites\\\/\"]}]},{\"@type\":\"BreadcrumbList\",\"@id\":\"https:\\\/\\\/clinicadentariajardimdosarcos.pt\\\/fr\\\/specialites\\\/#breadcrumb\",\"itemListElement\":[{\"@type\":\"ListItem\",\"position\":1,\"name\":\"In\u00edcio\",\"item\":\"https:\\\/\\\/clinicadentariajardimdosarcos.pt\\\/fr\\\/\"},{\"@type\":\"ListItem\",\"position\":2,\"name\":\"Traitements\"}]},{\"@type\":\"WebSite\",\"@id\":\"https:\\\/\\\/clinicadentariajardimdosarcos.pt\\\/fr\\\/#website\",\"url\":\"https:\\\/\\\/clinicadentariajardimdosarcos.pt\\\/fr\\\/\",\"name\":\"Cl\u00ednica Dent\u00e1ria Jardim dos Arcos\",\"description\":\"O Seu Dentista em Pa\u00e7o de Arcos, Oeiras, Lisboa\",\"publisher\":{\"@id\":\"https:\\\/\\\/clinicadentariajardimdosarcos.pt\\\/fr\\\/#organization\"},\"potentialAction\":[{\"@type\":\"SearchAction\",\"target\":{\"@type\":\"EntryPoint\",\"urlTemplate\":\"https:\\\/\\\/clinicadentariajardimdosarcos.pt\\\/fr\\\/?s={search_term_string}\"},\"query-input\":{\"@type\":\"PropertyValueSpecification\",\"valueRequired\":true,\"valueName\":\"search_term_string\"}}],\"inLanguage\":\"fr-FR\"},{\"@type\":\"Organization\",\"@id\":\"https:\\\/\\\/clinicadentariajardimdosarcos.pt\\\/fr\\\/#organization\",\"name\":\"Cl\u00ednica Dent\u00e1ria Jardim dos Arcos\",\"url\":\"https:\\\/\\\/clinicadentariajardimdosarcos.pt\\\/fr\\\/\",\"logo\":{\"@type\":\"ImageObject\",\"inLanguage\":\"fr-FR\",\"@id\":\"https:\\\/\\\/clinicadentariajardimdosarcos.pt\\\/fr\\\/#\\\/schema\\\/logo\\\/image\\\/\",\"url\":\"https:\\\/\\\/clinicadentariajardimdosarcos.pt\\\/wp-content\\\/uploads\\\/2015\\\/02\\\/logo.png\",\"contentUrl\":\"https:\\\/\\\/clinicadentariajardimdosarcos.pt\\\/wp-content\\\/uploads\\\/2015\\\/02\\\/logo.png\",\"width\":182,\"height\":85,\"caption\":\"Cl\u00ednica Dent\u00e1ria Jardim dos Arcos\"},\"image\":{\"@id\":\"https:\\\/\\\/clinicadentariajardimdosarcos.pt\\\/fr\\\/#\\\/schema\\\/logo\\\/image\\\/\"}}]}<\/script>\n<!-- \/ Yoast SEO plugin. -->","yoast_head_json":{"title":"Traitements Dentaires | Cl\u00ednica Dent\u00e1ria Jardim dos Arcos","description":"Traitements dentaires de la Cl\u00ednica Dent\u00e1ria Jardim dos Arcos: demandez-nous un devis sans engagement. Nous avons des accords avec les principaux assureurs.","robots":{"index":"index","follow":"follow","max-snippet":"max-snippet:-1","max-image-preview":"max-image-preview:large","max-video-preview":"max-video-preview:-1"},"canonical":"https:\/\/clinicadentariajardimdosarcos.pt\/fr\/specialites\/","og_locale":"fr_FR","og_type":"article","og_title":"Traitements Dentaires | Cl\u00ednica Dent\u00e1ria Jardim dos Arcos","og_description":"Traitements dentaires de la Cl\u00ednica Dent\u00e1ria Jardim dos Arcos: demandez-nous un devis sans engagement. Nous avons des accords avec les principaux assureurs.","og_url":"https:\/\/clinicadentariajardimdosarcos.pt\/fr\/specialites\/","og_site_name":"Cl\u00ednica Dent\u00e1ria Jardim dos Arcos","article_modified_time":"2019-03-28T17:33:22+00:00","twitter_card":"summary_large_image","schema":{"@context":"https:\/\/schema.org","@graph":[{"@type":"WebPage","@id":"https:\/\/clinicadentariajardimdosarcos.pt\/fr\/specialites\/","url":"https:\/\/clinicadentariajardimdosarcos.pt\/fr\/specialites\/","name":"Traitements Dentaires | Cl\u00ednica Dent\u00e1ria Jardim dos Arcos","isPartOf":{"@id":"https:\/\/clinicadentariajardimdosarcos.pt\/fr\/#website"},"datePublished":"2011-07-14T19:46:13+00:00","dateModified":"2019-03-28T17:33:22+00:00","description":"Traitements dentaires de la Cl\u00ednica Dent\u00e1ria Jardim dos Arcos: demandez-nous un devis sans engagement. Nous avons des accords avec les principaux assureurs.","breadcrumb":{"@id":"https:\/\/clinicadentariajardimdosarcos.pt\/fr\/specialites\/#breadcrumb"},"inLanguage":"fr-FR","potentialAction":[{"@type":"ReadAction","target":["https:\/\/clinicadentariajardimdosarcos.pt\/fr\/specialites\/"]}]},{"@type":"BreadcrumbList","@id":"https:\/\/clinicadentariajardimdosarcos.pt\/fr\/specialites\/#breadcrumb","itemListElement":[{"@type":"ListItem","position":1,"name":"In\u00edcio","item":"https:\/\/clinicadentariajardimdosarcos.pt\/fr\/"},{"@type":"ListItem","position":2,"name":"Traitements"}]},{"@type":"WebSite","@id":"https:\/\/clinicadentariajardimdosarcos.pt\/fr\/#website","url":"https:\/\/clinicadentariajardimdosarcos.pt\/fr\/","name":"Cl\u00ednica Dent\u00e1ria Jardim dos Arcos","description":"O Seu Dentista em Pa\u00e7o de Arcos, Oeiras, Lisboa","publisher":{"@id":"https:\/\/clinicadentariajardimdosarcos.pt\/fr\/#organization"},"potentialAction":[{"@type":"SearchAction","target":{"@type":"EntryPoint","urlTemplate":"https:\/\/clinicadentariajardimdosarcos.pt\/fr\/?s={search_term_string}"},"query-input":{"@type":"PropertyValueSpecification","valueRequired":true,"valueName":"search_term_string"}}],"inLanguage":"fr-FR"},{"@type":"Organization","@id":"https:\/\/clinicadentariajardimdosarcos.pt\/fr\/#organization","name":"Cl\u00ednica Dent\u00e1ria Jardim dos Arcos","url":"https:\/\/clinicadentariajardimdosarcos.pt\/fr\/","logo":{"@type":"ImageObject","inLanguage":"fr-FR","@id":"https:\/\/clinicadentariajardimdosarcos.pt\/fr\/#\/schema\/logo\/image\/","url":"https:\/\/clinicadentariajardimdosarcos.pt\/wp-content\/uploads\/2015\/02\/logo.png","contentUrl":"https:\/\/clinicadentariajardimdosarcos.pt\/wp-content\/uploads\/2015\/02\/logo.png","width":182,"height":85,"caption":"Cl\u00ednica Dent\u00e1ria Jardim dos Arcos"},"image":{"@id":"https:\/\/clinicadentariajardimdosarcos.pt\/fr\/#\/schema\/logo\/image\/"}}]}},"_links":{"self":[{"href":"https:\/\/clinicadentariajardimdosarcos.pt\/fr\/wp-json\/wp\/v2\/pages\/7459","targetHints":{"allow":["GET"]}}],"collection":[{"href":"https:\/\/clinicadentariajardimdosarcos.pt\/fr\/wp-json\/wp\/v2\/pages"}],"about":[{"href":"https:\/\/clinicadentariajardimdosarcos.pt\/fr\/wp-json\/wp\/v2\/types\/page"}],"author":[{"embeddable":true,"href":"https:\/\/clinicadentariajardimdosarcos.pt\/fr\/wp-json\/wp\/v2\/users\/2"}],"replies":[{"embeddable":true,"href":"https:\/\/clinicadentariajardimdosarcos.pt\/fr\/wp-json\/wp\/v2\/comments?post=7459"}],"version-history":[{"count":0,"href":"https:\/\/clinicadentariajardimdosarcos.pt\/fr\/wp-json\/wp\/v2\/pages\/7459\/revisions"}],"wp:attachment":[{"href":"https:\/\/clinicadentariajardimdosarcos.pt\/fr\/wp-json\/wp\/v2\/media?parent=7459"}],"curies":[{"name":"wp","href":"https:\/\/api.w.org\/{rel}","templated":true}]}}