{"id":7556,"date":"2019-03-27T17:45:23","date_gmt":"2019-03-27T16:45:23","guid":{"rendered":"https:\/\/clinicadentariajardimdosarcos.pt\/?page_id=7556"},"modified":"2019-03-27T18:20:54","modified_gmt":"2019-03-27T17:20:54","slug":"articles-de-la-presse","status":"publish","type":"page","link":"https:\/\/clinicadentariajardimdosarcos.pt\/fr\/articles-de-la-presse\/","title":{"rendered":"Presse"},"content":{"rendered":"<p><a href=\"https:\/\/clinicadentariajardimdosarcos.pt\/wp-content\/uploads\/2015\/03\/Herpes-Labial.png\">Ler Artigo: Herpes Labial<\/a><br \/>\n<a href=\"https:\/\/clinicadentariajardimdosarcos.pt\/wp-content\/uploads\/2015\/03\/Herpes-Labial.png\"><img decoding=\"async\" class=\"alignleft size-full wp-image-3374 lazyload\" data-src=\"https:\/\/clinicadentariajardimdosarcos.pt\/wp-content\/uploads\/2015\/03\/Herpes-Labial.png\" alt=\"Herpes Labial, artigo de Imprensa da Cl\u00ednica Dent\u00e1ria Jardim dos Arcos\" width=\"767\" height=\"523\" src=\"data:image\/svg+xml;base64,PHN2ZyB3aWR0aD0iMSIgaGVpZ2h0PSIxIiB4bWxucz0iaHR0cDovL3d3dy53My5vcmcvMjAwMC9zdmciPjwvc3ZnPg==\" style=\"--smush-placeholder-width: 767px; --smush-placeholder-aspect-ratio: 767\/523;\"><\/a><\/p>\n<p>&nbsp;<\/p>\n<p><a href=\"https:\/\/clinicadentariajardimdosarcos.pt\/wp-content\/uploads\/2015\/03\/Sindrome-de-Ardor-bucal.pdf\">Ler Artigo: Sindrome de Ardor Bucal<\/a><br \/>\n<a href=\"https:\/\/clinicadentariajardimdosarcos.pt\/clinica\/wp-content\/uploads\/2014\/03\/Ardor-Bucal.png\"><img decoding=\"async\" class=\"alignleft size-full wp-image-3375 lazyload\" data-src=\"https:\/\/clinicadentariajardimdosarcos.pt\/wp-content\/uploads\/2015\/03\/Ardor-Bucal.png\" alt=\"Ardor Bucal, artigo de Imprensa da Cl\u00ednica Dent\u00e1ria Jardim dos Arcos\" width=\"767\" height=\"525\" src=\"data:image\/svg+xml;base64,PHN2ZyB3aWR0aD0iMSIgaGVpZ2h0PSIxIiB4bWxucz0iaHR0cDovL3d3dy53My5vcmcvMjAwMC9zdmciPjwvc3ZnPg==\" style=\"--smush-placeholder-width: 767px; --smush-placeholder-aspect-ratio: 767\/525;\"><\/a><\/p>\n<p>&nbsp;<\/p>\n<p><a href=\"https:\/\/clinicadentariajardimdosarcos.pt\/wp-content\/uploads\/2015\/03\/Halitose.pdf\">Ler Artigo: Halitose<\/a><br \/>\n<a href=\"https:\/\/clinicadentariajardimdosarcos.pt\/clinica\/wp-content\/uploads\/2014\/03\/Halitose.png\"><img decoding=\"async\" class=\"alignleft size-full wp-image-3376 lazyload\" data-src=\"https:\/\/clinicadentariajardimdosarcos.pt\/wp-content\/uploads\/2015\/03\/Halitose.png\" alt=\"Halitose, artigo de Imprensa da Cl\u00ednica Dent\u00e1ria Jardim dos Arcos\" width=\"767\" height=\"350\" src=\"data:image\/svg+xml;base64,PHN2ZyB3aWR0aD0iMSIgaGVpZ2h0PSIxIiB4bWxucz0iaHR0cDovL3d3dy53My5vcmcvMjAwMC9zdmciPjwvc3ZnPg==\" style=\"--smush-placeholder-width: 767px; --smush-placeholder-aspect-ratio: 767\/350;\"><\/a><\/p>\n<p>&nbsp;<\/p>\n<p><a href=\"https:\/\/clinicadentariajardimdosarcos.pt\/wp-content\/uploads\/2015\/03\/diagnosticos-cruzados1.pdf\">Ler Artigo: Diagnosticos Cruzados I<\/a><br \/>\n<a href=\"https:\/\/clinicadentariajardimdosarcos.pt\/wp-content\/uploads\/2015\/03\/diagnosticos-cruzados2.pdf\">Ler Artigo: Diagnosticos Cruzados II<\/a><br \/>\n<a href=\"https:\/\/clinicadentariajardimdosarcos.pt\/wp-content\/uploads\/2015\/03\/diagnosticos-cruzados1.png\"><img decoding=\"async\" class=\"alignleft size-full wp-image-3387 lazyload\" data-src=\"https:\/\/clinicadentariajardimdosarcos.pt\/wp-content\/uploads\/2015\/03\/diagnosticos-cruzados1.png\" alt=\"Diagnosticos Cruzados, artigo de Imprensa da Cl\u00ednica Dent\u00e1ria Jardim dos Arcos\" width=\"767\" height=\"557\" src=\"data:image\/svg+xml;base64,PHN2ZyB3aWR0aD0iMSIgaGVpZ2h0PSIxIiB4bWxucz0iaHR0cDovL3d3dy53My5vcmcvMjAwMC9zdmciPjwvc3ZnPg==\" style=\"--smush-placeholder-width: 767px; --smush-placeholder-aspect-ratio: 767\/557;\"><\/a><\/p>\n","protected":false},"excerpt":{"rendered":"<p>Ler Artigo: Herpes Labial &nbsp; Ler Artigo: Sindrome de Ardor Bucal &nbsp; Ler Artigo: Halitose &nbsp; Ler Artigo: Diagnosticos Cruzados I Ler Artigo: Diagnosticos Cruzados II<\/p>\n","protected":false},"author":1,"featured_media":0,"parent":0,"menu_order":0,"comment_status":"closed","ping_status":"closed","template":"","meta":{"site-sidebar-layout":"default","site-content-layout":"default","ast-site-content-layout":"default","site-content-style":"default","site-sidebar-style":"default","ast-global-header-display":"","ast-banner-title-visibility":"","ast-main-header-display":"","ast-hfb-above-header-display":"","ast-hfb-below-header-display":"","ast-hfb-mobile-header-display":"","site-post-title":"","ast-breadcrumbs-content":"","ast-featured-img":"","footer-sml-layout":"","ast-disable-related-posts":"","theme-transparent-header-meta":"default","adv-header-id-meta":"","stick-header-meta":"","header-above-stick-meta":"","header-main-stick-meta":"","header-below-stick-meta":"","astra-migrate-meta-layouts":"default","ast-page-background-enabled":"default","ast-page-background-meta":{"desktop":{"background-color":"","background-image":"","background-repeat":"repeat","background-position":"center center","background-size":"auto","background-attachment":"scroll","background-type":"","background-media":"","overlay-type":"","overlay-color":"","overlay-opacity":"","overlay-gradient":""},"tablet":{"background-color":"","background-image":"","background-repeat":"repeat","background-position":"center center","background-size":"auto","background-attachment":"scroll","background-type":"","background-media":"","overlay-type":"","overlay-color":"","overlay-opacity":"","overlay-gradient":""},"mobile":{"background-color":"","background-image":"","background-repeat":"repeat","background-position":"center center","background-size":"auto","background-attachment":"scroll","background-type":"","background-media":"","overlay-type":"","overlay-color":"","overlay-opacity":"","overlay-gradient":""}},"ast-content-background-meta":{"desktop":{"background-color":"var(--ast-global-color-5)","background-image":"","background-repeat":"repeat","background-position":"center center","background-size":"auto","background-attachment":"scroll","background-type":"","background-media":"","overlay-type":"","overlay-color":"","overlay-opacity":"","overlay-gradient":""},"tablet":{"background-color":"var(--ast-global-color-5)","background-image":"","background-repeat":"repeat","background-position":"center center","background-size":"auto","background-attachment":"scroll","background-type":"","background-media":"","overlay-type":"","overlay-color":"","overlay-opacity":"","overlay-gradient":""},"mobile":{"background-color":"var(--ast-global-color-5)","background-image":"","background-repeat":"repeat","background-position":"center center","background-size":"auto","background-attachment":"scroll","background-type":"","background-media":"","overlay-type":"","overlay-color":"","overlay-opacity":"","overlay-gradient":""}},"footnotes":""},"class_list":["post-7556","page","type-page","status-publish","hentry"],"yoast_head":"<!-- This site is optimized with the Yoast SEO plugin v27.3 - https:\/\/yoast.com\/product\/yoast-seo-wordpress\/ -->\n<title>Presse - Cl\u00ednica Dent\u00e1ria Jardim dos Arcos<\/title>\n<meta name=\"robots\" content=\"index, follow, max-snippet:-1, max-image-preview:large, max-video-preview:-1\" \/>\n<link rel=\"canonical\" href=\"https:\/\/clinicadentariajardimdosarcos.pt\/fr\/articles-de-la-presse\/\" \/>\n<meta property=\"og:locale\" content=\"fr_FR\" \/>\n<meta property=\"og:type\" content=\"article\" \/>\n<meta property=\"og:title\" content=\"Presse - Cl\u00ednica Dent\u00e1ria Jardim dos Arcos\" \/>\n<meta property=\"og:description\" content=\"Ler Artigo: Herpes Labial &nbsp; Ler Artigo: Sindrome de Ardor Bucal &nbsp; Ler Artigo: Halitose &nbsp; Ler Artigo: Diagnosticos Cruzados I Ler Artigo: Diagnosticos Cruzados II\" \/>\n<meta property=\"og:url\" content=\"https:\/\/clinicadentariajardimdosarcos.pt\/fr\/articles-de-la-presse\/\" \/>\n<meta property=\"og:site_name\" content=\"Cl\u00ednica Dent\u00e1ria Jardim dos Arcos\" \/>\n<meta property=\"article:modified_time\" content=\"2019-03-27T17:20:54+00:00\" \/>\n<meta property=\"og:image\" content=\"https:\/\/clinicadentariajardimdosarcos.pt\/wp-content\/uploads\/2015\/03\/Herpes-Labial.png\" \/>\n<meta name=\"twitter:card\" content=\"summary_large_image\" \/>\n<script type=\"application\/ld+json\" class=\"yoast-schema-graph\">{\"@context\":\"https:\\\/\\\/schema.org\",\"@graph\":[{\"@type\":\"WebPage\",\"@id\":\"https:\\\/\\\/clinicadentariajardimdosarcos.pt\\\/fr\\\/articles-de-la-presse\\\/\",\"url\":\"https:\\\/\\\/clinicadentariajardimdosarcos.pt\\\/fr\\\/articles-de-la-presse\\\/\",\"name\":\"Presse - Cl\u00ednica Dent\u00e1ria Jardim dos Arcos\",\"isPartOf\":{\"@id\":\"https:\\\/\\\/clinicadentariajardimdosarcos.pt\\\/fr\\\/#website\"},\"primaryImageOfPage\":{\"@id\":\"https:\\\/\\\/clinicadentariajardimdosarcos.pt\\\/fr\\\/articles-de-la-presse\\\/#primaryimage\"},\"image\":{\"@id\":\"https:\\\/\\\/clinicadentariajardimdosarcos.pt\\\/fr\\\/articles-de-la-presse\\\/#primaryimage\"},\"thumbnailUrl\":\"https:\\\/\\\/clinicadentariajardimdosarcos.pt\\\/wp-content\\\/uploads\\\/2015\\\/03\\\/Herpes-Labial.png\",\"datePublished\":\"2019-03-27T16:45:23+00:00\",\"dateModified\":\"2019-03-27T17:20:54+00:00\",\"breadcrumb\":{\"@id\":\"https:\\\/\\\/clinicadentariajardimdosarcos.pt\\\/fr\\\/articles-de-la-presse\\\/#breadcrumb\"},\"inLanguage\":\"fr-FR\",\"potentialAction\":[{\"@type\":\"ReadAction\",\"target\":[\"https:\\\/\\\/clinicadentariajardimdosarcos.pt\\\/fr\\\/articles-de-la-presse\\\/\"]}]},{\"@type\":\"ImageObject\",\"inLanguage\":\"fr-FR\",\"@id\":\"https:\\\/\\\/clinicadentariajardimdosarcos.pt\\\/fr\\\/articles-de-la-presse\\\/#primaryimage\",\"url\":\"https:\\\/\\\/clinicadentariajardimdosarcos.pt\\\/wp-content\\\/uploads\\\/2015\\\/03\\\/Herpes-Labial.png\",\"contentUrl\":\"https:\\\/\\\/clinicadentariajardimdosarcos.pt\\\/wp-content\\\/uploads\\\/2015\\\/03\\\/Herpes-Labial.png\"},{\"@type\":\"BreadcrumbList\",\"@id\":\"https:\\\/\\\/clinicadentariajardimdosarcos.pt\\\/fr\\\/articles-de-la-presse\\\/#breadcrumb\",\"itemListElement\":[{\"@type\":\"ListItem\",\"position\":1,\"name\":\"In\u00edcio\",\"item\":\"https:\\\/\\\/clinicadentariajardimdosarcos.pt\\\/fr\\\/\"},{\"@type\":\"ListItem\",\"position\":2,\"name\":\"Presse\"}]},{\"@type\":\"WebSite\",\"@id\":\"https:\\\/\\\/clinicadentariajardimdosarcos.pt\\\/fr\\\/#website\",\"url\":\"https:\\\/\\\/clinicadentariajardimdosarcos.pt\\\/fr\\\/\",\"name\":\"Cl\u00ednica Dent\u00e1ria Jardim dos Arcos\",\"description\":\"O Seu Dentista em Pa\u00e7o de Arcos, Oeiras, Lisboa\",\"publisher\":{\"@id\":\"https:\\\/\\\/clinicadentariajardimdosarcos.pt\\\/fr\\\/#organization\"},\"potentialAction\":[{\"@type\":\"SearchAction\",\"target\":{\"@type\":\"EntryPoint\",\"urlTemplate\":\"https:\\\/\\\/clinicadentariajardimdosarcos.pt\\\/fr\\\/?s={search_term_string}\"},\"query-input\":{\"@type\":\"PropertyValueSpecification\",\"valueRequired\":true,\"valueName\":\"search_term_string\"}}],\"inLanguage\":\"fr-FR\"},{\"@type\":\"Organization\",\"@id\":\"https:\\\/\\\/clinicadentariajardimdosarcos.pt\\\/fr\\\/#organization\",\"name\":\"Cl\u00ednica Dent\u00e1ria Jardim dos Arcos\",\"url\":\"https:\\\/\\\/clinicadentariajardimdosarcos.pt\\\/fr\\\/\",\"logo\":{\"@type\":\"ImageObject\",\"inLanguage\":\"fr-FR\",\"@id\":\"https:\\\/\\\/clinicadentariajardimdosarcos.pt\\\/fr\\\/#\\\/schema\\\/logo\\\/image\\\/\",\"url\":\"https:\\\/\\\/clinicadentariajardimdosarcos.pt\\\/wp-content\\\/uploads\\\/2015\\\/02\\\/logo.png\",\"contentUrl\":\"https:\\\/\\\/clinicadentariajardimdosarcos.pt\\\/wp-content\\\/uploads\\\/2015\\\/02\\\/logo.png\",\"width\":182,\"height\":85,\"caption\":\"Cl\u00ednica Dent\u00e1ria Jardim dos Arcos\"},\"image\":{\"@id\":\"https:\\\/\\\/clinicadentariajardimdosarcos.pt\\\/fr\\\/#\\\/schema\\\/logo\\\/image\\\/\"}}]}<\/script>\n<!-- \/ Yoast SEO plugin. -->","yoast_head_json":{"title":"Presse - Cl\u00ednica Dent\u00e1ria Jardim dos Arcos","robots":{"index":"index","follow":"follow","max-snippet":"max-snippet:-1","max-image-preview":"max-image-preview:large","max-video-preview":"max-video-preview:-1"},"canonical":"https:\/\/clinicadentariajardimdosarcos.pt\/fr\/articles-de-la-presse\/","og_locale":"fr_FR","og_type":"article","og_title":"Presse - Cl\u00ednica Dent\u00e1ria Jardim dos Arcos","og_description":"Ler Artigo: Herpes Labial &nbsp; Ler Artigo: Sindrome de Ardor Bucal &nbsp; Ler Artigo: Halitose &nbsp; Ler Artigo: Diagnosticos Cruzados I Ler Artigo: Diagnosticos Cruzados II","og_url":"https:\/\/clinicadentariajardimdosarcos.pt\/fr\/articles-de-la-presse\/","og_site_name":"Cl\u00ednica Dent\u00e1ria Jardim dos Arcos","article_modified_time":"2019-03-27T17:20:54+00:00","og_image":[{"url":"https:\/\/clinicadentariajardimdosarcos.pt\/wp-content\/uploads\/2015\/03\/Herpes-Labial.png","type":"","width":"","height":""}],"twitter_card":"summary_large_image","schema":{"@context":"https:\/\/schema.org","@graph":[{"@type":"WebPage","@id":"https:\/\/clinicadentariajardimdosarcos.pt\/fr\/articles-de-la-presse\/","url":"https:\/\/clinicadentariajardimdosarcos.pt\/fr\/articles-de-la-presse\/","name":"Presse - Cl\u00ednica Dent\u00e1ria Jardim dos Arcos","isPartOf":{"@id":"https:\/\/clinicadentariajardimdosarcos.pt\/fr\/#website"},"primaryImageOfPage":{"@id":"https:\/\/clinicadentariajardimdosarcos.pt\/fr\/articles-de-la-presse\/#primaryimage"},"image":{"@id":"https:\/\/clinicadentariajardimdosarcos.pt\/fr\/articles-de-la-presse\/#primaryimage"},"thumbnailUrl":"https:\/\/clinicadentariajardimdosarcos.pt\/wp-content\/uploads\/2015\/03\/Herpes-Labial.png","datePublished":"2019-03-27T16:45:23+00:00","dateModified":"2019-03-27T17:20:54+00:00","breadcrumb":{"@id":"https:\/\/clinicadentariajardimdosarcos.pt\/fr\/articles-de-la-presse\/#breadcrumb"},"inLanguage":"fr-FR","potentialAction":[{"@type":"ReadAction","target":["https:\/\/clinicadentariajardimdosarcos.pt\/fr\/articles-de-la-presse\/"]}]},{"@type":"ImageObject","inLanguage":"fr-FR","@id":"https:\/\/clinicadentariajardimdosarcos.pt\/fr\/articles-de-la-presse\/#primaryimage","url":"https:\/\/clinicadentariajardimdosarcos.pt\/wp-content\/uploads\/2015\/03\/Herpes-Labial.png","contentUrl":"https:\/\/clinicadentariajardimdosarcos.pt\/wp-content\/uploads\/2015\/03\/Herpes-Labial.png"},{"@type":"BreadcrumbList","@id":"https:\/\/clinicadentariajardimdosarcos.pt\/fr\/articles-de-la-presse\/#breadcrumb","itemListElement":[{"@type":"ListItem","position":1,"name":"In\u00edcio","item":"https:\/\/clinicadentariajardimdosarcos.pt\/fr\/"},{"@type":"ListItem","position":2,"name":"Presse"}]},{"@type":"WebSite","@id":"https:\/\/clinicadentariajardimdosarcos.pt\/fr\/#website","url":"https:\/\/clinicadentariajardimdosarcos.pt\/fr\/","name":"Cl\u00ednica Dent\u00e1ria Jardim dos Arcos","description":"O Seu Dentista em Pa\u00e7o de Arcos, Oeiras, Lisboa","publisher":{"@id":"https:\/\/clinicadentariajardimdosarcos.pt\/fr\/#organization"},"potentialAction":[{"@type":"SearchAction","target":{"@type":"EntryPoint","urlTemplate":"https:\/\/clinicadentariajardimdosarcos.pt\/fr\/?s={search_term_string}"},"query-input":{"@type":"PropertyValueSpecification","valueRequired":true,"valueName":"search_term_string"}}],"inLanguage":"fr-FR"},{"@type":"Organization","@id":"https:\/\/clinicadentariajardimdosarcos.pt\/fr\/#organization","name":"Cl\u00ednica Dent\u00e1ria Jardim dos Arcos","url":"https:\/\/clinicadentariajardimdosarcos.pt\/fr\/","logo":{"@type":"ImageObject","inLanguage":"fr-FR","@id":"https:\/\/clinicadentariajardimdosarcos.pt\/fr\/#\/schema\/logo\/image\/","url":"https:\/\/clinicadentariajardimdosarcos.pt\/wp-content\/uploads\/2015\/02\/logo.png","contentUrl":"https:\/\/clinicadentariajardimdosarcos.pt\/wp-content\/uploads\/2015\/02\/logo.png","width":182,"height":85,"caption":"Cl\u00ednica Dent\u00e1ria Jardim dos Arcos"},"image":{"@id":"https:\/\/clinicadentariajardimdosarcos.pt\/fr\/#\/schema\/logo\/image\/"}}]}},"_links":{"self":[{"href":"https:\/\/clinicadentariajardimdosarcos.pt\/fr\/wp-json\/wp\/v2\/pages\/7556","targetHints":{"allow":["GET"]}}],"collection":[{"href":"https:\/\/clinicadentariajardimdosarcos.pt\/fr\/wp-json\/wp\/v2\/pages"}],"about":[{"href":"https:\/\/clinicadentariajardimdosarcos.pt\/fr\/wp-json\/wp\/v2\/types\/page"}],"author":[{"embeddable":true,"href":"https:\/\/clinicadentariajardimdosarcos.pt\/fr\/wp-json\/wp\/v2\/users\/1"}],"replies":[{"embeddable":true,"href":"https:\/\/clinicadentariajardimdosarcos.pt\/fr\/wp-json\/wp\/v2\/comments?post=7556"}],"version-history":[{"count":0,"href":"https:\/\/clinicadentariajardimdosarcos.pt\/fr\/wp-json\/wp\/v2\/pages\/7556\/revisions"}],"wp:attachment":[{"href":"https:\/\/clinicadentariajardimdosarcos.pt\/fr\/wp-json\/wp\/v2\/media?parent=7556"}],"curies":[{"name":"wp","href":"https:\/\/api.w.org\/{rel}","templated":true}]}}